{"id":1688,"date":"2001-11-05T08:52:37","date_gmt":"2001-11-05T06:52:37","guid":{"rendered":"http:\/\/prevencion.zeus.umh.es\/2001\/11\/05\/manual-directamente-consultable-manual\/"},"modified":"2021-01-16T10:52:22","modified_gmt":"2021-01-16T09:52:22","slug":"manual-directamente-consultable-manual","status":"publish","type":"page","link":"https:\/\/prevencion.umh.es\/ca\/plan-de-emergencia\/manual-de-autoproteccion\/manual-directamente-consultable-manual\/","title":{"rendered":"Manual d&#8217; Autoprotecci\u00f3 (directament consultable)."},"content":{"rendered":"<p><\/p>\n<p><p><strong>MANUAL DE AUTOPROTECCI\u00d3N<\/strong><\/p>\n<ul><a><\/a><br \/>\nINDICE<\/ul>\n<p>1. <a href=\"blank\"><span style=\"text-decoration: underline\">OBJETIVO Y FINALIDAD<\/span><\/a><\/p>\n<p>2. <a href=\"blank\"><span style=\"text-decoration: underline\">PROCEDIMIENTOS GENERALES DE ACTUACI\u00d3N<\/span><\/a><br \/>\n2.1 <a href=\"blank\"><span style=\"text-decoration: underline\">EN CASO DE INCENDIO<\/span><\/a><br \/>\n2.2 <a href=\"blank\"><span style=\"text-decoration: underline\">EN CASO DE ACCIDENTE CON LESIONES PERSONALES\/ENFERMEDAD<\/span><\/a><br \/>\n2.3 <a href=\"blank\"><span style=\"text-decoration: underline\">EN CASO DE AMENAZAS DE BOMBA<\/span><\/a><br \/>\n2.4 <a href=\"blank\"><span style=\"text-decoration: underline\">EN CASO DE CAT\u00c1STROFES NATURALES<\/span><\/a><br \/>\n2.5 <a href=\"blank\"><span style=\"text-decoration: underline\">EN CASO DE DERRAME DE PRODUCTOS QU\u00cdMICOS, FUGAS DE GASES, PRODUCTOS T\u00d3XICOS O MATERIAL RADIOACTIVO<\/span><\/a><br \/>\n2.6 <a href=\"blank\"><span style=\"text-decoration: underline\">EN CASO DE AMENAZA PARA LA INTEGRIDAD PERSONAL, HURTO, VANDALISMO O DISTURBIOS POR GRUPOS DE PRESI\u00d3N AJENOS<\/span><\/a><br \/>\n2.7 <a href=\"blank\"><span style=\"text-decoration: underline\">EN CASO DE DESORDEN P\u00daBLICO O INTERRUPCI\u00d3N INHABITUAL DE ACTIVIDADES DOCENTES<\/span><\/a><\/p>\n<p>3. <a href=\"blank\"><span style=\"text-decoration: underline\">PROCEDIMIENTOS ESPEC\u00cdFICOS DE ACTUACI\u00d3N SEG\u00daN PLANES DE DEPARTAMENTOS, PLANES DE EMERGENCIA DE EDIFICIOS O PLANES DE EMERGENCIA DE CAMPUS<\/span><\/a><\/p>\n<p>4 <a href=\"blank\"><span style=\"text-decoration: underline\">REVISI\u00d3N DEL MANUAL.<\/span><\/a><\/p>\n<p><em>* documento realizado por el Servicio de Prevenci\u00f3n de la UMH y de la mutua ASEPEYO.<\/em>\u00a0<\/p>\n<p>\u00a0<br \/>\n\u00a0<br \/>\n\u00a0<\/p>\n<p><strong><\/strong><a><strong>1.-<\/strong><\/a><strong><\/strong><strong><span style=\"text-decoration: underline\"> OBJETIVO Y FINALIDAD<\/span><\/strong><\/p>\n<ul>\n<li>\u00a0\n<ul>\n<li>\u00a0\n<ul>\n<li>\u00a0\n<ul>Las personas (empleados, alumnos y visitantes)Las propias instalacionesLa continuidad de las actividades\u00a0<\/ul>\n<\/li>\n<\/ul>\n<\/li>\n<\/ul>\n<ul>\n<li>\u00a0\n<ul>\n<li>\u00a0\n<ul>Una r\u00e1pida evacuaci\u00f3n del sectorEl control de la emergencia.La limitaci\u00f3n de los da\u00f1os materiales\u00a0<\/p>\n<p><a href=\"blank\"><em><\/em><em><span style=\"text-decoration: underline\">Inicio<\/span><\/em><\/a><em><\/em><em>\u00a0<\/em><br \/>\n\u00a0<\/ul>\n<\/li>\n<\/ul>\n<\/li>\n<\/ul>\n<\/li>\n<p>El manual de autoprotecci\u00f3n tiene como objetivo informar de las normas de actuaci\u00f3n a seguir por parte de cualquier persona relacionada con la Universidad Miguel Hern\u00e1ndez, de forma que cualquier situaci\u00f3n de emergencia que se produzca tenga una incidencia m\u00ednima o nula sobre:<\/p>\n<p>En consecuencia, este manual de autoprotecci\u00f3n es un extracto del manual de medidas de emergencia, donde se establecen los correspondientes procedimientos y donde se determina la coordinaci\u00f3n, en tiempo y lugar de la emergencia, de las personas afectadas y de los medios de protecci\u00f3n existentes de tal manera que se empleen eficazmente para lograr, seg\u00fan la emergencia:<\/ul>\n<p><strong><\/strong><a><strong><\/strong><\/a><\/p>\n<p><strong>2.-<\/strong><strong><\/strong><strong><span style=\"text-decoration: underline\"> PROCEDIMIENTOS GENERALES DE ACTUACI\u00d3N<\/span><\/strong><\/p>\n<p>\u00a0<\/p>\n<ul>\n<li>\u00a0\n<ul>\n<li>CUALQUIER PERSONA QUE DESCUBRA EL COMIENZO DE UN INCENDIO:\n<ul>\n<li>\u00a0\n<ul>\n<li>\u00a0\n<ul>QUI\u00c9N informaQU\u00c9 OCURRED\u00d3NDE ocurre<\/ul>\n<\/li>\n<\/ul>\n<\/li>\n<p>Personalmente a compa\u00f1eros o jefes para que la transmitan de inmediato al centro de control de comunicaciones, conserjer\u00eda o central de informaci\u00f3n (tel\u00e9fono multiservicio).<\/p>\n<p>Por el tel\u00e9fono m\u00e1s cercano, indicando en este caso:<\/p>\n<p>asegur\u00e1ndose que su mensaje ha sido recibido correctamente.<\/p>\n<p>Accionando el pulsador de alarma m\u00e1s pr\u00f3ximo, si se disponen, o cualquier otro medio de alarma disponible.<\/ul>\n<\/li>\n<p>Dar\u00e1 la alarma por el medio m\u00e1s r\u00e1pido a su alcance:<\/p>\n<p>Seguidamente, si sabe manejar un extintor, tratar\u00e1 de apagar el fuego usando los extintores de incendio que se encuentren a su alcance.<\/p>\n<p>Si no sabe manejar un extintor, evacuar\u00e1 la zona de peligro, cerrando las puertas que atraviese, informando al Centro de Control de Comunicaciones conserjer\u00eda o central de informaci\u00f3n (tel\u00e9fono multiservicio), de lo que ocurre.<\/p>\n<p>\u00a0<\/p>\n<li>MANTENDR\u00c1 LA CALMA EN TODO MOMENTO, NO CORRIENDO, NI GRITANDO, PARA NO PROVOCAR P\u00c1NICO.<\/li>\n<p>Si se ve bloqueada por el humo, saldr\u00e1 de la zona gateando, arrastr\u00e1ndose por el suelo.<\/p>\n<p>En caso de que se le prenda la ropa, se tirar\u00e1 al suelo y rodar\u00e1 sobre s\u00ed mismo.<\/p>\n<p>En caso de evacuaci\u00f3n, seguir\u00e1 las instrucciones del Equipo de Alarma y Evacuaci\u00f3n dirigi\u00e9ndose al punto de reuni\u00f3n asignado seg\u00fan Plan de emergencia propio del edificio o del Campus.<\/p>\n<p>\u00a0<\/p>\n<p>\u00a0<\/p>\n<p>\u00a0<\/p>\n<p><a><\/a><a href=\"blank\"><em><\/em><em><span style=\"text-decoration: underline\">Inicio<\/span><\/em><\/a><\/p>\n<p>2.2.-<span style=\"text-decoration: underline\"> EN CASO DE ACCIDENTE CON LESI\u00d3N PERSONAL \/ ENFERMEDAD<\/span><\/p>\n<li>SI PRESENCIA UN ACCIDENTE QUE PRODUZCA LESIONES A UNA PERSONA:<\/li>\n<p>D\u00e9 la alarma: Avise a otras personas que puedan prestarle ayuda. Ind\u00edqueles si es necesario solicitar asistencia exterior avisando para ello al centro de comunicaciones o marcando directamente el tel\u00e9fono general de emergencias<strong><\/strong><strong> 112<\/strong>.<\/p>\n<p>Mientras llega la asistencia exterior, mantenga la calma e intente aliviar la situaci\u00f3n de la persona accidentada.<\/p>\n<p>Si es posible, pare la instalaci\u00f3n en la que ha ocurrido el accidente o p\u00f3ngalas en condiciones de seguridad, para evitar que se produzca un nuevo accidente o se agraven las consecuencias del que ha ocurrido.<\/p>\n<p>Retire a la v\u00edctima del lugar del accidente a un lugar seguro para la persona lesionada y para usted.<\/p>\n<p>Aplique los primeros auxilios adecuados al estado y lesiones sufridas por la v\u00edctima del accidente. Si no sabe qu\u00e9 hacer o c\u00f3mo hacerlo, pida ayuda a otras personas que sepan hacerlo.<\/p>\n<p>Una vez atendida la v\u00edctima, requiera asistencia m\u00e9dica facultativa y, si es necesario y conveniente, trasl\u00e1dela a un centro sanitario con los medios disponibles m\u00e1s apropiados.<\/p>\n<p>\u00a0<\/p>\n<li>DEBER\u00c1 TENER SIEMPRE PRESENTE:<\/li>\n<p>No haga m\u00e1s de lo imprescindible.<\/p>\n<p>La hemorragia y la falta de respiraci\u00f3n deben ser tratados con la m\u00e1xima prioridad.<\/p>\n<p>Los heridos que permanecen inconscientes deben ser colocados en posici\u00f3n de seguridad.<\/p>\n<p>Las heridas y quemaduras deben ser protegidas.<\/p>\n<p>Las fracturas deben ser inmovilizadas.<\/p>\n<p>No mueva a la persona lesionada si sospecha que tiene una fractura en el cuello o en la columna vertebral: Podr\u00eda agravar sus lesiones y quedar inv\u00e1lido para el resto de su vida.<\/p>\n<p>Debe tranquilizarse a la persona lesionada y conviene abrigarla ligeramente.<\/p>\n<p>\u00a0<a href=\"blank\"><em><\/em><em><span style=\"text-decoration: underline\">Inicio<\/span><\/em><\/a>\u00a0<\/p>\n<p>\u00a0<\/p>\n<p>\u00a0<\/p>\n<p>\u00a0<\/p>\n<p>\u00a0<\/p>\n<p>2<a>.3.<\/a><span style=\"text-decoration: underline\"> EN CASO DE AMENAZA DE BOMBA<\/span><\/p>\n<p>\u00a0<\/p>\n<li>SI USTED RECIBE UN AVISO DE AMENAZA DE BOMBA:<\/li>\n<p>Comun\u00edquelo directamente a la central de informaci\u00f3n (tel\u00e9fono multiservicio), \u00fanico centro de control de comunicaciones en estas situaciones, para que, desde all\u00ed se transmita la situaci\u00f3n de emergencia a los responsables de tomar la decisi\u00f3n de evacuaci\u00f3n.<\/p>\n<p>Quede pendiente y al contacto de ser requerido para facilitar informaci\u00f3n.<\/p>\n<p>Quede pendiente de la decisi\u00f3n definitiva tomada y obedezca, en su momento las instrucciones que reciba.<\/p>\n<p>\u00a0<\/p>\n<li>DEBER\u00c1 TENER SIEMPRE PRESENTE:<\/li>\n<p>A\u00fan a sabiendas de las particularidades existentes, no desestime nunca la posible realidad de dicha amenaza.<\/p>\n<p>Si observa alg\u00fan paquete o bulto inhabitual desconf\u00ede de \u00e9l y no lo toque, avisando de forma urgente por el procedimiento habitual.<\/p>\n<p>Comunique la existencia de pruebas, ex\u00e1menes o particularidades colectivas o individuales que pudiesen afectar a la situaci\u00f3n de emergencia.<\/p>\n<p>Evite las grandes aglomeraciones de personal .<\/p>\n<p>Permanezca tranquilo\/a y no pierda la calma.<\/p>\n<p>\u00a0<a href=\"blank\"><em><\/em><em><span style=\"text-decoration: underline\">Inicio<\/span><\/em><\/a><\/p>\n<p>\u00a0<\/p>\n<p>\u00a0<\/p>\n<p>\u00a0<\/p>\n<p>\u00a0<\/p>\n<p><a>2.4.<\/a><span style=\"text-decoration: underline\"> EN CASO DE CAT\u00c1STROFES NATURALES (INUNDACI\u00d3N, GOTA FR\u00cdA, \u2026)<\/span><\/p>\n<p>\u00a0<\/p>\n<li>SI USTED CONOCE LAS ADVERTENCIAS DE PROTECCI\u00d3N CIVIL:<\/li>\n<p>Valore la situaci\u00f3n y determine su cumplimiento con el mayor sentido com\u00fan.<\/p>\n<p>Si puede, p\u00f3ngase en contacto con la central de informaci\u00f3n (tel\u00e9fono multiservicio), \u00fanico centro de control de comunicaciones en estas situaciones, para que, desde all\u00ed le informen de la situaci\u00f3n de emergencia y sus requerimientos.<\/p>\n<p>Quede pendiente y al contacto de la informaci\u00f3n de protecci\u00f3n civil y de la central de informaci\u00f3n.<\/p>\n<p>\u00a0<\/p>\n<li>DEBER\u00c1 TENER SIEMPRE PRESENTE:<\/li>\n<p>No arriesgue nunca su vida ni la de los dem\u00e1s y no desestime nunca una amenaza de cat\u00e1strofe natural.<\/p>\n<p>Permanezca en lugar seguro y deje pasar el tiempo.<\/p>\n<p>Si queda incomunicado, recuerde que, tarde o temprano, le localizar\u00e1n y ayudar\u00e1n a salir de la situaci\u00f3n.<\/p>\n<p>Intente permanecer tranquilo\/a y no pierda la calma.<\/p>\n<p>En las emergencias provocadas por cat\u00e1strofes naturales las medidas de emergencia pretenden anular la dispersi\u00f3n de las personas y el intento de retorno o desplazamiento a cualquier lugar, por lo se debe evitar actuar de forma individual, siendo preferible estar agrupado y, a ser posible, comunicado.<\/p>\n<p>\u00a0<a href=\"blank\"><em><\/em><em><span style=\"text-decoration: underline\">Inicio<\/span><\/em><\/a><\/p>\n<p>\u00a0<br \/>\n\u00a0<br \/>\n\u00a0<br \/>\n\u00a0<br \/>\n\u00a0<br \/>\n\u00a0<br \/>\n\u00a0<\/ul>\n<ul>\u00a0<\/p>\n<li>CUALQUIER PERSONA QUE DETECTE EL DERRAME DE PRODUCTOS QU\u00cdMICOS O LA FUGA DE GASES O PRODUCTOS T\u00d3XICOS:\n<ul>\n<li>\u00a0\n<ul>\n<li>\u00a0\n<ul>QUI\u00c9N informaQU\u00c9 OCURRED\u00d3NDE ocurre<\/ul>\n<\/li>\n<\/ul>\n<\/li>\n<p>Personalmente a compa\u00f1eros o jefes para que la transmitan de inmediato al centro de control de comunicaciones, conserjer\u00eda o central de informaci\u00f3n (tel\u00e9fono multiservicio).<\/p>\n<p>Por el tel\u00e9fono m\u00e1s cercano, indicando en este caso:<\/p>\n<p>asegur\u00e1ndose que su mensaje ha sido recibido correctamente.<\/p>\n<p>Accionando el pulsador de alarma m\u00e1s pr\u00f3ximo, si se disponen, o cualquier otro medio de alarma disponible.<\/ul>\n<\/li>\n<p>En todos estos casos dar\u00e1 la alarma por el medio m\u00e1s r\u00e1pido a su alcance:<\/p>\n<li>En caso de DERRAME DE PRODUCTOS QU\u00cdMICOS:\n<ul>\n<li>\u00a0\n<ul>\n<li>\u00a0\n<ul>Recogida con equipos de trasiego, para su recuperaci\u00f3n y\/o posterior tratamiento.Diluci\u00f3n con aguaNeutralizaci\u00f3nAdici\u00f3n de materiales reactivos<\/p>\n<p>Otras adecuadas al producto espec\u00edfico.<\/ul>\n<\/li>\n<\/ul>\n<\/li>\n<\/ul>\n<\/li>\n<p>Tapar\u00e1 las rejillas de drenaje de la zona en donde se ha producido el derrame, para evitar que el producto qu\u00edmico se introduzca en la red de alcantarillado.<\/p>\n<p>Una vez contenido el derrame se decidir\u00e1 la acci\u00f3n m\u00e1s adecuada seg\u00fan el producto de que se trate y de los medios disponibles en la instalaci\u00f3n:<\/p>\n<p>Para esta operaci\u00f3n la(s) persona(s) que intervenga(n) deber\u00e1(n) llevar los equipos de protecci\u00f3n individual apropiados: guantes, ropa, calzado, protecci\u00f3n respiratoria, etc.<\/p>\n<p>Para eliminar los peque\u00f1os derrames se utilizar\u00e1n agentes absorbentes adecuados, que se depositar\u00e1n en recipientes especiales para desechos.<\/p>\n<p>Todos los materiales que deban ser eliminados, se tratar\u00e1n previamente para evitar la contaminaci\u00f3n del agua, aire o suelo.<\/p>\n<p>\u00a0<\/p>\n<li>En el caso de MATERIAL RADIOACTIVO<\/li>\n<p>Debe tenerse presente que el material radioactivo manipulado objeto de esta emergencia, se puede suministrar de forma controlada al personal investigador al ser cantidades exentas, por lo que el riesgo de accidente por derrames o fugas de material radioactivo es m\u00ednimo.<\/p>\n<p>En caso de derrame DEBER\u00c1 TENER SIEMPRE PRESENTE el AVISO INMEDIATO de la situaci\u00f3n de emergencia al SUPERVISOR responsable de la unidad de radiois\u00f3topos o al OPERADOR, conocedores de las caracter\u00edsticas espec\u00edficas del material para proceder a descontaminar la superficie de trabajo o el pavimento.<\/p>\n<p>Una vez contenido el derrame, en caso de contacto con el material radioactivo se proceder\u00e1 a lavar con agua y jab\u00f3n la superficie afectada, pudiendo emplear un jab\u00f3n l\u00edquido con un pH ligeramente alto y un cepillo que no erosione la piel. En ojos, orejas, nariz o boca se lavar\u00e1 abundantemente con agua.<\/p>\n<p>\u00a0<\/p>\n<li>En caso de FUGA DE GASES INFLAMABLES:\n<ul>\n<li>\u00a0\n<ul>\n<li>\u00a0\n<ul>No tratar de apagar la llamaLocalizar la v\u00e1lvula de corte m\u00e1s pr\u00f3xima a la fuga y cerrar el paso de gasSi no es posible acceder a esa v\u00e1lvula, cerrar la v\u00e1lvula principal del tanque\/de la tuber\u00eda de entrada de gas.<\/ul>\n<ul>Evacuar la zona r\u00e1pidamente, sin accionar ning\u00fan mando de las m\u00e1quinas, interruptores, etc.Impedir el paso y la permanencia de personas y veh\u00edculos en un radio aproximado de 30 m.Localizar la v\u00e1lvula de corte m\u00e1s pr\u00f3xima de la fuga y cerrar el paso de gas.Si no es posible acceder a esa v\u00e1lvula, cerrar la v\u00e1lvula principal del tanque\/tuber\u00eda de entrada de gas.<\/ul>\n<\/li>\n<p>FUGA INFLAMADA. Si la fuga de gas se ha inflamado, deben seguirse los pasos siguientes:<\/p>\n<p>FUGA NO INFLAMADA. Si la fuga de gas NO se ha inflamado, deben seguirse los pasos siguientes:<\/ul>\n<\/li>\n<\/ul>\n<\/li>\n<p>Una vez dada la alarma al centro de comunicaciones, evacuar\u00e1 de inmediato la zona peligrosa.<\/p>\n<p>Seguidamente, si conoce la situaci\u00f3n de las v\u00e1lvulas de corte del paso de gases inflamables a la instalaci\u00f3n o tuber\u00eda afectada, y sabe c\u00f3mo hacerlo, tratar\u00e1 de cerrarla, siempre que no se est\u00e9 situado en la zona de la fuga, para evitar una exposici\u00f3n peligrosa para su vida, y si la fuga no est\u00e1 ya inflamada o se enciende en ese momento.<\/p>\n<p>En caso de no ser posible el acceso sin riesgo para la integridad personal a las v\u00e1lvulas de cierre de gases se comunicar\u00e1 dicha situaci\u00f3n al centro de comunicaciones, permaneciendo en lugar seguro.<\/p>\n<p>En caso de comunicaci\u00f3n de evacuaci\u00f3n, se seguir\u00e1 de manera r\u00e1pida las instrucciones del Equipo de Alarma y Evacuaci\u00f3n (EAE) dirigi\u00e9ndose al punto de reuni\u00f3n asignado seg\u00fan Plan de emergencia propio del edificio o del Campus.<\/p>\n<p>Una vez controladas las causas de la emergencia se ventilar\u00e1n completamente las \u00e1reas afectadas, no permiti\u00e9ndose la entrada de personas evacuadas hasta que cualquier jefe de los equipos de emergencia o del Servicio de Bomberos compruebe la ausencia de peligro.<\/p>\n<li>En caso de FUGA DE GASES T\u00d3XICOS:<\/li>\n<p>Una vez dada la alarma al centro de comunicaciones, evacuar\u00e1 de inmediato la zona peligrosa.<\/p>\n<p>Seguidamente, si conoce la situaci\u00f3n de las v\u00e1lvulas de corte del paso de gases t\u00f3xicos a la instalaci\u00f3n o tuber\u00eda afectada, y sabe c\u00f3mo hacerlo, tratar\u00e1 de cerrarla, siempre que no se est\u00e9 situado en la zona de la fuga, para evitar una exposici\u00f3n peligrosa para su vida.<\/p>\n<p>Si la v\u00e1lvula est\u00e1 situada en la zona del escape, cerrar\u00e1 las puertas m\u00e1s pr\u00f3ximas para evitar su propagaci\u00f3n a otras \u00e1reas, y saldr\u00e1 a una zona segura o al exterior, volviendo a confirmar la alarma al centro de comunicaci\u00f3n o al personal de los equipos de emergencia que se desplacen.<\/p>\n<p>En caso de evacuaci\u00f3n, seguir\u00e1n de manera r\u00e1pida las instrucciones del Equipo de Alarma y Evacuaci\u00f3n (EAE) dirigi\u00e9ndose al punto de reuni\u00f3n asignado seg\u00fan Plan de emergencia propio del edificio o del Campus.<\/p>\n<p>Una vez controladas las causas de la emergencia se ventilar\u00e1n completamente las \u00e1reas afectadas, no permiti\u00e9ndose la entrada de personas evacuadas hasta que cualquier Jefe de los Equipos de Emergencia o del Servicio de Bomberos compruebe la ausencia de peligro.<\/p>\n<p>\u00a0<\/p>\n<p>\u00a0<a href=\"blank\"><em><\/em><em><span style=\"text-decoration: underline\">Inicio<\/span><\/em><\/a><\/p>\n<p><em>\u00a0<\/em><\/p>\n<p><em>\u00a0<\/em><\/p>\n<p><em>\u00a0<\/em><\/p>\n<p><em>\u00a0<\/em><\/p>\n<p><em>\u00a0<\/em><\/p>\n<p>\u00a0<\/ul>\n<ul>\n<li>\u00a0\n<ul>\u00a0<\/ul>\n<\/li>\n<li>SI USTED DESCUBRE SITUACIONES PROPIAS O A TERCEROS RELACIONADAS CON AMENAZAS PARA LA INTEGRIDAD, HURTO O VANDALISMO O DISTURBIOS POR GRUPOS DE PRESI\u00d3N AJENOS:\n<ul>\n<li>\u00a0\n<ul>\n<li>\u00a0\n<ul>QUI\u00c9N informaQU\u00c9 OCURRED\u00d3NDE ocurre<\/ul>\n<\/li>\n<\/ul>\n<\/li>\n<p>Personalmente al centro de control de comunicaciones, conserjer\u00eda o central de informaci\u00f3n (tel\u00e9fono multiservicio).<\/p>\n<p>Por el tel\u00e9fono m\u00e1s cercano, indicando en este caso:<\/p>\n<p>asegur\u00e1ndose que su mensaje ha sido recibido correctamente.<\/p>\n<p>Si no puede dar la alarma por los m\u00e9todos anteriores, accione el pulsador de alarma m\u00e1s pr\u00f3ximo, si se dispone, o cualquier otro medio de alarma disponible.<\/ul>\n<\/li>\n<p>Informe de la misma por el medio m\u00e1s r\u00e1pido a su alcance:<\/p>\n<p>En el caso de amenazas para la integridad, evite verse inmiscu\u00eddo en reyertas o disturbios.<\/p>\n<p>\u00a0<\/p>\n<li>DEBER\u00c1 TENER SIEMPRE PRESENTE:<\/li>\n<p>La prudencia es clave para evitar vernos arrastrados en cualquier situaci\u00f3n an\u00f3mala provocada por individuos o grupos de presi\u00f3n.<\/p>\n<p>Desaloje cuanto antes la zona y no arriesgue nunca su vida ni la de los dem\u00e1s.<\/p>\n<p>Mantenga la calma.<\/p>\n<p>Deje que act\u00faen las fuerzas de seguridad del estado.<\/p>\n<p>\u00a0<a href=\"blank\"><em><\/em><em><span style=\"text-decoration: underline\">Inicio<\/span><\/em><\/a><\/p>\n<p>\u00a0<\/p>\n<p>\u00a0<\/p>\n<p>\u00a0<\/p>\n<p>\u00a0<\/p>\n<p>\u00a0<\/p>\n<p>\u00a0<\/p>\n<p>2.7.-<span style=\"text-decoration: underline\"> <\/span><a><span style=\"text-decoration: underline\">EN CASO DE DESORDEN PUBLICO CON INTERRUPCI\u00d3N INHABITUAL DE LA ACTIVIDAD DOCENTE<\/span><\/a><\/p>\n<li>SI USTED OBSERVA SITUACIONES DE DESORDEN P\u00daBLICO EN EL RECINTO DE LA UNIVERSIDAD que impidan el normal ejercicio de la docencia o cualquier otra actividad universitaria debidamente programada:\n<ul>\n<li>\u00a0\n<ul>\n<li>\u00a0\n<ul>QUI\u00c9N informaQU\u00c9 OCURRED\u00d3NDE ocurre<\/ul>\n<\/li>\n<\/ul>\n<\/li>\n<p>Personalmente al centro de control de comunicaciones, conserjer\u00eda o central de informaci\u00f3n (tel\u00e9fono multiservicio).<\/p>\n<p>Por el tel\u00e9fono m\u00e1s cercano, indicando en este caso:<\/p>\n<p>asegur\u00e1ndose que su mensaje ha sido recibido correctamente.<\/p>\n<p>\u00a0<\/ul>\n<\/li>\n<p>Informe de la misma por el medio m\u00e1s r\u00e1pido a su alcance:<\/p>\n<p>Intente no verse inmiscu\u00eddo en el mismo a no ser que juzgue conveniente su aportaci\u00f3n sobre los hechos.<\/p>\n<p>\u00a0<\/p>\n<li>DEBER\u00c1 TENER SIEMPRE PRESENTE:<\/li>\n<\/ul>\n<ul><strong>3.-<\/strong><strong><\/strong><strong><span style=\"text-decoration: underline\"> <\/span><\/strong><a><strong><span style=\"text-decoration: underline\">PROCEDIMIENTOS ESPEC\u00cdFICOS<\/span><\/strong><\/a><strong><\/strong><strong><span style=\"text-decoration: underline\"> DE ACTUACI\u00d3N SEG\u00daN PLANES DE DEPARTAMENTOS, PLANES DE EMERGENCIA DE EDIFICIOS O PLANES DE EMERGENCIA DE CAMPUS<\/span><\/strong>\u00a0<\/ul>\n<\/li>\n<p><a>2.1.<\/a><span style=\"text-decoration: underline\"> EN CASO DE INCENDIO<\/span><\/p>\n<p>2.5.<span style=\"text-decoration: underline\"> EN EL CASO DE <\/span><a><span style=\"text-decoration: underline\">DERRAME DE PRODUCTOS QU\u00cdMICOS O FUGAS DE GASES O PRODUCTOS T\u00d3XICOS<\/span><\/a><\/p>\n<p>2.6.<span style=\"text-decoration: underline\"> <\/span><a><span style=\"text-decoration: underline\">EN CASO DE AMENAZA PARA LA INTEGRIDAD PERSONAL, HURTO, VANDALISMO O DISTURBIOS POR GRUPOS DE PRESI\u00d3N AJENOS<\/span><\/a><\/p>\n<p>La prudencia es clave para evitar vernos arrastrados en cualquier situaci\u00f3n an\u00f3mala provocada por individuos o grupos de presi\u00f3n.<\/p>\n<p>Mantenga siempre la calma.<\/p>\n<p>\u00a0<a href=\"blank\"><em><\/em><em><span style=\"text-decoration: underline\">Inicio<\/span><\/em><\/a><\/p>\n<p>\u00a0<\/p>\n<p>\u00a0<\/p>\n<p>\u00a0<\/p>\n<p>\u00a0<\/p>\n<p>\u00a0<\/p>\n<p>\u00a0<\/p>\n<p>\u00a0<\/p>\n<p>Los procedimientos generales de actuaci\u00f3n seg\u00fan los casos de emergencia anteriores son v\u00e1lidos como normas preventivas b\u00e1sicas para actuar con prontitud y coherencia seg\u00fan el tipo de emergencia.<\/p>\n<p>As\u00ed mismo el desarrollo completo de los procedimientos de emergencia requiere de la disposici\u00f3n de personas como coordinadores o como miembros de los equipos de emergencia.<\/p>\n<p>Los procedimientos de actuaci\u00f3n y las funciones de cada uno de los equipos de emergencia, seg\u00fan su tipo y gravedad, est\u00e1n desarrolladas en el manual de medidas de emergencia.<\/p>\n<p>Estos procedimientos de actuaci\u00f3n se pueden ver complementados y apoyados seg\u00fan normas internas o planes espec\u00edficos, bien a nivel de Departamento, bien a nivel de edificio e incluso a nivel de Campus.<\/p>\n<p>Es posible que usted sea miembro de un equipo de emergencia en su Departamento, en el edificio donde habitualmente desarrolla su jornada laboral o en su Campus. En este caso, los planes espec\u00edficos que existan en estos \u00e1mbitos determinar\u00e1n a\u00fan m\u00e1s su procedimiento de actuaci\u00f3n en caso de una emergencia.<\/p>\n<p>Finalmente recordarle que, en numerosas ocasiones, el sentido com\u00fan y la comunicaci\u00f3n r\u00e1pida de la situaci\u00f3n suelen ser suficientes para que una situaci\u00f3n de emergencia no vaya a mayores, mientras que el p\u00e1nico y la improvisaci\u00f3n suelen ser los factores desencadenantes de las situaciones fatales.<\/p>\n<p>\u00a0<a href=\"blank\"><em><\/em><em><span style=\"text-decoration: underline\">Inicio<\/span><\/em><\/a><\/p>\n<p>\u00a0<\/p>\n<p>\u00a0<\/p>\n<p>\u00a0<\/p>\n<p>\u00a0<\/p>\n<p>\u00a0<\/p>\n<p><strong>4.-<\/strong><strong><\/strong><strong><span style=\"text-decoration: underline\"> <\/span><\/strong><a><strong><span style=\"text-decoration: underline\">REVISI\u00d3N DEL MANUAL<\/span><\/strong><\/a><strong><\/strong><strong><\/strong><\/p>\n<p>En la siguiente tabla se estructura la edici\u00f3n, fecha y motivos que han producido variaciones significativas de este manual.<\/p>\n<p>\u00a0<\/ul>\n<p>EDICI\u00d3N FECHA MOTIVO<br \/>\n1.0 13\/04\/00 Elaboraci\u00f3n inicial del manual<br \/>\n1.1 14\/07\/00 Conformidad del manual<\/p>\n<p>\u00a0<\/p>\n<p>\u00a0<a href=\"blank\"><em><\/em><em><span style=\"text-decoration: underline\">Inicio<\/span><\/em><\/a><\/p>\n<\/p>\n<p><\/p>","protected":false},"excerpt":{"rendered":"<p>MANUAL DE AUTOPROTECCI\u00d3N<\/p>\n<p>INDICE<br \/>\n1. OBJETIVO Y FINALIDAD<br \/>\n2. PROCEDIMIENTOS GENERALES DE ACTUACI\u00d3N<br \/>\n2.1 EN CASO DE INCENDIO<br \/>\n2.2 EN CASO DE ACCIDENTE CON LESIONES PERSONALES\/ENFERMEDAD<br \/>\n2.3 EN CASO DE AMENAZAS DE BOMBA<br \/>\n2.4 EN CASO DE CAT\u00c1STROFES NATURALES<br \/>\n2.5 EN CASO DE DERRAME DE PRODUCTOS QU\u00cdMICOS, FUGAS DE GASES, PRODUCTOS T\u00d3XICOS O MATERIAL RADIOACTIVO<br \/>\n2.6 EN CASO DE AMENAZA PARA LA INTEGRIDAD PERSONAL, [&#8230;]<\/p>\n","protected":false},"author":1,"featured_media":0,"parent":2160,"menu_order":20,"comment_status":"closed","ping_status":"open","template":"","meta":{"_links_to":"","_links_to_target":""},"_links":{"self":[{"href":"https:\/\/prevencion.umh.es\/ca\/wp-json\/wp\/v2\/pages\/1688"}],"collection":[{"href":"https:\/\/prevencion.umh.es\/ca\/wp-json\/wp\/v2\/pages"}],"about":[{"href":"https:\/\/prevencion.umh.es\/ca\/wp-json\/wp\/v2\/types\/page"}],"author":[{"embeddable":true,"href":"https:\/\/prevencion.umh.es\/ca\/wp-json\/wp\/v2\/users\/1"}],"replies":[{"embeddable":true,"href":"https:\/\/prevencion.umh.es\/ca\/wp-json\/wp\/v2\/comments?post=1688"}],"version-history":[{"count":0,"href":"https:\/\/prevencion.umh.es\/ca\/wp-json\/wp\/v2\/pages\/1688\/revisions"}],"up":[{"embeddable":true,"href":"https:\/\/prevencion.umh.es\/ca\/wp-json\/wp\/v2\/pages\/2160"}],"wp:attachment":[{"href":"https:\/\/prevencion.umh.es\/ca\/wp-json\/wp\/v2\/media?parent=1688"}],"curies":[{"name":"wp","href":"https:\/\/api.w.org\/{rel}","templated":true}]}}