{"id":1692,"date":"2001-03-09T09:45:44","date_gmt":"2001-03-09T07:45:44","guid":{"rendered":"http:\/\/prevencion.zeus.umh.es\/2001\/03\/09\/03-registro-y-manual-en-formatos-de-descarga-registro-y-manual-en-formatos-para-descarga\/"},"modified":"2017-02-13T09:15:31","modified_gmt":"2017-02-13T08:15:31","slug":"03-registro-y-manual-en-formatos-de-descarga-registro-y-manual-en-formatos-para-descarga","status":"publish","type":"page","link":"https:\/\/prevencion.umh.es\/ca\/plan-de-emergencia\/manual-de-autoproteccion\/03-registro-y-manual-en-formatos-de-descarga-registro-y-manual-en-formatos-para-descarga\/","title":{"rendered":"Registre i Manual en formats per a desc\u00e0rrega."},"content":{"rendered":"<p>Es fundamental el conocimiento por cualquier persona (PDI o PAS) de este Manual.<\/p>\n<p>Tambi\u00e9n debe ser entregado a las personas que en bien en funci\u00f3n de Contratas de servicios o de Convenios, deban realizar actividades en locales de la Universidad.<\/p>\n<p>Para dejar evidencias documentales del conocimiento del manual en cada unidad se adjunta un registro de entrega y conocimiento.<\/p>\n<p>Este registro, con las firmas que registren la distribuci\u00f3n y conocimiento, debe ser conservado en poder del Coordinador de Prevenci\u00f3n de la unidad o en su defecto por la Direcci\u00f3n de \u00e9sta.<\/p>\n<p>El manual descargable, puede ser utilizado para completar los planes de emergencia particulares de aquellos laboratorios, donde por la legislaci\u00f3n vigente o derivados de la evaluaci\u00f3n de riesgos, haya que desarrollar planes de emergencia espec\u00edficos.<\/p>\n<p><em>Del manual se facilitan dos opciones de descarga ( Word 725 Kb, y PDF 156 Kb)<\/em><\/p>\n<p><img alt=\"word.gif\" src=\"https:\/\/prevencion.umh.es\/files\/2008\/04\/word.gif\" \/><a href=\"https:\/\/prevencion.umh.es\/files\/2001\/03\/Manual-dautoprotecci\u00f3.docx\"> Manual d&#8217;autoprotecci\u00f3<\/a><\/p>\n<p><img alt=\"pdf.gif\" src=\"https:\/\/prevencion.umh.es\/files\/2008\/04\/pdf.gif\" \/><a title=\"MANUAL DE AUTOPROTECCION 1.1.2.pdf\" href=\"https:\/\/prevencion.umh.es\/files\/2001\/03\/MANUAL DE AUTOPROTECCION 1.1.2.pdf\"> <a href=\"https:\/\/prevencion.umh.es\/files\/2001\/03\/Manual-dautoprotecci\u00f3.pdf\">Manual d&#8217;autoprotecci\u00f3<\/a><\/a><\/p>\n<p><img alt=\"word.gif\" src=\"https:\/\/prevencion.umh.es\/files\/2008\/04\/word.gif\" \/><a title=\"REGISTRO ENTREGA Y CONOCIMIENTO - MANUAL DE AUTOPROTECCION.doc\" href=\"https:\/\/prevencion.umh.es\/files\/2001\/03\/REGISTRO ENTREGA Y CONOCIMIENTO - MANUAL DE AUTOPROTECCION.doc\"> REGISTRO ENTREGA Y CONOCIMIENTO &#8211; MANUAL DE AUTOPROTECCION<\/a><\/p>","protected":false},"excerpt":{"rendered":"<p>Es fundamental el conocimiento por cualquier persona (PDI o PAS) de este Manual.<br \/>\nTambi\u00e9n debe ser entregado a las personas que en bien en funci\u00f3n de Contratas de servicios o de Convenios, deban realizar actividades en locales de la Universidad.<br \/>\nPara dejar evidencias documentales del conocimiento del manual en cada unidad se adjunta un registro de entrega [&#8230;]<\/p>\n","protected":false},"author":131,"featured_media":0,"parent":2160,"menu_order":30,"comment_status":"closed","ping_status":"open","template":"","meta":{"_links_to":"","_links_to_target":""},"_links":{"self":[{"href":"https:\/\/prevencion.umh.es\/ca\/wp-json\/wp\/v2\/pages\/1692"}],"collection":[{"href":"https:\/\/prevencion.umh.es\/ca\/wp-json\/wp\/v2\/pages"}],"about":[{"href":"https:\/\/prevencion.umh.es\/ca\/wp-json\/wp\/v2\/types\/page"}],"author":[{"embeddable":true,"href":"https:\/\/prevencion.umh.es\/ca\/wp-json\/wp\/v2\/users\/131"}],"replies":[{"embeddable":true,"href":"https:\/\/prevencion.umh.es\/ca\/wp-json\/wp\/v2\/comments?post=1692"}],"version-history":[{"count":0,"href":"https:\/\/prevencion.umh.es\/ca\/wp-json\/wp\/v2\/pages\/1692\/revisions"}],"up":[{"embeddable":true,"href":"https:\/\/prevencion.umh.es\/ca\/wp-json\/wp\/v2\/pages\/2160"}],"wp:attachment":[{"href":"https:\/\/prevencion.umh.es\/ca\/wp-json\/wp\/v2\/media?parent=1692"}],"curies":[{"name":"wp","href":"https:\/\/api.w.org\/{rel}","templated":true}]}}