{"id":1693,"date":"2026-02-06T08:47:22","date_gmt":"2026-02-06T07:47:22","guid":{"rendered":"http:\/\/prevencion.zeus.umh.es\/2002\/06\/19\/03-equipos-de-emergencia-por-campus\/"},"modified":"2026-02-06T10:38:58","modified_gmt":"2026-02-06T09:38:58","slug":"03-equipos-de-emergencia-por-campus","status":"publish","type":"page","link":"https:\/\/prevencion.umh.es\/ca\/plan-de-emergencia\/03-equipos-de-emergencia-por-campus\/","title":{"rendered":"Equips d&#8217;emerg\u00e8ncia per campus"},"content":{"rendered":"<p><\/p>\n<table>\n<tbody>\n<tr>\n<td colspan=\"2\" width=\"566\">\n<p style=\"text-align: center\"><strong>CAMPUS D&#8217;ALTEA<\/strong><\/p>\n<\/td>\n<\/tr>\n<tr>\n<td width=\"283\">Cap d&#8217;emerg\u00e8ncia<\/td>\n<td width=\"283\">1r D. Leandro Medina Mar\u00eda<\/td>\n<\/tr>\n<tr>\n<td width=\"283\"><\/td>\n<td width=\"283\">2n D. Alfredo Pell\u00edn Garc\u00eda<\/td>\n<\/tr>\n<tr>\n<td width=\"283\"><\/td>\n<td width=\"283\"><\/td>\n<\/tr>\n<tr>\n<td width=\"283\">Cap d&#8217;intervenci\u00f3<\/td>\n<td width=\"283\">1r D. Gabriel Alfonso Rufete S\u00e1ez<\/td>\n<\/tr>\n<tr>\n<td width=\"283\"><\/td>\n<td width=\"283\">2n D. Mario Romero Fern\u00e1ndez<\/td>\n<\/tr>\n<tr>\n<td width=\"283\"><\/td>\n<td width=\"283\"><\/td>\n<\/tr>\n<\/tbody>\n<\/table>\n<p>&nbsp;<\/p>\n<table>\n<tbody>\n<tr>\n<td colspan=\"2\" width=\"566\">\n<p style=\"text-align: center\"><strong>CAMPUS D&#8217; ELX<\/strong><\/p>\n<\/td>\n<\/tr>\n<tr>\n<td width=\"283\">Cap d&#8217;emerg\u00e8ncia<\/td>\n<td width=\"283\">1r D. Gregorio Mart\u00ednez Almodovar<\/td>\n<\/tr>\n<tr>\n<td width=\"283\"><\/td>\n<td width=\"283\">2n D\u00aa Mar\u00eda Jos\u00e9 Gonz\u00e1lez Planelles<\/td>\n<\/tr>\n<tr>\n<td width=\"283\"><\/td>\n<td width=\"283\"><\/td>\n<\/tr>\n<tr>\n<td width=\"283\">Cap d&#8217;intervenci\u00f3<\/td>\n<td width=\"283\">Personal de l&#8217;empresa Eiffage<\/td>\n<\/tr>\n<tr>\n<td width=\"283\"><\/td>\n<td width=\"283\"><\/td>\n<\/tr>\n<\/tbody>\n<\/table>\n<p>&nbsp;<\/p>\n<table>\n<tbody>\n<tr>\n<td colspan=\"2\" width=\"566\">\n<p style=\"text-align: center\"><strong>CAMPUS D&#8217;ORIOLA-SEU &#8220;LAS SALESAS&#8221;<\/strong><\/p>\n<\/td>\n<\/tr>\n<tr>\n<td width=\"283\">Cap d&#8217;emerg\u00e8ncia<\/td>\n<td width=\"283\">1r D\u00aa Paloma Morga P\u00e9rez<\/td>\n<\/tr>\n<tr>\n<td width=\"283\"><\/td>\n<td width=\"283\">2n D\u00aa. Ascensi\u00f3n de los \u00c1ngeles\u00a0 \u00a0 \u00a0 \u00a0 \u00a0 \u00a0 \u00a0 \u00a0Lorente M\u00e9ndez<\/p>\n<p>3r D. Francisco Perales Costa<\/td>\n<\/tr>\n<tr>\n<td width=\"283\"><\/td>\n<td width=\"283\"><\/td>\n<\/tr>\n<tr>\n<td width=\"283\">Cap d&#8217;intervenci\u00f3<\/td>\n<td width=\"283\">Personal de l&#8217;empresa Eiffage<\/td>\n<\/tr>\n<tr>\n<td width=\"283\"><\/td>\n<td width=\"283\"><\/td>\n<\/tr>\n<\/tbody>\n<\/table>\n<p>&nbsp;<\/p>\n<table>\n<tbody>\n<tr>\n<td colspan=\"2\" width=\"566\">\n<p style=\"text-align: center\"><strong>CAMPUS D&#8217;ORIOLA-SEU &#8220;LOS DESAMPARADOS&#8221;<\/strong><\/p>\n<\/td>\n<\/tr>\n<tr>\n<td width=\"283\">Cap d&#8217;emerg\u00e8ncia<\/td>\n<td width=\"283\">1r D. Jos\u00e9 Luis Rodr\u00edguez Carmona<\/td>\n<\/tr>\n<tr>\n<td width=\"283\"><\/td>\n<td width=\"283\">2n D\u00aa. M\u00aa. Jes\u00fas Aparicio Villanueva<\/td>\n<\/tr>\n<tr>\n<td width=\"283\"><\/td>\n<td width=\"283\"><\/td>\n<\/tr>\n<tr>\n<td width=\"283\">Cap d&#8217;intervenci\u00f3<\/td>\n<td width=\"283\">Personal de l&#8217;empresa Eiffage<\/td>\n<\/tr>\n<tr>\n<td width=\"283\"><\/td>\n<td width=\"283\"><\/td>\n<\/tr>\n<\/tbody>\n<\/table>\n<p>&nbsp;<\/p>\n<table>\n<tbody>\n<tr>\n<td colspan=\"2\" width=\"566\">\n<p style=\"text-align: center\"><strong>CAMPUS DE SANT JOAN D\u00b4ALACANT<\/strong><\/p>\n<\/td>\n<\/tr>\n<tr>\n<td width=\"283\">Cap d&#8217;emerg\u00e8ncia<\/td>\n<td width=\"283\">1r D\u00aa Yolanda Pascual Cases<\/td>\n<\/tr>\n<tr>\n<td width=\"283\"><\/td>\n<td width=\"283\">2n D\u00aa. Victoria Gonz\u00e1lez Penedo<\/td>\n<\/tr>\n<tr>\n<td width=\"283\"><\/td>\n<td width=\"283\">3r D\u00aa. Trinidad P\u00e9rez Gos\u00e1lbez<\/td>\n<\/tr>\n<tr>\n<td width=\"283\"><\/td>\n<td width=\"283\"><\/td>\n<\/tr>\n<tr>\n<td width=\"283\">Cap d&#8217;intervenci\u00f3<\/td>\n<td width=\"283\">Personal de l&#8217;empresa Eiffage<\/td>\n<\/tr>\n<tr>\n<td width=\"283\"><\/td>\n<td width=\"283\"><\/td>\n<\/tr>\n<\/tbody>\n<\/table>\n<p><\/p>","protected":false},"excerpt":{"rendered":"<p>CAMPUS D&#8217;ALTEA<\/p>\n<p>Cap d&#8217;emerg\u00e8ncia<br \/>\n1r D. Leandro Medina Mar\u00eda<\/p>\n<p>2n D. Alfredo Pell\u00edn Garc\u00eda<\/p>\n<p>Cap d&#8217;intervenci\u00f3<br \/>\n1r D. Gabriel Alfonso Rufete S\u00e1ez<\/p>\n<p>2n D. Mario Romero Fern\u00e1ndez<\/p>\n<p>&nbsp;<\/p>\n<p>CAMPUS D&#8217; ELX<\/p>\n<p>Cap d&#8217;emerg\u00e8ncia<br \/>\n1r D. Gregorio Mart\u00ednez Almodovar<\/p>\n<p>2n D\u00aa Mar\u00eda Jos\u00e9 Gonz\u00e1lez Planelles<\/p>\n<p>Cap d&#8217;intervenci\u00f3<br \/>\nPersonal de l&#8217;empresa Eiffage<\/p>\n<p>&nbsp;<\/p>\n<p>CAMPUS D&#8217;ORIOLA-SEU &#8220;LAS SALESAS&#8221;<\/p>\n<p>Cap d&#8217;emerg\u00e8ncia<br \/>\n1r D\u00aa Paloma Morga P\u00e9rez<\/p>\n<p>2n D\u00aa. Ascensi\u00f3n de los \u00c1ngeles\u00a0 \u00a0 \u00a0 \u00a0 \u00a0 \u00a0 [&#8230;]<\/p>\n","protected":false},"author":139,"featured_media":0,"parent":2102,"menu_order":40,"comment_status":"closed","ping_status":"open","template":"","meta":{"_links_to":"","_links_to_target":""},"_links":{"self":[{"href":"https:\/\/prevencion.umh.es\/ca\/wp-json\/wp\/v2\/pages\/1693"}],"collection":[{"href":"https:\/\/prevencion.umh.es\/ca\/wp-json\/wp\/v2\/pages"}],"about":[{"href":"https:\/\/prevencion.umh.es\/ca\/wp-json\/wp\/v2\/types\/page"}],"author":[{"embeddable":true,"href":"https:\/\/prevencion.umh.es\/ca\/wp-json\/wp\/v2\/users\/139"}],"replies":[{"embeddable":true,"href":"https:\/\/prevencion.umh.es\/ca\/wp-json\/wp\/v2\/comments?post=1693"}],"version-history":[{"count":0,"href":"https:\/\/prevencion.umh.es\/ca\/wp-json\/wp\/v2\/pages\/1693\/revisions"}],"up":[{"embeddable":true,"href":"https:\/\/prevencion.umh.es\/ca\/wp-json\/wp\/v2\/pages\/2102"}],"wp:attachment":[{"href":"https:\/\/prevencion.umh.es\/ca\/wp-json\/wp\/v2\/media?parent=1693"}],"curies":[{"name":"wp","href":"https:\/\/api.w.org\/{rel}","templated":true}]}}