{"id":1698,"date":"2008-11-17T09:33:40","date_gmt":"2008-11-17T07:33:40","guid":{"rendered":"http:\/\/prevencion.zeus.umh.es\/2008\/11\/17\/procedimiento-de-actualizacion-del-plan-procedimiento-de-actualizacion-del-plan\/"},"modified":"2022-05-13T13:20:04","modified_gmt":"2022-05-13T11:20:04","slug":"procedimiento-de-actualizacion-del-plan-procedimiento-de-actualizacion-del-plan","status":"publish","type":"page","link":"https:\/\/prevencion.umh.es\/ca\/plan-de-emergencia\/procedimiento-de-actualizacion-del-plan-procedimiento-de-actualizacion-del-plan\/","title":{"rendered":"Procedimiento actualizaci\u00f3n del plan."},"content":{"rendered":"<p><\/p>\n<p>Cuando en el 2001 se aprob\u00f3 el plan de emergencia de la Universidad, \u00e9ste adem\u00e1s del manual de autoprotecci\u00f3n y manual de medidas de emergencia inclu\u00eda un \u201cProcedimiento de plan de emergencia\u201d, documento que detallaba tanto las funciones de los equipos de emergencia, planos de soporte al plan y contenido. Este documento se concibi\u00f3 b\u00e1sicamente como gu\u00eda documental, y lo all\u00ed indicado se incluyo\/est\u00e1 incluido en el proyecto PMCT como detalle de implantaci\u00f3n de cada campus y cada edificio al plan de emergencia.<\/p>\n<p>El progresivo incremento del n\u00famero de edificios, dimensiones de los campus, la realizaci\u00f3n de obras de adaptaci\u00f3n y o reforma en edificios y urbanizaci\u00f3n de Campus, as\u00ed como numero de componentes que intervienen en la aplicaci\u00f3n del plan, aconsejaron que el procedimiento citado se hiciera p\u00fablico, recogiendo adem\u00e1s la necesidad de prevenir con antelaci\u00f3n los cambios enunciados, de forma que en lo posible el plan se mantenga operativo.<\/p>\n<p>Se adjunta a continuaci\u00f3n el procedimiento, que fue aprobado en la sesi\u00f3n de consejo de Gobierno de la Universidad de 5 de Noviembre de 2008.<\/p>\n<p>Este documento, junto con el \u201cmanual de autoprotecci\u00f3n y el manual \u201cmedidas de emergencia&#8221;, mas la documentaci\u00f3n ( manuales de evacuacion ( o de emergnencia) de cada edificio \u00a0y organizaci\u00f3n derivada de su aplicaci\u00f3n, conforman el plan de emergencia de la Universidad.<\/p>\n<p><img src=\"https:\/\/prevencion.umh.es\/files\/2008\/04\/word.gif\" alt=\"word.gif\" \/><a title=\"Procedimiento elaboraci\u00f3n y actualizaci\u00f3n planes emergencia v1.1.doc\" href=\"https:\/\/prevencion.umh.es\/files\/2008\/11\/Procedimiento elaboraci\u00f3n y actualizaci\u00f3n planes emergencia v1.1.doc\"> Procedimiento elaboraci\u00f3n y actualizaci\u00f3n planes emergencia v11<\/a><\/p>\n<p><\/p>","protected":false},"excerpt":{"rendered":"<p>Cuando en el 2001 se aprob\u00f3 el plan de emergencia de la Universidad, \u00e9ste adem\u00e1s del manual de autoprotecci\u00f3n y manual de medidas de emergencia inclu\u00eda un \u201cProcedimiento de plan de emergencia\u201d, documento que detallaba tanto las funciones de los equipos de emergencia, planos de soporte al plan y contenido. Este documento se concibi\u00f3 b\u00e1sicamente [&#8230;]<\/p>\n","protected":false},"author":131,"featured_media":0,"parent":2102,"menu_order":60,"comment_status":"closed","ping_status":"open","template":"","meta":{"_links_to":"","_links_to_target":""},"_links":{"self":[{"href":"https:\/\/prevencion.umh.es\/ca\/wp-json\/wp\/v2\/pages\/1698"}],"collection":[{"href":"https:\/\/prevencion.umh.es\/ca\/wp-json\/wp\/v2\/pages"}],"about":[{"href":"https:\/\/prevencion.umh.es\/ca\/wp-json\/wp\/v2\/types\/page"}],"author":[{"embeddable":true,"href":"https:\/\/prevencion.umh.es\/ca\/wp-json\/wp\/v2\/users\/131"}],"replies":[{"embeddable":true,"href":"https:\/\/prevencion.umh.es\/ca\/wp-json\/wp\/v2\/comments?post=1698"}],"version-history":[{"count":0,"href":"https:\/\/prevencion.umh.es\/ca\/wp-json\/wp\/v2\/pages\/1698\/revisions"}],"up":[{"embeddable":true,"href":"https:\/\/prevencion.umh.es\/ca\/wp-json\/wp\/v2\/pages\/2102"}],"wp:attachment":[{"href":"https:\/\/prevencion.umh.es\/ca\/wp-json\/wp\/v2\/media?parent=1698"}],"curies":[{"name":"wp","href":"https:\/\/api.w.org\/{rel}","templated":true}]}}