{"id":1699,"date":"2025-10-31T13:23:24","date_gmt":"2025-10-31T12:23:24","guid":{"rendered":"http:\/\/prevencion.zeus.umh.es\/2002\/01\/17\/011-introduccion\/"},"modified":"2026-02-09T17:31:05","modified_gmt":"2026-02-09T16:31:05","slug":"011-introduccion","status":"publish","type":"page","link":"https:\/\/prevencion.umh.es\/ca\/011-introduccion\/","title":{"rendered":"Comit\u00e8 de seguretat y salut"},"content":{"rendered":"<p><strong>COMIT\u00c8 DE SEGURETAT Y SALUT DE LA UMH (CSS).<\/strong><\/p>\n<p data-path-to-node=\"3\">El <b data-path-to-node=\"3\" data-index-in-node=\"3\">Comit\u00e8 de Seguretat i Salut (CSS)<\/b> \u00e9s l\u2019\u00f2rgan paritari i col\u00b7legiat de participaci\u00f3 destinat a la consulta regular i peri\u00f2dica als treballadors de les actuacions de la Universitat en mat\u00e8ria de prevenci\u00f3 de riscs laborals.<\/p>\n<p data-path-to-node=\"4\">L&#8217;esmentat comit\u00e8 fou constitu\u00eft el 19 de maig de 1998 i el seu reglament aprovat el 7 de juliol de 1998.<\/p>\n<p data-path-to-node=\"5\">El Comit\u00e8 de Seguretat i Salut est\u00e0 format per Delegats de Prevenci\u00f3 i un nombre igual de Representants designats per la Universitat.<\/p>\n<p data-path-to-node=\"6\">Els Delegats de Prevenci\u00f3 seran designats per i entre els representants del personal, en l\u2019\u00e0mbit dels \u00f2rgans de representaci\u00f3 dels treballadors previstos en la Universitat, d\u2019acord amb el que recull el Cap\u00edtol V de la Llei de Prevenci\u00f3 de Riscs Laborals<\/p>\n<p>(<a href=\"http:\/\/www.insht.es\/portal\/site\/Insht\/menuitem.1f1a3bc79ab34c578c2e8884060961ca\/?vgnextoid=771be9369a3d3110VgnVCM100000dc0ca8c0RCRD&amp;vgnextchannel=ff3cc6b33a9f1110VgnVCM100000dc0ca8c0RCRD&amp;tab=tabConsultaIndice\">(Llei 31\/1995 i actualitzacions posteriors)<\/a> .<\/p>\n<p>A continuaci\u00f3:<\/p>\n<p>&#8211; <a href=\"https:\/\/prevencion.umh.es\/011-introduccion\/reglamento-del-comite-de-seguridad-y-salud-de-la-umh-reglamento-del-comite-de-seguridad-y-salud\/\">Reglament del CSS.<\/a><\/p>\n<p>&#8211; <a href=\"https:\/\/prevencion.umh.es\/011-introduccion\/componentes-del-css-componentes-del-css\/\">Components del CSS<\/a><\/p>","protected":false},"excerpt":{"rendered":"<p>COMIT\u00c8 DE SEGURETAT Y SALUT DE LA UMH (CSS).<br \/>\nEl Comit\u00e8 de Seguretat i Salut (CSS) \u00e9s l\u2019\u00f2rgan paritari i col\u00b7legiat de participaci\u00f3 destinat a la consulta regular i peri\u00f2dica als treballadors de les actuacions de la Universitat en mat\u00e8ria de prevenci\u00f3 de riscs laborals.<br \/>\nL&#8217;esmentat comit\u00e8 fou constitu\u00eft el 19 de maig de 1998 i el [&#8230;]<\/p>\n","protected":false},"author":1,"featured_media":0,"parent":0,"menu_order":85,"comment_status":"closed","ping_status":"open","template":"","meta":{"_links_to":"","_links_to_target":""},"_links":{"self":[{"href":"https:\/\/prevencion.umh.es\/ca\/wp-json\/wp\/v2\/pages\/1699"}],"collection":[{"href":"https:\/\/prevencion.umh.es\/ca\/wp-json\/wp\/v2\/pages"}],"about":[{"href":"https:\/\/prevencion.umh.es\/ca\/wp-json\/wp\/v2\/types\/page"}],"author":[{"embeddable":true,"href":"https:\/\/prevencion.umh.es\/ca\/wp-json\/wp\/v2\/users\/1"}],"replies":[{"embeddable":true,"href":"https:\/\/prevencion.umh.es\/ca\/wp-json\/wp\/v2\/comments?post=1699"}],"version-history":[{"count":0,"href":"https:\/\/prevencion.umh.es\/ca\/wp-json\/wp\/v2\/pages\/1699\/revisions"}],"wp:attachment":[{"href":"https:\/\/prevencion.umh.es\/ca\/wp-json\/wp\/v2\/media?parent=1699"}],"curies":[{"name":"wp","href":"https:\/\/api.w.org\/{rel}","templated":true}]}}