{"id":1703,"date":"2001-10-18T17:05:05","date_gmt":"2001-10-18T15:05:05","guid":{"rendered":"http:\/\/prevencion.zeus.umh.es\/2001\/10\/18\/seguridad-en-el-trabajo-de-oficinas-seguridad-y-salud-en-trabajos-de-oficina\/"},"modified":"2015-11-11T17:10:09","modified_gmt":"2015-11-11T16:10:09","slug":"seguridad-en-el-trabajo-de-oficinas-seguridad-y-salud-en-trabajos-de-oficina","status":"publish","type":"page","link":"https:\/\/prevencion.umh.es\/ca\/instrucciones\/seguridad-en-el-trabajo-de-oficinas-seguridad-y-salud-en-trabajos-de-oficina\/","title":{"rendered":"Seguridad y salud en el trabajo de oficinas."},"content":{"rendered":"<p>En el desarrollo de las actividades de Docencia, Investigaci\u00f3n, o trabajos T\u00e9cnicos o Administrativos, con mayor o menor frecuencia y duraci\u00f3n se realizan actividades de documentaci\u00f3n de proyectos, programas lectivos, protocolos, actas, comunicaciones, oficios, consultas a la Web de la Universidad,&#8230;., trabajos que requieren su realizaci\u00f3n en una mesa de trabajo y empleando un ordenador, actividades habitualmente consideradas como &#8220;de trabajos de oficina&#8221;<\/p>\n<p>El manual que a continuaci\u00f3n se incluye &#8221; Seguridad y salud en trabajos de oficina&#8221;, no esta \u00fanicamente dirigido a quienes realizan este tipo de trabajo, sino que es un documento cuyo conocimiento es aconsejable para todo el personal Docente e Investigador y personal de Administraci\u00f3n y Servicios, con independencia de que su actividad principal no sea necesariamente la de desarrollar trabajos de tipo &#8220;oficina&#8221;.<\/p>\n<p><img src=\"https:\/\/prevencion.umh.es\/files\/2008\/04\/pdf.gif\" alt=\"pdf.gif\" \/><a title=\"Seguridad y salud en trabajos de oficina V.2.2.pdf\" href=\"https:\/\/prevencion.umh.es\/files\/2001\/10\/Seguridad y salud en trabajos de oficina V.2.2.pdf\"> Seguridad y salud en trabajos de oficina V22<\/a><\/p>","protected":false},"excerpt":{"rendered":"<p>En el desarrollo de las actividades de Docencia, Investigaci\u00f3n, o trabajos T\u00e9cnicos o Administrativos, con mayor o menor frecuencia y duraci\u00f3n se realizan actividades de documentaci\u00f3n de proyectos, programas lectivos, protocolos, actas, comunicaciones, oficios, consultas a la Web de la Universidad,&#8230;., trabajos que requieren su realizaci\u00f3n en una mesa de trabajo y empleando un ordenador, [&#8230;]<\/p>\n","protected":false},"author":1,"featured_media":0,"parent":2107,"menu_order":10,"comment_status":"closed","ping_status":"open","template":"","meta":{"_links_to":"","_links_to_target":""},"_links":{"self":[{"href":"https:\/\/prevencion.umh.es\/ca\/wp-json\/wp\/v2\/pages\/1703"}],"collection":[{"href":"https:\/\/prevencion.umh.es\/ca\/wp-json\/wp\/v2\/pages"}],"about":[{"href":"https:\/\/prevencion.umh.es\/ca\/wp-json\/wp\/v2\/types\/page"}],"author":[{"embeddable":true,"href":"https:\/\/prevencion.umh.es\/ca\/wp-json\/wp\/v2\/users\/1"}],"replies":[{"embeddable":true,"href":"https:\/\/prevencion.umh.es\/ca\/wp-json\/wp\/v2\/comments?post=1703"}],"version-history":[{"count":0,"href":"https:\/\/prevencion.umh.es\/ca\/wp-json\/wp\/v2\/pages\/1703\/revisions"}],"up":[{"embeddable":true,"href":"https:\/\/prevencion.umh.es\/ca\/wp-json\/wp\/v2\/pages\/2107"}],"wp:attachment":[{"href":"https:\/\/prevencion.umh.es\/ca\/wp-json\/wp\/v2\/media?parent=1703"}],"curies":[{"name":"wp","href":"https:\/\/api.w.org\/{rel}","templated":true}]}}