{"id":1707,"date":"2003-01-10T12:30:46","date_gmt":"2003-01-10T10:30:46","guid":{"rendered":"http:\/\/prevencion.zeus.umh.es\/2003\/01\/10\/recomendaciones-de-seguridad-en-trabajo-en-laboratorios-recomendaciones-de-seguridad-en-trabajo-en-laboratorios\/"},"modified":"2015-11-11T17:10:44","modified_gmt":"2015-11-11T16:10:44","slug":"recomendaciones-de-seguridad-en-trabajo-en-laboratorios-recomendaciones-de-seguridad-en-trabajo-en-laboratorios","status":"publish","type":"page","link":"https:\/\/prevencion.umh.es\/ca\/instrucciones\/recomendaciones-de-seguridad-en-trabajo-en-laboratorios-recomendaciones-de-seguridad-en-trabajo-en-laboratorios\/","title":{"rendered":"Seguridad y salud en trabajo en laboratorios."},"content":{"rendered":"<p>En el documento marco para el desarrollo de la Gesti\u00f3n de la Prevenci\u00f3n en la Universidad, en el punto<strong><\/strong><strong> 3.1- EVALUACI\u00d3N INICIAL DE LA SITUACI\u00d3N<\/strong>, se recog\u00eda:<\/p>\n<p>La mayor variedad y n\u00famero de condiciones de riesgo se presenta en los laboratorios y talleres dependientes de los Departamentos \/ Institutos. Las condiciones de riesgo m\u00e1s frecuentes son: el manejo de sustancias t\u00f3xicas o peligrosas, el manejo de herramientas manuales o motorizadas, el suministro de gases, el manejo de m\u00e1quinas peligrosas, los posibles contactos t\u00e9rmicos y la existencia de aparatos a presi\u00f3n.<\/p>\n<p>Se presentan a continuaci\u00f3n tres documentos de difusi\u00f3n de recomendaciones en el trabajo en laboratorio,\u00a0 que sin animo de ser exhaustivos, constituyen una gu\u00eda pr\u00e1ctica de recomendaciones, extra\u00eddas tanto de la legislaci\u00f3n vigente, como de las Notas T\u00e9cnicas del Instituto Nacional de Seguridad e Higiene en el Trabajo (INSHT), Directivas europeas, y recomendaciones de distintos autores.\u00a0 Siempre que ha sido posible, se han incluido en los documentos v\u00ednculos con las publicaciones del INSHT que hacen posible su consulta en l\u00ednea.<\/p>\n<p>Estos documentos se han preparado de forma incremental.<\/p>\n<ul>\n<li>\u00a0\n<ul>&#8211; El primero agrupa \u00fanicamente las recomendaciones de tipo general.<br \/>\n&#8211; El segundo recoge las recomendaciones en laboratorios &#8220;f\u00edsicos&#8221;.<br \/>\n&#8211; El tercero recoge las recomendaciones para laboratorios qu\u00edmicos y\/o biol\u00f3gicos, pero dado que en estos laboratorios, tambi\u00e9n se realizan actividades de las descritas en laboratorios de tipo &#8220;f\u00edsicos&#8221;, para una perfecta compresi\u00f3n es necesario seguir, tambi\u00e9n las recomendaciones especificas del procedimiento anterior.<\/ul>\n<\/li>\n<\/ul>\n<p>Los documentos presentados tienen la vocaci\u00f3n de ser din\u00e1micos, pues tanto el estado de la ciencia, como los riesgos que para la salud en el\u00a0 trabajo se van conociendo , tambi\u00e9n los son.\u00a0El Servicio de Prevenci\u00f3n est\u00e1 abierto a cualquier sugerencia o colaboraci\u00f3n, al respecto de estos documentos en tanto en cuanto representen recomendaciones para evitar el Riesgo.<\/p>\n<p>Tambi\u00e9n, y siempre que nos sea posible, estamos a disposici\u00f3n de la Comunidad Universitaria, para ampliar cualquier informaci\u00f3n o consulta en estos temas.<\/p>\n<p><img src=\"https:\/\/prevencion.umh.es\/files\/2008\/04\/pdf.gif\" alt=\"pdf.gif\" \/><a title=\"Seguridad general trabajo en laboratorios v 1.6.pdf\" href=\"https:\/\/prevencion.umh.es\/files\/2003\/01\/Seguridad general trabajo en laboratorios v 1.6.pdf\"> Seguridad general trabajo en laboratorios v 16<\/a><br \/>\n<img src=\"https:\/\/prevencion.umh.es\/files\/2008\/04\/pdf.gif\" alt=\"pdf.gif\" \/><a title=\"Recomendaciones lab. fisicos.pdf\" href=\"https:\/\/prevencion.umh.es\/files\/2003\/01\/Recomendaciones lab. fisicos.pdf\"> Recomendaciones lab fisicos<\/a><br \/>\n<img src=\"https:\/\/prevencion.umh.es\/files\/2008\/04\/pdf.gif\" alt=\"pdf.gif\" \/><a title=\"recomendaciones en Lab. quimicos y biologicos.pdf\" href=\"https:\/\/prevencion.umh.es\/files\/2003\/01\/recomendaciones en Lab. quimicos y biologicos.pdf\"> recomendaciones en Lab quimicos y biologicos<\/a><\/p>\n<p><em>Ultima actualizaci\u00f3n 27-07-2010, publicaci\u00f3n de la versi\u00f3n 1.6 de la instrucci\u00f3n de recomendaciones generales, por ampliaci\u00f3n de la informaci\u00f3n para equipos L\u00e1ser.<\/em><\/p>\n","protected":false},"excerpt":{"rendered":"<p>En el documento marco para el desarrollo de la Gesti\u00f3n de la Prevenci\u00f3n en la Universidad, en el punto 3.1- EVALUACI\u00d3N INICIAL DE LA SITUACI\u00d3N, se recog\u00eda:<br \/>\nLa mayor variedad y n\u00famero de condiciones de riesgo se presenta en los laboratorios y talleres dependientes de los Departamentos \/ Institutos. Las condiciones de riesgo m\u00e1s frecuentes son: [&#8230;]<\/p>\n","protected":false},"author":1,"featured_media":0,"parent":2107,"menu_order":20,"comment_status":"closed","ping_status":"open","template":"","meta":{"_links_to":"","_links_to_target":""},"_links":{"self":[{"href":"https:\/\/prevencion.umh.es\/ca\/wp-json\/wp\/v2\/pages\/1707"}],"collection":[{"href":"https:\/\/prevencion.umh.es\/ca\/wp-json\/wp\/v2\/pages"}],"about":[{"href":"https:\/\/prevencion.umh.es\/ca\/wp-json\/wp\/v2\/types\/page"}],"author":[{"embeddable":true,"href":"https:\/\/prevencion.umh.es\/ca\/wp-json\/wp\/v2\/users\/1"}],"replies":[{"embeddable":true,"href":"https:\/\/prevencion.umh.es\/ca\/wp-json\/wp\/v2\/comments?post=1707"}],"version-history":[{"count":0,"href":"https:\/\/prevencion.umh.es\/ca\/wp-json\/wp\/v2\/pages\/1707\/revisions"}],"up":[{"embeddable":true,"href":"https:\/\/prevencion.umh.es\/ca\/wp-json\/wp\/v2\/pages\/2107"}],"wp:attachment":[{"href":"https:\/\/prevencion.umh.es\/ca\/wp-json\/wp\/v2\/media?parent=1707"}],"curies":[{"name":"wp","href":"https:\/\/api.w.org\/{rel}","templated":true}]}}