{"id":1711,"date":"2004-10-08T11:08:06","date_gmt":"2004-10-08T09:08:06","guid":{"rendered":"http:\/\/prevencion.zeus.umh.es\/2004\/10\/08\/estandares-de-laboratorios-estandares-de-laboratorio\/"},"modified":"2019-12-03T13:04:36","modified_gmt":"2019-12-03T12:04:36","slug":"estandares-de-edificios-con-laboratorios","status":"publish","type":"page","link":"https:\/\/prevencion.umh.es\/ca\/instrucciones\/estandares-de-edificios-con-laboratorios\/","title":{"rendered":"Est\u00e1ndares de edificios con laboratorios."},"content":{"rendered":"<p><\/p>\n<p>La legislaci\u00f3n que interviene sobre las caracter\u00edsticas constructivas, instalaciones y procedimientos de trabajo de los laboratorios es cada d\u00eda mas extensa. Pr\u00e1cticamente toda ella, esta enfocada a la seguridad y salud de quien all\u00ed va a realizar su trabajo a posteirori , y \/ o a proteger en el mismo sentido a la comunidad o al medio ambiente.<\/p>\n<p>Cuando se aborda el dise\u00f1o y requisitos funcionales de un edificio con laboratorios, y o se proyecta la reconversi\u00f3n de un lugar de trabajo a destino laboratorio, la informaci\u00f3n que debe facilitarse al proyectista o a la Unidad t\u00e9cnica que realice el proyecto de reforma, debe de ser la suficiente que permita una eficiencia en el uso de recursos. Se trata que en lo posible, desde la concepci\u00f3n inicial, se tengan en cuenta los limites y condicionantes que hay que tener en cuenta tanto en el proyecto, como en su desarrollo (obra civil) y puesta en marcha de estos lugares de trabajo.<\/p>\n<p>El tener que remodelar a posteriori las instalaciones una vez finalizada la obra, por no haber tenido en cuenta requisitos vigentes, suele proporcionar cuanto menos molestias, y pr\u00e1cticamente con seguridad inversi\u00f3n de nuevos recursos adicionales.<\/p>\n<p>Por ello se adjunta a continuaci\u00f3n una instrucci\u00f3n, para facilitar la cumplimentaci\u00f3n y recopilaci\u00f3n de informaci\u00f3n mediante el uso de cuestionarios, incluyendo adem\u00e1s en los anexos, la informaci\u00f3n relativa a la normativa y o recomendaciones de seguridad y salud vigentes que afectan a cada cuesti\u00f3n, que puden ser consultadas tanto por el investigador que especifica sus funcionalidades como por el proyectista.<\/p>\n<p><a href=\"https:\/\/prevencion.umh.es\/files\/2011\/09\/instruccion-estandares-laboratorios-umh-21.pdf\">instruccion-estandares-laboratorios-umh-21<\/a><\/p>\n<div><span style=\"font-size: xx-small;color: #3366ff\"><span style=\"font-size: xx-small;color: #3366ff\"><\/p>\n<div><span style=\"font-size: xx-small;color: #3366ff\"><span style=\"font-size: xx-small;color: #3366ff\">\u00a0<\/span><\/span><\/div>\n<p><\/span><\/span><\/div>\n<p><span style=\"font-size: xx-small;color: #3366ff\"><span style=\"font-size: xx-small;color: #3366ff\"><span style=\"font-size: xx-small;color: #3366ff\"><span style=\"font-size: xx-small;color: #3366ff\"><\/p>\n<div><span style=\"font-size: xx-small;color: #3366ff\">\u00a0<\/span><\/div>\n<p><\/span><\/span><\/span><span style=\"font-size: xx-small;color: #3366ff\"><\/p>\n<div><em><span style=\"font-size: xx-small;color: #3366ff\"><span style=\"font-size: xx-small;color: #3366ff\"><\/p>\n<div><em><span style=\"font-size: xx-small;color: #3366ff\"><span style=\"font-size: xx-small;color: #3366ff\">\u00daltima actualizaci\u00f3n: 09-06-2011..<\/span><\/span><\/em><\/div>\n<p><\/span><\/span><\/em><\/div>\n<p><\/span><\/span><em><span style=\"font-size: xx-small;color: #3366ff\"><span style=\"font-size: xx-small;color: #3366ff\"><em><span style=\"font-size: xx-small;color: #3366ff\"><span style=\"font-size: xx-small;color: #3366ff\"><\/p>\n<div><em><span style=\"font-size: xx-small;color: #3366ff\">\u00a0<\/span><\/em><\/div>\n<p><\/span><\/span><\/em><\/span><em><span style=\"font-size: xx-small;color: #3366ff\">\u00a0<\/p>\n<p><\/span><\/em><\/span><strong><span style=\"font-size: x-small;font-family: Arial\"><\/span><\/strong><\/p>\n<p><\/em><\/p>\n<p><\/p>","protected":false},"excerpt":{"rendered":"<p>La legislaci\u00f3n que interviene sobre las caracter\u00edsticas constructivas, instalaciones y procedimientos de trabajo de los laboratorios es cada d\u00eda mas extensa. Pr\u00e1cticamente toda ella, esta enfocada a la seguridad y salud de quien all\u00ed va a realizar su trabajo a posteirori , y \/ o a proteger en el mismo sentido a la comunidad o [&#8230;]<\/p>\n","protected":false},"author":1,"featured_media":0,"parent":2107,"menu_order":40,"comment_status":"closed","ping_status":"open","template":"","meta":{"_links_to":"","_links_to_target":""},"_links":{"self":[{"href":"https:\/\/prevencion.umh.es\/ca\/wp-json\/wp\/v2\/pages\/1711"}],"collection":[{"href":"https:\/\/prevencion.umh.es\/ca\/wp-json\/wp\/v2\/pages"}],"about":[{"href":"https:\/\/prevencion.umh.es\/ca\/wp-json\/wp\/v2\/types\/page"}],"author":[{"embeddable":true,"href":"https:\/\/prevencion.umh.es\/ca\/wp-json\/wp\/v2\/users\/1"}],"replies":[{"embeddable":true,"href":"https:\/\/prevencion.umh.es\/ca\/wp-json\/wp\/v2\/comments?post=1711"}],"version-history":[{"count":0,"href":"https:\/\/prevencion.umh.es\/ca\/wp-json\/wp\/v2\/pages\/1711\/revisions"}],"up":[{"embeddable":true,"href":"https:\/\/prevencion.umh.es\/ca\/wp-json\/wp\/v2\/pages\/2107"}],"wp:attachment":[{"href":"https:\/\/prevencion.umh.es\/ca\/wp-json\/wp\/v2\/media?parent=1711"}],"curies":[{"name":"wp","href":"https:\/\/api.w.org\/{rel}","templated":true}]}}