{"id":1713,"date":"2002-12-13T11:27:01","date_gmt":"2002-12-13T09:27:01","guid":{"rendered":"http:\/\/prevencion.zeus.umh.es\/2002\/12\/13\/compra-de-mobiliario-ergonomico-consultable-por-acceso-restringido-recomendaciones-a-seguir-en-la-compra-de-mobiliario\/"},"modified":"2019-12-03T13:14:52","modified_gmt":"2019-12-03T12:14:52","slug":"compra-de-mobiliario-ergonomico-consultable-por-acceso-restringido-recomendaciones-a-seguir-en-la-compra-de-mobiliario","status":"publish","type":"page","link":"https:\/\/prevencion.umh.es\/ca\/instrucciones\/compra-de-mobiliario-ergonomico-consultable-por-acceso-restringido-recomendaciones-a-seguir-en-la-compra-de-mobiliario\/","title":{"rendered":"Compra de Mobiliario Ergon\u00f3mico"},"content":{"rendered":"<p><\/p>\n<p><p>Para garantizar unas condiciones m\u00ednimas de calidad y ergonom\u00eda en el mobiliario a adquirir por la Universidad, se ha efectuado un estudio en colaboraci\u00f3n con el Instituto de Biomec\u00e1nica de la Universidad Polit\u00e9cnica de Valencia.<\/p>\n<p>Como resultado de dicho estudio se ha obtenido un pliego de caracter\u00edsticas t\u00e9cnicas que se utiliza para la compra centralizada de mobiliario. No obstante y dado que algunas Unidades, tambi\u00e9n adquieren este tipo de material, se ha considerado conveniente el poner a disposici\u00f3n de la Comunidad Universitaria id\u00e9ntica documentaci\u00f3n en formato de instrucci\u00f3n indexada para facilitar su consulta.<\/p>\n<p>El que el fabricante manifieste cumplir las directrices y exigencias de las normas incluidas en los documentos garantiza unos m\u00ednimos, que en todo caso deber\u00edan valorarse in situ ergon\u00f3micamente para una mayor seguridad, y en su caso, adaptar el puesto de trabajo a las dimensiones de la persona que vaya a ocuparlo.<\/p>\n<p>\u00a0<\/p>\n<p>\u00a0<\/p>\n<p><img src=\"https:\/\/prevencion.umh.es\/files\/2008\/04\/pdf.gif\" alt=\"pdf.gif\" \/><a title=\"Requisitos mobiliario actual V 2.0.pdf\" href=\"https:\/\/prevencion.umh.es\/files\/2002\/12\/Requisitos mobiliario actual V 2.0.pdf\"> Requisitos mobiliario actual V 20<\/a><\/p>\n<p>Actualizado el 10-05-2005, tama\u00f1o documento: 2.203 KB<\/p>\n<\/p>\n<p><\/p>","protected":false},"excerpt":{"rendered":"<p>Para garantizar unas condiciones m\u00ednimas de calidad y ergonom\u00eda en el mobiliario a adquirir por la Universidad, se ha efectuado un estudio en colaboraci\u00f3n con el Instituto de Biomec\u00e1nica de la Universidad Polit\u00e9cnica de Valencia.<br \/>\nComo resultado de dicho estudio se ha obtenido un pliego de caracter\u00edsticas t\u00e9cnicas que se utiliza para la compra centralizada de [&#8230;]<\/p>\n","protected":false},"author":1,"featured_media":0,"parent":2107,"menu_order":50,"comment_status":"closed","ping_status":"open","template":"","meta":{"_links_to":"","_links_to_target":""},"_links":{"self":[{"href":"https:\/\/prevencion.umh.es\/ca\/wp-json\/wp\/v2\/pages\/1713"}],"collection":[{"href":"https:\/\/prevencion.umh.es\/ca\/wp-json\/wp\/v2\/pages"}],"about":[{"href":"https:\/\/prevencion.umh.es\/ca\/wp-json\/wp\/v2\/types\/page"}],"author":[{"embeddable":true,"href":"https:\/\/prevencion.umh.es\/ca\/wp-json\/wp\/v2\/users\/1"}],"replies":[{"embeddable":true,"href":"https:\/\/prevencion.umh.es\/ca\/wp-json\/wp\/v2\/comments?post=1713"}],"version-history":[{"count":0,"href":"https:\/\/prevencion.umh.es\/ca\/wp-json\/wp\/v2\/pages\/1713\/revisions"}],"up":[{"embeddable":true,"href":"https:\/\/prevencion.umh.es\/ca\/wp-json\/wp\/v2\/pages\/2107"}],"wp:attachment":[{"href":"https:\/\/prevencion.umh.es\/ca\/wp-json\/wp\/v2\/media?parent=1713"}],"curies":[{"name":"wp","href":"https:\/\/api.w.org\/{rel}","templated":true}]}}