{"id":1715,"date":"2008-01-22T16:45:28","date_gmt":"2008-01-22T14:45:28","guid":{"rendered":"http:\/\/prevencion.zeus.umh.es\/2008\/01\/22\/se\u00f1alizacion-edificios-evacuacion-y-contra-incendios-se\u00f1alizacion-edificios-evacuacion-y-contraincendios\/"},"modified":"2019-12-03T13:09:28","modified_gmt":"2019-12-03T12:09:28","slug":"senalizacion-edificios-evacuacion-y-contra-incendios-senalizacion-edificios-evacuacion-y-contraincendios","status":"publish","type":"page","link":"https:\/\/prevencion.umh.es\/ca\/instrucciones\/senalizacion-edificios-evacuacion-y-contra-incendios-senalizacion-edificios-evacuacion-y-contraincendios\/","title":{"rendered":"Se\u00f1alizaci\u00f3n edificios (Evacuacion y Contra incendios)."},"content":{"rendered":"<p>En ocasiones la se\u00f1alizaci\u00f3n con que se dota a un edificio para indicar las rutas de evacuaci\u00f3n en caso de emergencia o elementos de protecci\u00f3n colectiva como lavaojos duchas de seguridad etc., es insuficiente, igualmente los medios de lucha contra incendios sufren de los mismos problemas.<\/p>\n<p>\u00a0<\/p>\n<p>Se presenta a continuaci\u00f3n un instrucci\u00f3n que recoge como se\u00f1alizar correctamente.<\/p>\n<p><img src=\"https:\/\/prevencion.umh.es\/files\/2008\/04\/pdf.gif\" alt=\"pdf.gif\" \/><a title=\"INSTRUCCION SE\u00d1ALIZACION EDIFICIOS V1.0.pdf\" href=\"https:\/\/prevencion.umh.es\/files\/2008\/01\/INSTRUCCION SE\u00d1ALIZACION EDIFICIOS V1.0.pdf\"> INSTRUCCION SE\u00d1ALIZACION EDIFICIOS V10<\/a><\/p>\n<p><em><\/em><em>Edici\u00f3n<\/em><em><\/em><em> inicial<\/em><em><\/em><em> 22\/01\/08<\/em><em><\/em><em><\/em><\/p>","protected":false},"excerpt":{"rendered":"<p>En ocasiones la se\u00f1alizaci\u00f3n con que se dota a un edificio para indicar las rutas de evacuaci\u00f3n en caso de emergencia o elementos de protecci\u00f3n colectiva como lavaojos duchas de seguridad etc., es insuficiente, igualmente los medios de lucha contra incendios sufren de los mismos problemas.<br \/>\n\u00a0<br \/>\nSe presenta a continuaci\u00f3n un instrucci\u00f3n que recoge como se\u00f1alizar [&#8230;]<\/p>\n","protected":false},"author":131,"featured_media":0,"parent":2107,"menu_order":70,"comment_status":"closed","ping_status":"open","template":"","meta":{"_links_to":"","_links_to_target":""},"_links":{"self":[{"href":"https:\/\/prevencion.umh.es\/ca\/wp-json\/wp\/v2\/pages\/1715"}],"collection":[{"href":"https:\/\/prevencion.umh.es\/ca\/wp-json\/wp\/v2\/pages"}],"about":[{"href":"https:\/\/prevencion.umh.es\/ca\/wp-json\/wp\/v2\/types\/page"}],"author":[{"embeddable":true,"href":"https:\/\/prevencion.umh.es\/ca\/wp-json\/wp\/v2\/users\/131"}],"replies":[{"embeddable":true,"href":"https:\/\/prevencion.umh.es\/ca\/wp-json\/wp\/v2\/comments?post=1715"}],"version-history":[{"count":0,"href":"https:\/\/prevencion.umh.es\/ca\/wp-json\/wp\/v2\/pages\/1715\/revisions"}],"up":[{"embeddable":true,"href":"https:\/\/prevencion.umh.es\/ca\/wp-json\/wp\/v2\/pages\/2107"}],"wp:attachment":[{"href":"https:\/\/prevencion.umh.es\/ca\/wp-json\/wp\/v2\/media?parent=1715"}],"curies":[{"name":"wp","href":"https:\/\/api.w.org\/{rel}","templated":true}]}}