{"id":1720,"date":"2001-10-22T09:57:30","date_gmt":"2001-10-22T07:57:30","guid":{"rendered":"http:\/\/prevencion.zeus.umh.es\/2001\/10\/22\/entrega-y-uso-de-equipos-de-proteccion-individual-epi-procedimiento-de-entrega-y-uso-de-los-equipos-de-proteccion-individual\/"},"modified":"2015-06-10T13:58:30","modified_gmt":"2015-06-10T11:58:30","slug":"entrega-y-uso-de-equipos-de-proteccion-individual-epi-procedimiento-de-entrega-y-uso-de-los-equipos-de-proteccion-individual","status":"publish","type":"page","link":"https:\/\/prevencion.umh.es\/ca\/procedimientos\/equipos-de-trabajo-y-proteccion-individual\/entrega-y-uso-de-equipos-de-proteccion-individual-epi-procedimiento-de-entrega-y-uso-de-los-equipos-de-proteccion-individual\/","title":{"rendered":"PR-01. Entrega y uso equipos de protecci\u00f3n individual (EPI)."},"content":{"rendered":"<p><\/p>\n<p>Cuando al realizar un determinado proceso, o actividad, se detecte un riesgo para la salud (posibilidad de accidente, o de cualquier tipo de contaminante que pueda producir una enfermedad) a aquellos que lo realizan, hay que:<\/p>\n<ol type=\"a\">\n<li>Redise\u00f1ar el proceso o actividad para evitar el riesgo.<\/li>\n<li>Si el redise\u00f1o no es posible, hay que establecer medidas de protecci\u00f3n colectiva.<\/li>\n<li>Si no es posible la implementaci\u00f3n de dispositivos, elementos o protecciones de protecci\u00f3n colectiva, hay que recurrir a proteger individualmente a quien realiza el proceso o actividad. Esta protecci\u00f3n se realiza mediante Equipos de Protecci\u00f3n Individual (EPI)<\/li>\n<\/ol>\n<p>Se adjunta a continuaci\u00f3n en formato Word (760) Kb, y en formato pdf (121kb), el Procedimiento que desarrolla los requisitos de la legislaci\u00f3n vigente y recomendaciones del INSHT ( Instituto Nacional de Seguridad e Higiene en el Trabajo), en su aplicaci\u00f3n en la Universidad para la entrega y uso de este tipo de protecciones individuales.<\/p>\n<p>Este procedimiento ha sido aprobado por CSS ( Comit\u00e9 de Seguridad y Salud), y por la Comisi\u00f3n de Planificaci\u00f3n.<\/p>\n<p><img src=\"https:\/\/prevencion.umh.es\/files\/2008\/04\/word.gif\" alt=\"word.gif\" \/><a title=\"Entrega y uso de EPI 1.2.doc\" href=\"https:\/\/prevencion.umh.es\/files\/2001\/10\/Entrega y uso de EPI 1.2.doc\"> Entrega y uso de EPI 12<\/a><br \/>\n<img src=\"https:\/\/prevencion.umh.es\/files\/2008\/04\/pdf.gif\" alt=\"pdf.gif\" \/><a title=\"Entrega y uso de EPI 1.2.pdf\" href=\"https:\/\/prevencion.umh.es\/files\/2001\/10\/Entrega y uso de EPI 1.2.pdf\"> Entrega y uso de EPI 12<\/a><\/p>\n<p>Se adjuntan tambi\u00e9n los modelos individuales de entrega de equipos y su registro.<\/p>\n<p><img src=\"https:\/\/prevencion.umh.es\/files\/2008\/04\/word.gif\" alt=\"word.gif\" \/><a title=\"documento de entrega.doc\" href=\"https:\/\/prevencion.umh.es\/files\/2001\/10\/documento de entrega.doc\"> documento de entrega<\/a><br \/>\n<img src=\"https:\/\/prevencion.umh.es\/files\/2008\/04\/word.gif\" alt=\"word.gif\" \/><a title=\"REGISTR EQUIPOS DE PROTECCION INDIVIDUAL.doc\" href=\"https:\/\/prevencion.umh.es\/files\/2001\/10\/REGISTR EQUIPOS DE PROTECCION INDIVIDUAL.doc\"> REGISTR EQUIPOS DE PROTECCION INDIVIDUAL<\/a><\/p>\n<p><\/p>","protected":false},"excerpt":{"rendered":"<p>Cuando al realizar un determinado proceso, o actividad, se detecte un riesgo para la salud (posibilidad de accidente, o de cualquier tipo de contaminante que pueda producir una enfermedad) a aquellos que lo realizan, hay que:<\/p>\n<p>Redise\u00f1ar el proceso o actividad para evitar el riesgo.<br \/>\nSi el redise\u00f1o no es posible, hay que establecer medidas de protecci\u00f3n [&#8230;]<\/p>\n","protected":false},"author":1,"featured_media":0,"parent":2804,"menu_order":10,"comment_status":"closed","ping_status":"open","template":"","meta":{"_links_to":"","_links_to_target":""},"_links":{"self":[{"href":"https:\/\/prevencion.umh.es\/ca\/wp-json\/wp\/v2\/pages\/1720"}],"collection":[{"href":"https:\/\/prevencion.umh.es\/ca\/wp-json\/wp\/v2\/pages"}],"about":[{"href":"https:\/\/prevencion.umh.es\/ca\/wp-json\/wp\/v2\/types\/page"}],"author":[{"embeddable":true,"href":"https:\/\/prevencion.umh.es\/ca\/wp-json\/wp\/v2\/users\/1"}],"replies":[{"embeddable":true,"href":"https:\/\/prevencion.umh.es\/ca\/wp-json\/wp\/v2\/comments?post=1720"}],"version-history":[{"count":0,"href":"https:\/\/prevencion.umh.es\/ca\/wp-json\/wp\/v2\/pages\/1720\/revisions"}],"up":[{"embeddable":true,"href":"https:\/\/prevencion.umh.es\/ca\/wp-json\/wp\/v2\/pages\/2804"}],"wp:attachment":[{"href":"https:\/\/prevencion.umh.es\/ca\/wp-json\/wp\/v2\/media?parent=1720"}],"curies":[{"name":"wp","href":"https:\/\/api.w.org\/{rel}","templated":true}]}}