{"id":1727,"date":"2002-07-17T09:41:30","date_gmt":"2002-07-17T07:41:30","guid":{"rendered":"http:\/\/prevencion.zeus.umh.es\/2002\/07\/17\/riesgo-biologico-en-actividades-de-docencia-e-investigacion-riesgo-biologico-en-actividades-de-docencia-e-investigacion\/"},"modified":"2023-02-08T14:01:14","modified_gmt":"2023-02-08T13:01:14","slug":"riesgo-biologico-en-actividades-de-docencia-e-investigacion-riesgo-biologico-en-actividades-de-docencia-e-investigacion","status":"publish","type":"page","link":"https:\/\/prevencion.umh.es\/ca\/procedimientos\/riesgo-biologico-en-actividades-de-docencia-e-investigacion-riesgo-biologico-en-actividades-de-docencia-e-investigacion\/","title":{"rendered":"Riesgo Biol\u00f3gico en actividades de Docencia e Investigaci\u00f3n."},"content":{"rendered":"<p><\/p>\n<p><p>El Real Decreto 664\/1997 de 12 de mayo, estableci\u00f3 las disposiciones m\u00ednimas de prevenci\u00f3n y protecci\u00f3n en la exposici\u00f3n a riesgos biol\u00f3gicos en el \u00e1mbito laboral. La instrucci\u00f3n que sigue, tiene el objetivo de difundir esta legislaci\u00f3n as\u00ed como indicar como formalizar en la Universidad el cumplimiento de los requisitos exigidos.Se adjunta la misma versi\u00f3n del documento en formato Word y Pdf.<\/p>\n<p>\u00a0<br \/>\n<img src=\"https:\/\/prevencion.umh.es\/files\/2008\/04\/word.gif\" alt=\"word.gif\" \/><a title=\"Riesgo biologico v1.61.doc\" href='https:\/\/prevencion.umh.es\/files\/2011\/10\/riesgo-biologico-v161.docx'> Riesgo biologico v1.61<\/a><br \/>\n<img src=\"https:\/\/prevencion.umh.es\/files\/2008\/04\/pdf.gif\" alt=\"pdf.gif\" \/><a title=\"Riesgo biologico v1.61.pdf\" href='https:\/\/prevencion.umh.es\/files\/2011\/10\/riesgo-biologico-v161.pdf'> Riesgo biologico v1.61<\/a><\/ul>\n<p><em>Ultima actualizaci\u00f3n 16-10-2009, <\/em><\/p>\n<\/p>\n<p><\/p>","protected":false},"excerpt":{"rendered":"<p>El Real Decreto 664\/1997 de 12 de mayo, estableci\u00f3 las disposiciones m\u00ednimas de prevenci\u00f3n y protecci\u00f3n en la exposici\u00f3n a riesgos biol\u00f3gicos en el \u00e1mbito laboral. La instrucci\u00f3n que sigue, tiene el objetivo de difundir esta legislaci\u00f3n as\u00ed como indicar como formalizar en la Universidad el cumplimiento de los requisitos exigidos.Se adjunta la misma versi\u00f3n [&#8230;]<\/p>\n","protected":false},"author":1,"featured_media":0,"parent":2105,"menu_order":50,"comment_status":"closed","ping_status":"open","template":"","meta":{"_links_to":"","_links_to_target":""},"_links":{"self":[{"href":"https:\/\/prevencion.umh.es\/ca\/wp-json\/wp\/v2\/pages\/1727"}],"collection":[{"href":"https:\/\/prevencion.umh.es\/ca\/wp-json\/wp\/v2\/pages"}],"about":[{"href":"https:\/\/prevencion.umh.es\/ca\/wp-json\/wp\/v2\/types\/page"}],"author":[{"embeddable":true,"href":"https:\/\/prevencion.umh.es\/ca\/wp-json\/wp\/v2\/users\/1"}],"replies":[{"embeddable":true,"href":"https:\/\/prevencion.umh.es\/ca\/wp-json\/wp\/v2\/comments?post=1727"}],"version-history":[{"count":0,"href":"https:\/\/prevencion.umh.es\/ca\/wp-json\/wp\/v2\/pages\/1727\/revisions"}],"up":[{"embeddable":true,"href":"https:\/\/prevencion.umh.es\/ca\/wp-json\/wp\/v2\/pages\/2105"}],"wp:attachment":[{"href":"https:\/\/prevencion.umh.es\/ca\/wp-json\/wp\/v2\/media?parent=1727"}],"curies":[{"name":"wp","href":"https:\/\/api.w.org\/{rel}","templated":true}]}}