{"id":1734,"date":"2004-03-11T11:19:12","date_gmt":"2004-03-11T09:19:12","guid":{"rendered":"http:\/\/prevencion.zeus.umh.es\/2004\/03\/11\/compra-y-almacenamiento-de-productos-quimicos-compra-y-almacenamiento-de-productos-quimicos\/"},"modified":"2019-11-08T09:57:17","modified_gmt":"2019-11-08T08:57:17","slug":"compra-y-almacenamiento-de-productos-quimicos-compra-y-almacenamiento-de-productos-quimicos","status":"publish","type":"page","link":"https:\/\/prevencion.umh.es\/ca\/procedimientos\/productos-quimicos\/compra-y-almacenamiento-de-productos-quimicos-compra-y-almacenamiento-de-productos-quimicos\/","title":{"rendered":"Compra y almacenamiento de productos qu\u00edmicos."},"content":{"rendered":"<p><\/p>\n<p><ul>El procedimiento que sigue, establece un m\u00e9todo sistem\u00e1tico para el control de las compras y del almacenamiento de los productos qu\u00edmicos en los distintos almacenes, laboratorios, y talleres en la Universidad Miguel Hern\u00e1ndez, recogiendo los requerimientos de las distintas normativas vigentes, como los recomendaciones de seguridad que la experiencia aconseja recoger como necesarias.Tambi\u00e9n incluye el procedimiento la necesaria informaci\u00f3n y documentaci\u00f3n que hay que hacer conocer a los equipos de emergencia de cada campus, para el tratamiento de la emergencia.<\/p>\n<div>Se incluye a continuaci\u00f3n el procedimiento en formatos descargables en Word y PDF, as\u00ed como el modelo de registro de productos qu\u00edmicos<\/div>\n<\/ul>\n<div><img src=\"https:\/\/prevencion.umh.es\/files\/2008\/04\/word.gif\" alt=\"word.gif\" \/><a title=\"Compra y almacenamiento de productos quimicos V3.2.doc\" href=\"https:\/\/prevencion.umh.es\/files\/2012\/01\/compra-y-almacenamiento-de-productos-quimicos-v32.doc\"> Compra y almacenamiento de productos quimicos V3.2<\/a><br \/>\n<img src=\"https:\/\/prevencion.umh.es\/files\/2008\/04\/pdf.gif\" alt=\"pdf.gif\" \/><a title=\"Compra y almacenamiento de productos quimicos V3.2.pdf\" href=\"https:\/\/prevencion.umh.es\/files\/2012\/01\/compra-y-almacenamiento-de-productos-quimicos-v32.pdf\"> Compra y almacenamiento de productos quimicos V3.2<\/a><\/div>\n<div><em>\u00daltima actualizaci\u00f3n:23\/03\/2012<\/em><\/div>\n<p>Enlace a la aplicaci\u00f3n inform\u00e1tica para el registro y consulta de los productos qu\u00edmicos por estancia: http:\/\/camarillas.umh.es\/riesgos\/<\/p>\n<div><em>Ultima actualizaci\u00f3n: 23\/03\/2012.<\/em><\/div>\n<\/p>\n<p><\/p>","protected":false},"excerpt":{"rendered":"<p>El procedimiento que sigue, establece un m\u00e9todo sistem\u00e1tico para el control de las compras y del almacenamiento de los productos qu\u00edmicos en los distintos almacenes, laboratorios, y talleres en la Universidad Miguel Hern\u00e1ndez, recogiendo los requerimientos de las distintas normativas vigentes, como los recomendaciones de seguridad que la experiencia aconseja recoger como necesarias.Tambi\u00e9n incluye el [&#8230;]<\/p>\n","protected":false},"author":1,"featured_media":0,"parent":2805,"menu_order":10,"comment_status":"closed","ping_status":"open","template":"","meta":{"_links_to":"","_links_to_target":""},"_links":{"self":[{"href":"https:\/\/prevencion.umh.es\/ca\/wp-json\/wp\/v2\/pages\/1734"}],"collection":[{"href":"https:\/\/prevencion.umh.es\/ca\/wp-json\/wp\/v2\/pages"}],"about":[{"href":"https:\/\/prevencion.umh.es\/ca\/wp-json\/wp\/v2\/types\/page"}],"author":[{"embeddable":true,"href":"https:\/\/prevencion.umh.es\/ca\/wp-json\/wp\/v2\/users\/1"}],"replies":[{"embeddable":true,"href":"https:\/\/prevencion.umh.es\/ca\/wp-json\/wp\/v2\/comments?post=1734"}],"version-history":[{"count":0,"href":"https:\/\/prevencion.umh.es\/ca\/wp-json\/wp\/v2\/pages\/1734\/revisions"}],"up":[{"embeddable":true,"href":"https:\/\/prevencion.umh.es\/ca\/wp-json\/wp\/v2\/pages\/2805"}],"wp:attachment":[{"href":"https:\/\/prevencion.umh.es\/ca\/wp-json\/wp\/v2\/media?parent=1734"}],"curies":[{"name":"wp","href":"https:\/\/api.w.org\/{rel}","templated":true}]}}