{"id":1737,"date":"2004-03-12T09:17:05","date_gmt":"2004-03-12T07:17:05","guid":{"rendered":"http:\/\/prevencion.zeus.umh.es\/2004\/03\/12\/docencia-e-investigacion-coordinacion-en-docencia-e-investigacion\/"},"modified":"2024-04-23T14:58:01","modified_gmt":"2024-04-23T12:58:01","slug":"docencia-e-investigacion-coordinacion-en-docencia-e-investigacion","status":"publish","type":"page","link":"https:\/\/prevencion.umh.es\/ca\/procedimientos\/coordinacion-de-actividades-empresariales-en-prl-a24-lprl\/docencia-e-investigacion-coordinacion-en-docencia-e-investigacion\/","title":{"rendered":"Coordinaci\u00f3 PRL Docencia e Investigaci\u00f3."},"content":{"rendered":"<p>La Universitat t\u00e9 acords amb altres universitats, instituts de recerca, o altres entitats (principalment relacionats amb projectes de transfer\u00e8ncia de investigaci\u00f3 o tecnologia), que permeten que personal visitant desenvolupe activitats a les nostres instal\u00b7lacions, i que personal propi es moga per a realitzar aquestes activitats a les instal\u00b7lacions d\u2019altres institucions.<\/p>\n<p>Quan aquestes estades siguen significatives, s\u2019aplica l\u2019article. 24 de la LPRL i el Rd. 171\/2004 que el desenvolupa. Aquesta normativa regula el necessari intercanvi d&#8217;informaci\u00f3 i coordinaci\u00f3 d&#8217;activitats per tal d&#8217;evitar o minimitzar els riscos derivats de la realitzaci\u00f3 de activitats per diferents empreses en un mateix centre de treball. A continuaci\u00f3, s\u2019inclou el procediment que detalla l&#8217;execuci\u00f3 d&#8217;aquesta normativa a la Universitat.<\/p>\n<p><img src=\"https:\/\/prevencion.umh.es\/files\/2008\/04\/pdf.gif\" alt=\"pdf.gif\" \/><a title=\"Procediment coordinaci\u00f3 de riscos en doc\u00e8ncia i investigaci\u00f3 v.2.7.pdf\" href=\"https:\/\/prevencion.umh.es\/files\/2019\/07\/Procediment-de-coordinaci\u00f3-en-docencia-e-investigaci\u00f3-v.2.7.pdf\"> Procediment de coordinaci\u00f3 de riscos en doc\u00e8ncia i investigaci\u00f3 v2.7<\/a><\/p>\n<p>Per un millor aprofitament s&#8217;inclou la fitxa informativa dels riscos que s&#8217;utilitza al procediment.<\/p>\n<p><img src=\"https:\/\/prevencion.umh.es\/files\/2008\/04\/word.gif\" alt=\"word.gif\" \/><a title=\"fitxa informativa de riscos.doc\" href=\"https:\/\/prevencion.umh.es\/files\/2019\/07\/fitxa-informativa-de-riscos-.docx\"> fitxa informativa de riscos en valenci\u00e0<\/a><\/p>\n<p><em>Procediment aprovat pel Consell de Govern de la Universitat a la sessi\u00f3 del 3 de maig de 2006. <\/em><\/p>","protected":false},"excerpt":{"rendered":"<p>La Universitat t\u00e9 acords amb altres universitats, instituts de recerca, o altres entitats (principalment relacionats amb projectes de transfer\u00e8ncia de investigaci\u00f3 o tecnologia), que permeten que personal visitant desenvolupe activitats a les nostres instal\u00b7lacions, i que personal propi es moga per a realitzar aquestes activitats a les instal\u00b7lacions d\u2019altres institucions.<br \/>\nQuan aquestes estades siguen significatives, s\u2019aplica [&#8230;]<\/p>\n","protected":false},"author":1,"featured_media":0,"parent":2174,"menu_order":5,"comment_status":"closed","ping_status":"open","template":"","meta":{"_links_to":"","_links_to_target":""},"_links":{"self":[{"href":"https:\/\/prevencion.umh.es\/ca\/wp-json\/wp\/v2\/pages\/1737"}],"collection":[{"href":"https:\/\/prevencion.umh.es\/ca\/wp-json\/wp\/v2\/pages"}],"about":[{"href":"https:\/\/prevencion.umh.es\/ca\/wp-json\/wp\/v2\/types\/page"}],"author":[{"embeddable":true,"href":"https:\/\/prevencion.umh.es\/ca\/wp-json\/wp\/v2\/users\/1"}],"replies":[{"embeddable":true,"href":"https:\/\/prevencion.umh.es\/ca\/wp-json\/wp\/v2\/comments?post=1737"}],"version-history":[{"count":0,"href":"https:\/\/prevencion.umh.es\/ca\/wp-json\/wp\/v2\/pages\/1737\/revisions"}],"up":[{"embeddable":true,"href":"https:\/\/prevencion.umh.es\/ca\/wp-json\/wp\/v2\/pages\/2174"}],"wp:attachment":[{"href":"https:\/\/prevencion.umh.es\/ca\/wp-json\/wp\/v2\/media?parent=1737"}],"curies":[{"name":"wp","href":"https:\/\/api.w.org\/{rel}","templated":true}]}}