{"id":1749,"date":"2004-03-11T17:08:48","date_gmt":"2004-03-11T15:08:48","guid":{"rendered":"http:\/\/prevencion.zeus.umh.es\/2004\/03\/11\/investigacion-de-accidentes-investigacion-de-accidentes-e-incidentes\/"},"modified":"2024-04-18T14:10:19","modified_gmt":"2024-04-18T12:10:19","slug":"investigacion-de-accidentes-investigacion-de-accidentes-e-incidentes","status":"publish","type":"page","link":"https:\/\/prevencion.umh.es\/ca\/procedimientos\/investigacion-de-accidentes-investigacion-de-accidentes-e-incidentes\/","title":{"rendered":"Investigaci\u00f3n de accidentes e incidentes."},"content":{"rendered":"<p>El articulo 16.3 de la Ley de prevenci\u00f3n de Riesgos laborales, indica que es obligaci\u00f3n del empresario el investigar los accidentes e incidentes.<\/p>\n<p>\u2013 Definiciones de Accidente de trabajo:<\/p>\n<ul>\n<li>\n<ul>\u2022Legal: Toda lesi\u00f3n corporal que el trabajador sufra con ocasi\u00f3n o a consecuencia del trabajo que ejecuta por cuenta ajena.\u2022Desde la Prevenci\u00f3n (seguridad): Suceso anormal. No querido ni deseado, que rompe la continuidad de un trabajo de forma s\u00fabita e inesperada y que conlleva un riesgo potencial para las personas.<\/ul>\n<\/li>\n<\/ul>\n<p>El objetivo de la investigaci\u00f3n es determinar que causas son las que provocan estos hechos, con la finalidad de eliminarlas o reducirlas, a fin de evitar su repetici\u00f3n. No se trata de una investigaci\u00f3n para definir culpabilidades, sino para determinar las causas que provocan el incidente (accidente sin lesiones) o accidente, y poner en marcha las medidas correctoras, para que no vuelva a producirse.<\/p>\n<p>El procedimiento que a continuaci\u00f3n se adjunta, particulariza como hay que realizar en la Universidad estas investigaciones<\/p>\n<p>Se adjunta tambi\u00e9n el formulario de investigaci\u00f3n y un modelo de registro.<\/p>\n<p><strong><em>Procedimiento<\/em><\/strong><br \/>\n<strong><em><img src=\"https:\/\/prevencion.umh.es\/files\/2008\/04\/word.gif\" alt=\"word.gif\" \/><a title=\"Investigacion de accidentes-umh 4.3.doc\" href=\"https:\/\/prevencion.umh.es\/files\/2004\/03\/Investigacion de accidentes-umh 4.3.doc\"> Investigacion de accidentes-umh 4.3<\/a><br \/>\n<\/em><\/strong><br \/>\n<em>Ultima actualizaci\u00f3n: 29-03-2010 ( actualizaci\u00f3n para recoger R. D. 2\/2010, por el que se modifica el Reglamento General del Mutualismo Administrativo)<\/em><\/p>\n<p><em><strong>Formulario de Notificaci\u00f3n:<\/strong><\/em><br \/>\n<img src=\"https:\/\/prevencion.umh.es\/files\/2008\/04\/word.gif\" alt=\"word.gif\" \/><a title=\"notificacion.doc\" href=\"https:\/\/prevencion.umh.es\/files\/2011\/09\/notificacion.doc\"> notificacion<\/a><\/p>\n<p><em><strong>Formulario de Investigaci\u00f3n:<\/strong><\/em><\/p>\n<p><img src=\"https:\/\/prevencion.umh.es\/files\/2008\/04\/word.gif\" alt=\"word.gif\" \/><a title=\"formulario investigacion v.2.doc\" href=\"https:\/\/prevencion.umh.es\/files\/2004\/03\/formulario investigacion v.2.doc\"> formulario investigacion v2<\/a><\/p>\n<p><strong><em>Modelo de registro en una Unidad<\/em><\/strong><br \/>\n<img src=\"https:\/\/prevencion.umh.es\/files\/2008\/04\/word.gif\" alt=\"word.gif\" \/><a title=\"registro de accidentes unidad.doc\" href=\"https:\/\/prevencion.umh.es\/files\/2004\/03\/registro de accidentes unidad.doc\"> registro de accidentes unidad<\/a><\/p>\n<p><em>Ultima actualizaci\u00f3n: 23-11-2005<\/em><\/p>","protected":false},"excerpt":{"rendered":"<p>El articulo 16.3 de la Ley de prevenci\u00f3n de Riesgos laborales, indica que es obligaci\u00f3n del empresario el investigar los accidentes e incidentes.<br \/>\n\u2013 Definiciones de Accidente de trabajo:<\/p>\n<p>\u2022Legal: Toda lesi\u00f3n corporal que el trabajador sufra con ocasi\u00f3n o a consecuencia del trabajo que ejecuta por cuenta ajena.\u2022Desde la Prevenci\u00f3n (seguridad): Suceso anormal. No querido ni [&#8230;]<\/p>\n","protected":false},"author":1,"featured_media":0,"parent":2105,"menu_order":65,"comment_status":"closed","ping_status":"open","template":"","meta":{"_links_to":"","_links_to_target":""},"_links":{"self":[{"href":"https:\/\/prevencion.umh.es\/ca\/wp-json\/wp\/v2\/pages\/1749"}],"collection":[{"href":"https:\/\/prevencion.umh.es\/ca\/wp-json\/wp\/v2\/pages"}],"about":[{"href":"https:\/\/prevencion.umh.es\/ca\/wp-json\/wp\/v2\/types\/page"}],"author":[{"embeddable":true,"href":"https:\/\/prevencion.umh.es\/ca\/wp-json\/wp\/v2\/users\/1"}],"replies":[{"embeddable":true,"href":"https:\/\/prevencion.umh.es\/ca\/wp-json\/wp\/v2\/comments?post=1749"}],"version-history":[{"count":0,"href":"https:\/\/prevencion.umh.es\/ca\/wp-json\/wp\/v2\/pages\/1749\/revisions"}],"up":[{"embeddable":true,"href":"https:\/\/prevencion.umh.es\/ca\/wp-json\/wp\/v2\/pages\/2105"}],"wp:attachment":[{"href":"https:\/\/prevencion.umh.es\/ca\/wp-json\/wp\/v2\/media?parent=1749"}],"curies":[{"name":"wp","href":"https:\/\/api.w.org\/{rel}","templated":true}]}}