{"id":1753,"date":"2009-10-16T07:32:42","date_gmt":"2009-10-16T05:32:42","guid":{"rendered":"http:\/\/prevencion.zeus.umh.es\/2009\/10\/16\/gestion-de-la-proteccion-a-maternidad-lactancia-y-trabajadores-sensibles-gestion-de-la-proteccion-a-la-maternidad-lactancia-y-de-trabajadores-sensibles\/"},"modified":"2024-07-15T19:43:12","modified_gmt":"2024-07-15T17:43:12","slug":"gestion-de-la-proteccion-a-maternidad-lactancia-y-trabajadores-sensibles-gestion-de-la-proteccion-a-la-maternidad-lactancia-y-de-trabajadores-sensibles","status":"publish","type":"page","link":"https:\/\/prevencion.umh.es\/ca\/procedimientos\/gestion-de-la-proteccion-a-maternidad-lactancia-y-trabajadores-sensibles-gestion-de-la-proteccion-a-la-maternidad-lactancia-y-de-trabajadores-sensibles\/","title":{"rendered":"Gesti\u00f3n de la proteccion a maternidad, lactancia y trabajadores sensibles."},"content":{"rendered":"<p><\/p>\n<ul>El cap\u00edtulo III de la Ley 31\/1995, de 8 de noviembre, de Prevenci\u00f3n de Riesgos Laborales, aplicable al personal de las administraciones p\u00fablicas, establece una serie de derechos y obligaciones derivados o correlativos del derecho b\u00e1sico de los trabajadores a su protecci\u00f3n, as\u00ed como las medidas particulares a adoptar en relaci\u00f3n con categor\u00edas espec\u00edficas de trabajadores por la especial sensibilidad de \u00e9stos a los riesgos laborales, as\u00ed como a la protecci\u00f3n a la maternidad (incluyendo periodo de Lactancia).El procedimiento que sigue tiene por objeto establecer un m\u00e9todo sistem\u00e1tico de actuaci\u00f3n en los posibles casos incluidos en los supuestos anteriores que pudieran afectar al personal de la Universidad Miguel Hern\u00e1ndez (UMH).Quede claro que este procedimiento define el circuito y pasos para gestionar esta protecci\u00f3n en la Universidad, pero que el circuito en todos los casos deber\u00eda iniciarse con la consulta al titular de vigilancia de la Salud (servicio m\u00e9dico), del Servicio de Prevenci\u00f3n de Riesgos Laborales (ver en esta misma WEB, en el apartado \u201cservicio m\u00e9dico\u201d, horarios y forma de contactar).<\/ul>\n<p><img src=\"https:\/\/prevencion.umh.es\/files\/2008\/04\/pdf.gif\" alt=\"pdf.gif\" \/><a title=\"Gesti\u00f3n de protecc. maternidad y sensibles v1.4.pdf\" href=\"https:\/\/prevencion.umh.es\/files\/2009\/10\/Gesti\u00f3n de protecc. maternidad y sensibles v1.4.pdf\"> Gesti\u00f3n de protecc maternidad y sensibles v1.4<\/a><\/p>\n<p><em>Ultima actualizaci\u00f3n: 08-09-2010 (Recogindo particularidades Orden PRE\/1744\/2010, tramitaci\u00f3n riesgo para embarazo o maternidad, funcionarios MUFACE)<\/em><\/p>","protected":false},"excerpt":{"rendered":"<p>El cap\u00edtulo III de la Ley 31\/1995, de 8 de noviembre, de Prevenci\u00f3n de Riesgos Laborales, aplicable al personal de las administraciones p\u00fablicas, establece una serie de derechos y obligaciones derivados o correlativos del derecho b\u00e1sico de los trabajadores a su protecci\u00f3n, as\u00ed como las medidas particulares a adoptar en relaci\u00f3n con categor\u00edas espec\u00edficas de [&#8230;]<\/p>\n","protected":false},"author":131,"featured_media":0,"parent":2105,"menu_order":70,"comment_status":"closed","ping_status":"open","template":"","meta":{"_links_to":"","_links_to_target":""},"_links":{"self":[{"href":"https:\/\/prevencion.umh.es\/ca\/wp-json\/wp\/v2\/pages\/1753"}],"collection":[{"href":"https:\/\/prevencion.umh.es\/ca\/wp-json\/wp\/v2\/pages"}],"about":[{"href":"https:\/\/prevencion.umh.es\/ca\/wp-json\/wp\/v2\/types\/page"}],"author":[{"embeddable":true,"href":"https:\/\/prevencion.umh.es\/ca\/wp-json\/wp\/v2\/users\/131"}],"replies":[{"embeddable":true,"href":"https:\/\/prevencion.umh.es\/ca\/wp-json\/wp\/v2\/comments?post=1753"}],"version-history":[{"count":0,"href":"https:\/\/prevencion.umh.es\/ca\/wp-json\/wp\/v2\/pages\/1753\/revisions"}],"up":[{"embeddable":true,"href":"https:\/\/prevencion.umh.es\/ca\/wp-json\/wp\/v2\/pages\/2105"}],"wp:attachment":[{"href":"https:\/\/prevencion.umh.es\/ca\/wp-json\/wp\/v2\/media?parent=1753"}],"curies":[{"name":"wp","href":"https:\/\/api.w.org\/{rel}","templated":true}]}}