{"id":1757,"date":"2003-04-09T15:04:21","date_gmt":"2003-04-09T13:04:21","guid":{"rendered":"http:\/\/prevencion.zeus.umh.es\/2003\/04\/09\/01-presentacion\/"},"modified":"2016-11-04T09:47:17","modified_gmt":"2016-11-04T08:47:17","slug":"01-presentacion","status":"publish","type":"page","link":"https:\/\/prevencion.umh.es\/ca\/01-presentacion\/","title":{"rendered":"Multim\u00e8dia"},"content":{"rendered":"<p>Per a afavorir la formaci\u00f3 e informaci\u00f3 en mat\u00e8ria de prevenci\u00f3 de riscos laborals, presentem a continuaci\u00f3, un CD multim\u00e8dia i altres aplicacions, totes elles amb la intenci\u00f3 que qualsevol docent, investigador o personal d\u2019administraci\u00f3 i serveis puga tindre acc\u00e9s a les diferents publicacions, cursos, programes d\u2019autoavaluaci\u00f3, amb continguts que esperem anar millorant progressivament.<\/p>\n<p>Detall de material multim\u00e8dia.<\/p>\n<p>&nbsp;<\/p>\n<p>&#8211; <a href=\"https:\/\/prevencion.umh.es\/01-presentacion\/02-introduccion-a-la-prevencion-de-riesgos-laborales\/\">Introducci\u00f3n a la PRL<\/a> (CD).<\/p>\n<p>&#8211; <a href=\"https:\/\/prevencion.umh.es\/01-presentacion\/50-autoevaluacion-de-la-integracion-en-p-r-l-en-una-unidad\/\">Autoevaluaci\u00f3n de la Integraci\u00f3n de la PRL en una Unidad<\/a> (aplicaciones).<\/p>\n<p>&#8211; <a href=\"https:\/\/prevencion.umh.es\/01-presentacion\/55-metodo-simplificado-de-valoracion-del-riesgo-quimico\/\">M\u00e9todo simplificado de evaluaci\u00f3n del riesgo qu\u00edmico <\/a>(aplicaci\u00f3n).<\/p>\n<p>&#8211; <a href=\"https:\/\/prevencion.umh.es\/01-presentacion\/60-programa-interactivo-de-prevencion-de-riesgos-laborales-por-trafico\/\">Programa interactivo de P.R.L por tr\u00e1fico <\/a>(aplicaci\u00f3n directamente ejecutable).<\/p>\n<p>&#8211; <a href=\"https:\/\/prevencion.umh.es\/01-presentacion\/03-principios-basicos-de-seguridad-contra-incendios\/\">Principios b\u00e1sicos de seguridad en incendios <\/a>(CD).<\/p>\n<p>&#8211; <a href=\"https:\/\/prevencion.umh.es\/01-presentacion\/05-riesgos-en-puestos-de-trabajo-de-oficina-autoevaluacion-ergofi\/\">Riesgos en trabajos de oficina, autoevaluaci\u00f3n (ERGOFI)<\/a> (CD).<\/p>\n<p>&#8211; <a href=\"https:\/\/prevencion.umh.es\/01-presentacion\/75-prestamo-de-cd-de-diversas-materias-de-p-r-l\/\">Prestamo de CD de diversas materias en PRL <\/a>(colecci\u00f3n de CD).<\/p>","protected":false},"excerpt":{"rendered":"<p>Per a afavorir la formaci\u00f3 e informaci\u00f3 en mat\u00e8ria de prevenci\u00f3 de riscos laborals, presentem a continuaci\u00f3, un CD multim\u00e8dia i altres aplicacions, totes elles amb la intenci\u00f3 que qualsevol docent, investigador o personal d\u2019administraci\u00f3 i serveis puga tindre acc\u00e9s a les diferents publicacions, cursos, programes d\u2019autoavaluaci\u00f3, amb continguts que esperem anar millorant progressivament.<br \/>\nDetall de [&#8230;]<\/p>\n","protected":false},"author":1,"featured_media":0,"parent":0,"menu_order":92,"comment_status":"closed","ping_status":"open","template":"","meta":{"_links_to":"","_links_to_target":""},"_links":{"self":[{"href":"https:\/\/prevencion.umh.es\/ca\/wp-json\/wp\/v2\/pages\/1757"}],"collection":[{"href":"https:\/\/prevencion.umh.es\/ca\/wp-json\/wp\/v2\/pages"}],"about":[{"href":"https:\/\/prevencion.umh.es\/ca\/wp-json\/wp\/v2\/types\/page"}],"author":[{"embeddable":true,"href":"https:\/\/prevencion.umh.es\/ca\/wp-json\/wp\/v2\/users\/1"}],"replies":[{"embeddable":true,"href":"https:\/\/prevencion.umh.es\/ca\/wp-json\/wp\/v2\/comments?post=1757"}],"version-history":[{"count":0,"href":"https:\/\/prevencion.umh.es\/ca\/wp-json\/wp\/v2\/pages\/1757\/revisions"}],"wp:attachment":[{"href":"https:\/\/prevencion.umh.es\/ca\/wp-json\/wp\/v2\/media?parent=1757"}],"curies":[{"name":"wp","href":"https:\/\/api.w.org\/{rel}","templated":true}]}}