{"id":1760,"date":"2003-04-09T17:35:44","date_gmt":"2003-04-09T15:35:44","guid":{"rendered":"http:\/\/prevencion.zeus.umh.es\/2003\/04\/09\/05-riesgos-en-puestos-de-trabajo-de-oficina-autoevaluacion-ergofi\/"},"modified":"2019-12-03T12:49:50","modified_gmt":"2019-12-03T11:49:50","slug":"05-riesgos-en-puestos-de-trabajo-de-oficina-autoevaluacion-ergofi","status":"publish","type":"page","link":"https:\/\/prevencion.umh.es\/ca\/01-presentacion\/05-riesgos-en-puestos-de-trabajo-de-oficina-autoevaluacion-ergofi\/","title":{"rendered":"Riesgos en puestos de trabajo de oficina, Autoevaluaci\u00f3n (ERGOFI)"},"content":{"rendered":"<p>Es una herramienta multimedia desarrollada por IBV (Instituto de Biomec\u00e1nica de Valencia), que ayuda a detectar y prevenir los problemas ergon\u00f3micos que pueden surgir en el puesto de trabajo de oficina.<\/p>\n<p>El ERGOFI\/IBV esta desarrollado en formato intuitivo, con varios perfiles de Puesto de trabajo (Directivo, T\u00e9cnico, Administrativo y recepcionista), y con diversos niveles intermedios, enlaces y v\u00ednculos con nombres comunes como &#8220;ver Elementos&#8221;, &#8220;Informaci\u00f3n general&#8221;, &#8220;problemas y soluciones&#8221;, &#8220;autoevaluaci\u00f3n&#8221; &#8230;..<\/p>\n<p><strong><\/strong><strong>Requisitos m\u00ednimos del equipo<\/strong>:<\/p>\n<p>Procesador Pentium II.<\/p>\n<p>RAM de 32 MB<\/p>\n<p>Win 9X , NT, o 2000<\/p>\n<p>VGA (800&#215;600)<\/p>\n<p>Tarjeta de Sonido<\/p>\n<p>Auriculares o altavoces (recomendado)<\/p>\n<p><strong><\/strong><strong>Consejos de instalaci\u00f3n:<\/strong><\/p>\n<p>\u00a0&#8211; Efectuar la instalaci\u00f3n desde :   <a href=\"http:\/\/www.umh.es\/https:\/\/universite.umh.es\/descargasoftware\/downloadsw2.asp?id_soft=14\"><span style=\"text-decoration: underline\">http:\/\/www.umh.es\/servicios\/si\/downloadsw2.asp?id_soft=14<\/span><\/a><\/p>\n<ul>&#8211; Ejecutar el programa Ergofi-ibv.exe. La primera ejecuci\u00f3n realizar\u00e1 la instalaci\u00f3n, tras reiniciar el equipo, la segunda vez que lo ejecutemos nos permite acceder al programa y realizar la evaluaci\u00f3n.<\/ul>\n<p><\/p>","protected":false},"excerpt":{"rendered":"<p>Es una herramienta multimedia desarrollada por IBV (Instituto de Biomec\u00e1nica de Valencia), que ayuda a detectar y prevenir los problemas ergon\u00f3micos que pueden surgir en el puesto de trabajo de oficina.<br \/>\nEl ERGOFI\/IBV esta desarrollado en formato intuitivo, con varios perfiles de Puesto de trabajo (Directivo, T\u00e9cnico, Administrativo y recepcionista), y con diversos niveles intermedios, enlaces [&#8230;]<\/p>\n","protected":false},"author":1,"featured_media":0,"parent":1757,"menu_order":50,"comment_status":"closed","ping_status":"open","template":"","meta":{"_links_to":"","_links_to_target":""},"_links":{"self":[{"href":"https:\/\/prevencion.umh.es\/ca\/wp-json\/wp\/v2\/pages\/1760"}],"collection":[{"href":"https:\/\/prevencion.umh.es\/ca\/wp-json\/wp\/v2\/pages"}],"about":[{"href":"https:\/\/prevencion.umh.es\/ca\/wp-json\/wp\/v2\/types\/page"}],"author":[{"embeddable":true,"href":"https:\/\/prevencion.umh.es\/ca\/wp-json\/wp\/v2\/users\/1"}],"replies":[{"embeddable":true,"href":"https:\/\/prevencion.umh.es\/ca\/wp-json\/wp\/v2\/comments?post=1760"}],"version-history":[{"count":0,"href":"https:\/\/prevencion.umh.es\/ca\/wp-json\/wp\/v2\/pages\/1760\/revisions"}],"up":[{"embeddable":true,"href":"https:\/\/prevencion.umh.es\/ca\/wp-json\/wp\/v2\/pages\/1757"}],"wp:attachment":[{"href":"https:\/\/prevencion.umh.es\/ca\/wp-json\/wp\/v2\/media?parent=1760"}],"curies":[{"name":"wp","href":"https:\/\/api.w.org\/{rel}","templated":true}]}}