{"id":1763,"date":"2008-03-04T13:39:22","date_gmt":"2008-03-04T11:39:22","guid":{"rendered":"http:\/\/prevencion.zeus.umh.es\/2008\/03\/04\/50-autoevaluacion-de-la-integracion-en-p-r-l-en-una-unidad\/"},"modified":"2016-07-15T13:24:43","modified_gmt":"2016-07-15T11:24:43","slug":"50-autoevaluacion-de-la-integracion-en-p-r-l-en-una-unidad","status":"publish","type":"page","link":"https:\/\/prevencion.umh.es\/ca\/01-presentacion\/50-autoevaluacion-de-la-integracion-en-p-r-l-en-una-unidad\/","title":{"rendered":"Autoevaluaci\u00f3n de la integraci\u00f3n en P.R.L.  en una Unidad"},"content":{"rendered":"<p>Para facilitar la evaluaci\u00f3n de las actuaciones de una Unidad en intervenciones para promoci\u00f3n de la salud, y por tanto la integraci\u00f3n de la gesti\u00f3n de la Prevenci\u00f3n de los Riesgos Laborales en la gesti\u00f3n, se ha desarrollado por el Servicio de Prevenci\u00f3n de Riesgos Laborales la aplicaci\u00f3n en MS. ACCESS que mas abajo sigue.<\/p>\n<p>La aplicaci\u00f3n se ha desarrollado partir de una ficha pr\u00e1ctica publicada por la Agencia Europea de Seguridad y Salud en el trabajo, y esta basada el modelo EFQM.<\/p>\n<p>Esta autoevaluaci\u00f3n puede ser aplicada en introducci\u00f3n de datos por el responsable de la Unidad, o colegiada de los miembros, y permite por cumplimentaciones peri\u00f3dicas efectuar un seguimiento. Se han preparado dos aplicaciones, una para unidades sin laboratorios y otra para unidades con laboratorios. Adem\u00e1s se cuenta con una gu\u00eda explicativa para cada uno de los casos.<\/p>\n<p>Si la autoevaluaci\u00f3n se utiliza para evidenciar la integraci\u00f3n de la prevenci\u00f3n dentro de la pol\u00edtica general de objetivos de la Unidad, es conveniente la existencia de evidencias de cada uno de los ITEMS contestados que permitan su comprobaci\u00f3n.<\/p>\n<p><em>Instrucciones. Descargar a ordenador local, y cumplimentar all\u00ed para la Unidad interesada.<\/em><\/p>\n<p><a href=\"https:\/\/prevencion.umh.es\/files\/2011\/07\/autoevaluacion-con-lab.zip\">Autoevaluaci\u00f3n con laboratorios<\/a><\/p>\n<p><a href=\"https:\/\/prevencion.umh.es\/files\/2011\/07\/autoevaluacion-sin-lab.zip\">Autoevaluaci\u00f3n sin laboratorios<\/a><\/p>\n<p><em>Ultima actualizaci\u00f3n 15-11-2010<\/em><\/p>\n","protected":false},"excerpt":{"rendered":"<p>Para facilitar la evaluaci\u00f3n de las actuaciones de una Unidad en intervenciones para promoci\u00f3n de la salud, y por tanto la integraci\u00f3n de la gesti\u00f3n de la Prevenci\u00f3n de los Riesgos Laborales en la gesti\u00f3n, se ha desarrollado por el Servicio de Prevenci\u00f3n de Riesgos Laborales la aplicaci\u00f3n en MS. ACCESS que mas abajo sigue.<br \/>\nLa [&#8230;]<\/p>\n","protected":false},"author":131,"featured_media":0,"parent":1757,"menu_order":10,"comment_status":"closed","ping_status":"open","template":"","meta":{"_links_to":"","_links_to_target":""},"_links":{"self":[{"href":"https:\/\/prevencion.umh.es\/ca\/wp-json\/wp\/v2\/pages\/1763"}],"collection":[{"href":"https:\/\/prevencion.umh.es\/ca\/wp-json\/wp\/v2\/pages"}],"about":[{"href":"https:\/\/prevencion.umh.es\/ca\/wp-json\/wp\/v2\/types\/page"}],"author":[{"embeddable":true,"href":"https:\/\/prevencion.umh.es\/ca\/wp-json\/wp\/v2\/users\/131"}],"replies":[{"embeddable":true,"href":"https:\/\/prevencion.umh.es\/ca\/wp-json\/wp\/v2\/comments?post=1763"}],"version-history":[{"count":0,"href":"https:\/\/prevencion.umh.es\/ca\/wp-json\/wp\/v2\/pages\/1763\/revisions"}],"up":[{"embeddable":true,"href":"https:\/\/prevencion.umh.es\/ca\/wp-json\/wp\/v2\/pages\/1757"}],"wp:attachment":[{"href":"https:\/\/prevencion.umh.es\/ca\/wp-json\/wp\/v2\/media?parent=1763"}],"curies":[{"name":"wp","href":"https:\/\/api.w.org\/{rel}","templated":true}]}}