{"id":1767,"date":"2008-11-21T08:22:38","date_gmt":"2008-11-21T06:22:38","guid":{"rendered":"http:\/\/prevencion.zeus.umh.es\/2008\/11\/21\/60-programa-interactivo-de-prevencion-de-riesgos-laborales-por-trafico\/"},"modified":"2019-12-03T12:59:22","modified_gmt":"2019-12-03T11:59:22","slug":"60-programa-interactivo-de-prevencion-de-riesgos-laborales-por-trafico","status":"publish","type":"page","link":"https:\/\/prevencion.umh.es\/ca\/01-presentacion\/60-programa-interactivo-de-prevencion-de-riesgos-laborales-por-trafico\/","title":{"rendered":"Programa Interactivo de P.R.L. por Trafico"},"content":{"rendered":"<p>Todav\u00eda hay que hacer mucho en algunos campos para mejorar las condiciones de seguridad y salud laboral de los trabajadores, uno de ellos es el que hace referencia a los<strong> accidentes laborales por trafico<\/strong>, ya sean \u201cin itinere\u201d (yendo o volviendo del trabajo) o \u201cen misi\u00f3n\u201d (por los desplazamientos dentro de nuestra jornada laboral).<\/p>\n<p>Para contribuir a mejorar la condiciones en este campo, la Fundaci\u00f3n de la Comunidad Valenciana de la Prevenci\u00f3n de Riesgos Laborales, ha editado un CD con programa interactivo para informar y formar a la hora de llevar a cabo esta conducta potencialemente muy peligrosa, como es la conducci\u00f3n de un vehiculo.<\/p>\n<p>La universidad no es ajena a este tipo de problem\u00e1tica, por ello el Servicio de Prevenci\u00f3n de Riesgos Laborales, contando la autorizaci\u00f3n de la Fundaci\u00f3n, incluye a continuaci\u00f3n este interesante programa,<\/p>\n<p>Para ejecutarlo pulse sobre el enlace: <a href=\"http:\/\/www.umh.es\/prl\/\" target=\"_blank\" rel=\"noopener noreferrer\"><span style=\"text-decoration: underline\">http:\/\/www.umh.es\/prl\/<\/span><\/a><\/p>","protected":false},"excerpt":{"rendered":"<p>Todav\u00eda hay que hacer mucho en algunos campos para mejorar las condiciones de seguridad y salud laboral de los trabajadores, uno de ellos es el que hace referencia a los accidentes laborales por trafico, ya sean \u201cin itinere\u201d (yendo o volviendo del trabajo) o \u201cen misi\u00f3n\u201d (por los desplazamientos dentro de nuestra jornada laboral).<br \/>\nPara contribuir [&#8230;]<\/p>\n","protected":false},"author":131,"featured_media":0,"parent":1757,"menu_order":40,"comment_status":"closed","ping_status":"open","template":"","meta":{"_links_to":"","_links_to_target":""},"_links":{"self":[{"href":"https:\/\/prevencion.umh.es\/ca\/wp-json\/wp\/v2\/pages\/1767"}],"collection":[{"href":"https:\/\/prevencion.umh.es\/ca\/wp-json\/wp\/v2\/pages"}],"about":[{"href":"https:\/\/prevencion.umh.es\/ca\/wp-json\/wp\/v2\/types\/page"}],"author":[{"embeddable":true,"href":"https:\/\/prevencion.umh.es\/ca\/wp-json\/wp\/v2\/users\/131"}],"replies":[{"embeddable":true,"href":"https:\/\/prevencion.umh.es\/ca\/wp-json\/wp\/v2\/comments?post=1767"}],"version-history":[{"count":0,"href":"https:\/\/prevencion.umh.es\/ca\/wp-json\/wp\/v2\/pages\/1767\/revisions"}],"up":[{"embeddable":true,"href":"https:\/\/prevencion.umh.es\/ca\/wp-json\/wp\/v2\/pages\/1757"}],"wp:attachment":[{"href":"https:\/\/prevencion.umh.es\/ca\/wp-json\/wp\/v2\/media?parent=1767"}],"curies":[{"name":"wp","href":"https:\/\/api.w.org\/{rel}","templated":true}]}}