{"id":1769,"date":"2008-03-04T15:54:42","date_gmt":"2008-03-04T13:54:42","guid":{"rendered":"http:\/\/prevencion.zeus.umh.es\/2008\/03\/04\/75-prestamo-de-cd-de-diversas-materias-de-p-r-l\/"},"modified":"2019-12-03T13:16:01","modified_gmt":"2019-12-03T12:16:01","slug":"75-prestamo-de-cd-de-diversas-materias-de-p-r-l","status":"publish","type":"page","link":"https:\/\/prevencion.umh.es\/ca\/01-presentacion\/75-prestamo-de-cd-de-diversas-materias-de-p-r-l\/","title":{"rendered":"Pr\u00e9stamo de CD de diversas materias de P.R.L."},"content":{"rendered":"<p>Dentro de nuestra labor de difusi\u00f3n de la prevenci\u00f3n de riesgos laborales, el Servicio de Prevenci\u00f3n de la UMH pone a disposici\u00f3n de los trabajadores de esta Universidad su colecci\u00f3n de material multimedia en la materia. Si desea visualizar alguno de los mismos, no tiene m\u00e1s que rellenar el formulario adjunto y presionar enviar. Le haremos llegar el CD o DVD solicitado en r\u00e9gimen de pr\u00e9stamo por un periodo de15 d\u00edas. Trascurridos los mismos deber\u00e1 devolver el material al Servicio de Prevenci\u00f3n de Riesgos Laborales, en Av. de la Universidad, s\/n, Edificio Rectorado y Consejo Social (Campus Elche).<\/p>\n<p>Tel\u00e9fono (96) 665 86 25<\/p>\n<p><span style=\"text-decoration: underline\">Material disponible :<\/span><\/p>\n<ul>\n<li>\n<ul>\n<li>PREVENMETAL. BUENAS PR\u00c1CTICAS EN EL TRATAMIENTO DE SUPERFICIES METALICAS, DVD (AIMME).<\/li>\n<li>PRIMEROS AUXILIOS. DVD, (COASTAL).<\/li>\n<li>SEGURIDAD EN LABORATORIOS, DVD (COASTAL).<\/li>\n<li>CONDICIONES DE SEGURIDAD Y SALUD EN TRABAJOS VERTICALES. APLICACI\u00d3N MULTIMEDIA, (MUTUA ASEPEYO).<\/li>\n<li>PRACTICAS DE SEGURIDAD EN LA CONSTRUCCION. APLICACI\u00d3N MULTIMEDIA. (OSALAN).<\/li>\n<\/ul>\n<\/li>\n<\/ul>\n<p><div role=\"form\" class=\"wpcf7\" id=\"wpcf7-f4322-o2\" lang=\"es-ES\" dir=\"ltr\">\n<div class=\"screen-reader-response\"><p role=\"status\" aria-live=\"polite\" aria-atomic=\"true\"><\/p> <ul><\/ul><\/div>\n<form action=\"\/ca\/wp-json\/wp\/v2\/pages\/1769#wpcf7-f4322-o2\" method=\"post\" class=\"wpcf7-form init\" novalidate=\"novalidate\" data-status=\"init\">\n<div style=\"display: none;\">\n<input type=\"hidden\" name=\"_wpcf7\" value=\"4322\" \/>\n<input type=\"hidden\" name=\"_wpcf7_version\" value=\"5.5.2\" \/>\n<input type=\"hidden\" name=\"_wpcf7_locale\" value=\"es_ES\" \/>\n<input type=\"hidden\" name=\"_wpcf7_unit_tag\" value=\"wpcf7-f4322-o2\" \/>\n<input type=\"hidden\" name=\"_wpcf7_container_post\" value=\"0\" \/>\n<input type=\"hidden\" name=\"_wpcf7_posted_data_hash\" value=\"\" \/>\n<input type=\"hidden\" name=\"_wpcf7_recaptcha_response\" value=\"\" \/>\n<\/div>\n<table>\n<tr>\n<th colspan=\"2\">Buz\u00f3n de solicitud de material multimedia:<\/th>\n<\/tr>\n<tr>\n<th colspan=\"2\">(*) Campos requeridos<\/th>\n<\/tr>\n<tr>\n<td>Nombre (*):<\/td>\n<td>\n    <span class=\"wpcf7-form-control-wrap nombre\"><input type=\"text\" name=\"nombre\" value=\"\" size=\"40\" class=\"wpcf7-form-control wpcf7-text wpcf7-validates-as-required\" aria-required=\"true\" aria-invalid=\"false\" \/><\/span> <\/td>\n<\/tr>\n<tr>\n<td>T\u00edtulos Solicitados:<\/td>\n<td>\n    <span class=\"wpcf7-form-control-wrap titulo\"><textarea name=\"titulo\" cols=\"40\" rows=\"10\" class=\"wpcf7-form-control wpcf7-textarea\" aria-invalid=\"false\"><\/textarea><\/span> <\/td>\n<\/tr>\n<tr>\n<td>Motivaci\u00f3n:<\/td>\n<td>\n    <span class=\"wpcf7-form-control-wrap motivo\"><input type=\"text\" name=\"motivo\" value=\"\" size=\"40\" class=\"wpcf7-form-control wpcf7-text\" aria-invalid=\"false\" \/><\/span> <\/td>\n<\/tr>\n<tr>\n<td>Direcci\u00f3n de envio:<\/td>\n<td>\n    <span class=\"wpcf7-form-control-wrap envio\"><input type=\"text\" name=\"envio\" value=\"\" size=\"40\" class=\"wpcf7-form-control wpcf7-text\" aria-invalid=\"false\" \/><\/span> <\/td>\n<\/tr>\n<tr>\n<td>Observaciones:<\/td>\n<td>\n    <span class=\"wpcf7-form-control-wrap mensaje\"><textarea name=\"mensaje\" cols=\"40\" rows=\"10\" class=\"wpcf7-form-control wpcf7-textarea\" aria-invalid=\"false\"><\/textarea><\/span> <\/td>\n<\/tr>\n<tr colspan=\"2\">\n<td  colspan=\"2\">\n<span class=\"wpcf7-form-control-wrap recaptcha\" data-name=\"recaptcha\"><span data-sitekey=\"6LdoYCckAAAAAPgmKlpU5rIrxI6dbPh9xkctj6p2\" class=\"wpcf7-form-control g-recaptcha wpcf7-recaptcha\"><\/span>\r\n<noscript>\r\n\t<div class=\"grecaptcha-noscript\">\r\n\t\t<iframe src=\"https:\/\/www.google.com\/recaptcha\/api\/fallback?k=6LdoYCckAAAAAPgmKlpU5rIrxI6dbPh9xkctj6p2\" frameborder=\"0\" scrolling=\"no\" width=\"310\" height=\"430\">\r\n\t\t<\/iframe>\r\n\t\t<textarea name=\"g-recaptcha-response\" rows=\"3\" cols=\"40\" placeholder=\"reCaptcha Response Here\">\r\n\t\t<\/textarea>\r\n\t<\/div>\r\n<\/noscript>\r\n<\/span>\n<\/td>\n<\/tr>\n<tr>\n<td colspan=\"2\"><input type=\"submit\" value=\"Enviar\" class=\"wpcf7-form-control has-spinner wpcf7-submit\" \/><\/td>\n<\/tr>\n<\/table>\n<div class=\"wpcf7-response-output\" aria-hidden=\"true\"><\/div><\/form><\/div><\/p>","protected":false},"excerpt":{"rendered":"<p>Dentro de nuestra labor de difusi\u00f3n de la prevenci\u00f3n de riesgos laborales, el Servicio de Prevenci\u00f3n de la UMH pone a disposici\u00f3n de los trabajadores de esta Universidad su colecci\u00f3n de material multimedia en la materia. Si desea visualizar alguno de los mismos, no tiene m\u00e1s que rellenar el formulario adjunto y presionar enviar. Le [&#8230;]<\/p>\n","protected":false},"author":131,"featured_media":0,"parent":1757,"menu_order":60,"comment_status":"closed","ping_status":"open","template":"","meta":{"_links_to":"","_links_to_target":""},"_links":{"self":[{"href":"https:\/\/prevencion.umh.es\/ca\/wp-json\/wp\/v2\/pages\/1769"}],"collection":[{"href":"https:\/\/prevencion.umh.es\/ca\/wp-json\/wp\/v2\/pages"}],"about":[{"href":"https:\/\/prevencion.umh.es\/ca\/wp-json\/wp\/v2\/types\/page"}],"author":[{"embeddable":true,"href":"https:\/\/prevencion.umh.es\/ca\/wp-json\/wp\/v2\/users\/131"}],"replies":[{"embeddable":true,"href":"https:\/\/prevencion.umh.es\/ca\/wp-json\/wp\/v2\/comments?post=1769"}],"version-history":[{"count":0,"href":"https:\/\/prevencion.umh.es\/ca\/wp-json\/wp\/v2\/pages\/1769\/revisions"}],"up":[{"embeddable":true,"href":"https:\/\/prevencion.umh.es\/ca\/wp-json\/wp\/v2\/pages\/1757"}],"wp:attachment":[{"href":"https:\/\/prevencion.umh.es\/ca\/wp-json\/wp\/v2\/media?parent=1769"}],"curies":[{"name":"wp","href":"https:\/\/api.w.org\/{rel}","templated":true}]}}