{"id":1770,"date":"2000-11-13T08:56:42","date_gmt":"2000-11-13T06:56:42","guid":{"rendered":"http:\/\/prevencion.zeus.umh.es\/2000\/11\/13\/presentacion-y-funciones-presentacion-y-funciones\/"},"modified":"2022-06-28T13:04:20","modified_gmt":"2022-06-28T11:04:20","slug":"presentacion-y-funciones-presentacion-y-funciones","status":"publish","type":"page","link":"https:\/\/prevencion.umh.es\/ca\/servicio-medico\/presentacion-y-funciones-presentacion-y-funciones\/","title":{"rendered":"Presentaci\u00f3 i funcions."},"content":{"rendered":"<p>El servei m\u00e8dic de vigil\u00e0ncia de la salut, va n\u00e0ixer com a especialitat integrada en el Servei de Prevenci\u00f3 de Riscos Laborals de la Universitat, emparat per la Llei 31\/1995 de 8 de Novembre de Prevenci\u00f3 de Riscos Laborals, i regulat pel Reglament dels Servicis de Prevenci\u00f3 (RD 39\/1997, de 17 de gener) amb la finalitat de garantir la salut laboral dels treballadors.<br \/>\nEl concepte de salut en el treball implica la consecuci\u00f3 del m\u00e0xim nivell f\u00edsic, ps\u00edquic i social a l\u2019entorn laboral. No es tracta sols d\u2019evitar malalties professionals i accidents de treball, sin\u00f3 tamb\u00e9 d\u2019optimitzar i millorar les condicions de qualsevol activitat productiva.<br \/>\nDins d\u2019aquesta l\u00ednia s\u2019emmarca la Vigil\u00e0ncia de la Salut, que \u00e9s una faceta de la Prevenci\u00f3 de Riscos Laborals que t\u00e9 com a finalitat primordial detectar alteracions de la salut relacionades amb el treball i controlar els riscos que d\u2019ells es deriven. Per a aconseguir estos objectius s\u2019han d\u2019analitzar les condicions que es desenvolupen les distintes activitats, i tindre un bon registre de l\u2019estat de salut dels treballadors, fonamentalment amb els reconeixements m\u00e8dics i protocols de salut espec\u00edfics. Aquesta activitat m\u00e8dica \u00e9s realitzada per especialistes en Medicina del Treball.<br \/>\nDe forma complement\u00e0ria, en el Campus d\u2019Elx, tamb\u00e9 inclou Servei de Medicina Assistencial, i s\u2019atenen les urg\u00e8ncies que es pogueren produir durant la pres\u00e8ncia de qualsevol persona en el Campus.<\/p>","protected":false},"excerpt":{"rendered":"<p>El servei m\u00e8dic de vigil\u00e0ncia de la salut, va n\u00e0ixer com a especialitat integrada en el Servei de Prevenci\u00f3 de Riscos Laborals de la Universitat, emparat per la Llei 31\/1995 de 8 de Novembre de Prevenci\u00f3 de Riscos Laborals, i regulat pel Reglament dels Servicis de Prevenci\u00f3 (RD 39\/1997, de 17 de gener) amb la [&#8230;]<\/p>\n","protected":false},"author":139,"featured_media":0,"parent":2108,"menu_order":5,"comment_status":"closed","ping_status":"open","template":"","meta":{"_links_to":"","_links_to_target":""},"_links":{"self":[{"href":"https:\/\/prevencion.umh.es\/ca\/wp-json\/wp\/v2\/pages\/1770"}],"collection":[{"href":"https:\/\/prevencion.umh.es\/ca\/wp-json\/wp\/v2\/pages"}],"about":[{"href":"https:\/\/prevencion.umh.es\/ca\/wp-json\/wp\/v2\/types\/page"}],"author":[{"embeddable":true,"href":"https:\/\/prevencion.umh.es\/ca\/wp-json\/wp\/v2\/users\/139"}],"replies":[{"embeddable":true,"href":"https:\/\/prevencion.umh.es\/ca\/wp-json\/wp\/v2\/comments?post=1770"}],"version-history":[{"count":0,"href":"https:\/\/prevencion.umh.es\/ca\/wp-json\/wp\/v2\/pages\/1770\/revisions"}],"up":[{"embeddable":true,"href":"https:\/\/prevencion.umh.es\/ca\/wp-json\/wp\/v2\/pages\/2108"}],"wp:attachment":[{"href":"https:\/\/prevencion.umh.es\/ca\/wp-json\/wp\/v2\/media?parent=1770"}],"curies":[{"name":"wp","href":"https:\/\/api.w.org\/{rel}","templated":true}]}}