{"id":1771,"date":"2000-11-13T09:05:03","date_gmt":"2000-11-13T07:05:03","guid":{"rendered":"http:\/\/prevencion.zeus.umh.es\/2000\/11\/13\/situacion-y-localizacion-situacion-y-localizacion\/"},"modified":"2023-01-30T15:14:48","modified_gmt":"2023-01-30T14:14:48","slug":"situacion-y-localizacion-situacion-y-localizacion","status":"publish","type":"page","link":"https:\/\/prevencion.umh.es\/ca\/servicio-medico\/situacion-y-localizacion-situacion-y-localizacion\/","title":{"rendered":"Situaci\u00f3n y localizaci\u00f3n."},"content":{"rendered":"<p>Las instalaciones centrales del servicio para Vigilancia de la Salud, se encuentran en :<\/p>\n<ul><strong>PLANTA 0 DEL EDIFICIO H\u00c9LIKE EN EL CAMPUS DE ELCHE.<\/strong>Estancia 06P0030 en el Servicio de Informaci\u00f3n geogr\u00e1fica.<\/ul>\n<p>Tel\u00e9fono: 96 665 84 20<\/p>\n<p>\u00a0<\/p>\n<p>Extensi\u00f3n : 8420<\/p>\n<p>\u00a0<\/p>\n<p>Horario 8,30 a 14,30 horas<\/p>\n<p><strong><\/strong><\/p>\n<p><strong>No obstante, como siempre, pueden hacerse las consultas a trav\u00e9s de la direcci\u00f3n de correo electr\u00f3nico: <\/strong><\/p>\n<p><strong>E-mail: <\/strong><a href=\"mailto:servicio.medico@umh.es\"><strong><\/strong><span style=\"text-decoration: underline\">servicio.medico@umh.es<\/span><strong><\/strong><\/a><strong><\/strong><\/p>\n<p>\u00a0<\/p>\n<p>\u00a0<\/p>\n<ul>Se dispone de locales de primeros auxilios en el Campus de Orihuela (antigua casa conserje, junto delegaci\u00f3n de alumnos) y en el Campus de ALTEA (taller de escultura).En el Campus de San Juan, dada la proximidad del Hospital, se dispone de dos camillas y una silla de ruedas para traslado de cualquier posible accidentado.<\/p>\n<p>\u00a0La atenci\u00f3n de primeros auxilios se realiza por los voluntarios de los equipos de emergencia en cada Campus.<\/ul>\n<p><\/p>","protected":false},"excerpt":{"rendered":"<p>Las instalaciones centrales del servicio para Vigilancia de la Salud, se encuentran en :<br \/>\nPLANTA 0 DEL EDIFICIO H\u00c9LIKE EN EL CAMPUS DE ELCHE.Estancia 06P0030 en el Servicio de Informaci\u00f3n geogr\u00e1fica.<br \/>\nTel\u00e9fono: 96 665 84 20<br \/>\n\u00a0<br \/>\nExtensi\u00f3n : 8420<br \/>\n\u00a0<br \/>\nHorario 8,30 a 14,30 horas<\/p>\n<p>No obstante, como siempre, pueden hacerse las consultas a trav\u00e9s de la direcci\u00f3n de correo electr\u00f3nico: [&#8230;]<\/p>\n","protected":false},"author":131,"featured_media":0,"parent":2108,"menu_order":10,"comment_status":"closed","ping_status":"open","template":"","meta":{"_links_to":"","_links_to_target":""},"_links":{"self":[{"href":"https:\/\/prevencion.umh.es\/ca\/wp-json\/wp\/v2\/pages\/1771"}],"collection":[{"href":"https:\/\/prevencion.umh.es\/ca\/wp-json\/wp\/v2\/pages"}],"about":[{"href":"https:\/\/prevencion.umh.es\/ca\/wp-json\/wp\/v2\/types\/page"}],"author":[{"embeddable":true,"href":"https:\/\/prevencion.umh.es\/ca\/wp-json\/wp\/v2\/users\/131"}],"replies":[{"embeddable":true,"href":"https:\/\/prevencion.umh.es\/ca\/wp-json\/wp\/v2\/comments?post=1771"}],"version-history":[{"count":0,"href":"https:\/\/prevencion.umh.es\/ca\/wp-json\/wp\/v2\/pages\/1771\/revisions"}],"up":[{"embeddable":true,"href":"https:\/\/prevencion.umh.es\/ca\/wp-json\/wp\/v2\/pages\/2108"}],"wp:attachment":[{"href":"https:\/\/prevencion.umh.es\/ca\/wp-json\/wp\/v2\/media?parent=1771"}],"curies":[{"name":"wp","href":"https:\/\/api.w.org\/{rel}","templated":true}]}}