{"id":1773,"date":"2000-11-13T09:32:21","date_gmt":"2000-11-13T07:32:21","guid":{"rendered":"http:\/\/prevencion.zeus.umh.es\/2000\/11\/13\/usuarios-peticiones-de-reconocimientos-y-horarios-usuarios-peticiones-de-reconocimientos-y-horarios\/"},"modified":"2024-01-24T12:43:24","modified_gmt":"2024-01-24T11:43:24","slug":"usuarios-peticiones-de-reconocimientos-y-horarios-usuarios-peticiones-de-reconocimientos-y-horarios","status":"publish","type":"page","link":"https:\/\/prevencion.umh.es\/ca\/servicio-medico\/usuarios-peticiones-de-reconocimientos-y-horarios-usuarios-peticiones-de-reconocimientos-y-horarios\/","title":{"rendered":"Peticiones de Reconocimientos y horarios."},"content":{"rendered":"<p><strong>1- Qui\u00e9nes pueden solicitar el reconocimiento m\u00e9dico:<\/strong><\/p>\n<p>Todas aquellas personas que forman la plantilla de la universidad (PDI y PAS, tanto funcionarios como laborales), tal como contempla la Ley de Prevenci\u00f3n de Riesgos Laborales.<\/p>\n<p>Tambi\u00e9n aquellas personas con beca y con vinculaci\u00f3n laboral a proyectos de investigaci\u00f3n de la Universidad.<\/p>\n<p><strong>2- Solicitudes de reconocimiento<\/strong><\/p>\n<p>Las solicitudes de Reconocimiento<strong> deber\u00e1n hacerse con cita previa<\/strong> seg\u00fan se indica mas abajo, concertando la visita por correo electr\u00f3nico a la direcci\u00f3n <a href=\"mailto:servicio.medico@umh.es\"><span style=\"text-decoration: underline\">servicio.medico@umh.es<\/span><\/a>. Remitiendo el cuestionario que sigue.<\/p>\n<p><img src=\"https:\/\/prevencion.umh.es\/files\/2008\/04\/word.gif\" alt=\"word.gif\" \/>\u00a0<a href=\"https:\/\/prevencion.umh.es\/files\/2000\/11\/peticion-reconocimiento-v-7.doc\" target=\"_blank\" rel=\"noopener\">peticion-reconocimiento<\/a><\/p>\n<p>Cualquier duda podr\u00e1 ser resuelta en el tel\u00e9fono de atenci\u00f3n 8420.<\/p>\n<p>Todos los reconocimientos de personal de la Universidad se realizar\u00e1n en las instalaciones del Servicio Medico de \u00e9ste servicio de Prevenci\u00f3n de Riesgos Laborales en el Campus de Elche, del edificio Helike, planta baja.<\/p>\n<p>La plantilla del campus de Altea podr\u00e1 optar realizarlos en la localidad de Benidorm cl\u00ednica &#8220;Hospital de Levante&#8221;, calle Ramon y Cajal num 7. o si lo desea podr\u00e1 solicitar el reconocimiento en el campus de Elche, indicandolo as\u00ed en la petici\u00f3n.<\/p>\n<p><strong>3- Horarios.<\/strong><\/p>\n<p>El horario del Servicio M\u00e9dico es\u00a0de lunes a viernes de 8,00 a 15,00 horas.<\/p>","protected":false},"excerpt":{"rendered":"<p>1- Qui\u00e9nes pueden solicitar el reconocimiento m\u00e9dico:<br \/>\nTodas aquellas personas que forman la plantilla de la universidad (PDI y PAS, tanto funcionarios como laborales), tal como contempla la Ley de Prevenci\u00f3n de Riesgos Laborales.<br \/>\nTambi\u00e9n aquellas personas con beca y con vinculaci\u00f3n laboral a proyectos de investigaci\u00f3n de la Universidad.<br \/>\n2- Solicitudes de reconocimiento<br \/>\nLas solicitudes de Reconocimiento deber\u00e1n [&#8230;]<\/p>\n","protected":false},"author":131,"featured_media":0,"parent":2108,"menu_order":15,"comment_status":"closed","ping_status":"open","template":"","meta":{"_links_to":"","_links_to_target":""},"_links":{"self":[{"href":"https:\/\/prevencion.umh.es\/ca\/wp-json\/wp\/v2\/pages\/1773"}],"collection":[{"href":"https:\/\/prevencion.umh.es\/ca\/wp-json\/wp\/v2\/pages"}],"about":[{"href":"https:\/\/prevencion.umh.es\/ca\/wp-json\/wp\/v2\/types\/page"}],"author":[{"embeddable":true,"href":"https:\/\/prevencion.umh.es\/ca\/wp-json\/wp\/v2\/users\/131"}],"replies":[{"embeddable":true,"href":"https:\/\/prevencion.umh.es\/ca\/wp-json\/wp\/v2\/comments?post=1773"}],"version-history":[{"count":0,"href":"https:\/\/prevencion.umh.es\/ca\/wp-json\/wp\/v2\/pages\/1773\/revisions"}],"up":[{"embeddable":true,"href":"https:\/\/prevencion.umh.es\/ca\/wp-json\/wp\/v2\/pages\/2108"}],"wp:attachment":[{"href":"https:\/\/prevencion.umh.es\/ca\/wp-json\/wp\/v2\/media?parent=1773"}],"curies":[{"name":"wp","href":"https:\/\/api.w.org\/{rel}","templated":true}]}}