{"id":1776,"date":"2006-02-24T11:53:33","date_gmt":"2006-02-24T09:53:33","guid":{"rendered":"http:\/\/prevencion.zeus.umh.es\/2006\/02\/24\/planificacion-general-de-actividades-sanitarias-planificacion-general-de-actividades-sanitarias\/"},"modified":"2023-07-05T13:01:16","modified_gmt":"2023-07-05T11:01:16","slug":"planificacion-general-de-actividades-sanitarias-planificacion-general-de-actividades-sanitarias","status":"publish","type":"page","link":"https:\/\/prevencion.umh.es\/ca\/servicio-medico\/examenes-de-salud-y-planificaciones-prestaciones\/planificacion-general-de-actividades-sanitarias-planificacion-general-de-actividades-sanitarias\/","title":{"rendered":"Planificaci\u00f3n general de actividades sanitarias"},"content":{"rendered":"<p><\/p>\n<p><p>Se adjunta a continuaci\u00f3n documento descriptivo general de las planificaciones de Vigilancia de la Salud.<\/p>\n<p>\u00a0Esta descripci\u00f3n que sigue es general para todas las Unidades, recogi\u00e9ndose a continuaci\u00f3n las tablas de cada Unidad.<\/p>\n<p><a href=\"https:\/\/prevencion.umh.es\/files\/2011\/11\/planificacion-vs-umh-v3.pdf\">planificacion-vs-umh-v3<\/a><\/p>\n<\/p>\n<p><\/p>","protected":false},"excerpt":{"rendered":"<p>Se adjunta a continuaci\u00f3n documento descriptivo general de las planificaciones de Vigilancia de la Salud.<br \/>\n\u00a0Esta descripci\u00f3n que sigue es general para todas las Unidades, recogi\u00e9ndose a continuaci\u00f3n las tablas de cada Unidad.<br \/>\nplanificacion-vs-umh-v3<\/p>\n","protected":false},"author":131,"featured_media":0,"parent":1774,"menu_order":10,"comment_status":"closed","ping_status":"closed","template":"","meta":{"_links_to":"","_links_to_target":""},"_links":{"self":[{"href":"https:\/\/prevencion.umh.es\/ca\/wp-json\/wp\/v2\/pages\/1776"}],"collection":[{"href":"https:\/\/prevencion.umh.es\/ca\/wp-json\/wp\/v2\/pages"}],"about":[{"href":"https:\/\/prevencion.umh.es\/ca\/wp-json\/wp\/v2\/types\/page"}],"author":[{"embeddable":true,"href":"https:\/\/prevencion.umh.es\/ca\/wp-json\/wp\/v2\/users\/131"}],"replies":[{"embeddable":true,"href":"https:\/\/prevencion.umh.es\/ca\/wp-json\/wp\/v2\/comments?post=1776"}],"version-history":[{"count":0,"href":"https:\/\/prevencion.umh.es\/ca\/wp-json\/wp\/v2\/pages\/1776\/revisions"}],"up":[{"embeddable":true,"href":"https:\/\/prevencion.umh.es\/ca\/wp-json\/wp\/v2\/pages\/1774"}],"wp:attachment":[{"href":"https:\/\/prevencion.umh.es\/ca\/wp-json\/wp\/v2\/media?parent=1776"}],"curies":[{"name":"wp","href":"https:\/\/api.w.org\/{rel}","templated":true}]}}