{"id":1824,"date":"2009-01-28T17:40:01","date_gmt":"2009-01-28T15:40:01","guid":{"rendered":"http:\/\/prevencion.zeus.umh.es\/2009\/01\/28\/otras-prestaciones-otras-prestaciones\/"},"modified":"2023-07-04T11:26:06","modified_gmt":"2023-07-04T09:26:06","slug":"otras-prestaciones-otras-prestaciones","status":"publish","type":"page","link":"https:\/\/prevencion.umh.es\/ca\/servicio-medico\/examenes-de-salud-y-planificaciones-prestaciones\/otras-prestaciones-otras-prestaciones\/","title":{"rendered":"Otras prestaciones: Certificados incorporacion inicial"},"content":{"rendered":"<p>El servicio de vigilancia de la salud, realizar\u00e1 eventualmente tambi\u00e9n el reconocimiento inicial previo a la incorporaci\u00f3n de funcionarios a sus plazas, certificando mediante el impreso legal vigente (a facilitar por el usuario) el estado de salud del futuro funcionario.<\/p>\n<p>Para solicitar esta actuaci\u00f3n, pedir cita para reconocimiento como se indica en esta misma web, especificando que se desea la emisi\u00f3n del certificado mencionado (que deber\u00e1 aportar el interesado).<\/p>\n<p>Puesto que para la emision del certificado, se realiza reconocimiento medico, que \u00a0incluye en algun caso analiticas, es aconsejable solicitar el reconocimiento con\u00a0antelacion suficiente a la fecha de presentacion de documentacion.<\/p>","protected":false},"excerpt":{"rendered":"<p>El servicio de vigilancia de la salud, realizar\u00e1 eventualmente tambi\u00e9n el reconocimiento inicial previo a la incorporaci\u00f3n de funcionarios a sus plazas, certificando mediante el impreso legal vigente (a facilitar por el usuario) el estado de salud del futuro funcionario.<br \/>\nPara solicitar esta actuaci\u00f3n, pedir cita para reconocimiento como se indica en esta misma web, especificando [&#8230;]<\/p>\n","protected":false},"author":139,"featured_media":0,"parent":1774,"menu_order":45,"comment_status":"closed","ping_status":"open","template":"","meta":{"_links_to":"","_links_to_target":""},"_links":{"self":[{"href":"https:\/\/prevencion.umh.es\/ca\/wp-json\/wp\/v2\/pages\/1824"}],"collection":[{"href":"https:\/\/prevencion.umh.es\/ca\/wp-json\/wp\/v2\/pages"}],"about":[{"href":"https:\/\/prevencion.umh.es\/ca\/wp-json\/wp\/v2\/types\/page"}],"author":[{"embeddable":true,"href":"https:\/\/prevencion.umh.es\/ca\/wp-json\/wp\/v2\/users\/139"}],"replies":[{"embeddable":true,"href":"https:\/\/prevencion.umh.es\/ca\/wp-json\/wp\/v2\/comments?post=1824"}],"version-history":[{"count":0,"href":"https:\/\/prevencion.umh.es\/ca\/wp-json\/wp\/v2\/pages\/1824\/revisions"}],"up":[{"embeddable":true,"href":"https:\/\/prevencion.umh.es\/ca\/wp-json\/wp\/v2\/pages\/1774"}],"wp:attachment":[{"href":"https:\/\/prevencion.umh.es\/ca\/wp-json\/wp\/v2\/media?parent=1824"}],"curies":[{"name":"wp","href":"https:\/\/api.w.org\/{rel}","templated":true}]}}