{"id":1830,"date":"2007-05-09T12:15:52","date_gmt":"2007-05-09T10:15:52","guid":{"rendered":"http:\/\/prevencion.zeus.umh.es\/2007\/05\/09\/05-peticion-de-nuevo-botiquin\/"},"modified":"2023-06-09T12:19:16","modified_gmt":"2023-06-09T10:19:16","slug":"05-peticion-de-nuevo-botiquin","status":"publish","type":"page","link":"https:\/\/prevencion.umh.es\/ca\/servicio-medico\/01-generalidades\/05-peticion-de-nuevo-botiquin\/","title":{"rendered":"Petici\u00f3n de nuevo Botiquin."},"content":{"rendered":"<p><\/p>\n<p>Descargar y cumplimentar el formulario que sigue, y remitirlos por correo electr\u00f3nico al Servicio M\u00e9dico.<br \/>\n<img src=\"https:\/\/prevencion.umh.es\/files\/2008\/04\/word.gif\" alt=\"word.gif\" \/><a title=\"solicitud Botiquin.doc\" href=\"https:\/\/prevencion.umh.es\/files\/2007\/05\/solicitud Botiquin.doc\">\u00a0<\/a><a href=\"https:\/\/prevencion.umh.es\/files\/2011\/12\/solicitud-botiquin-v2.doc\">solicitud-botiquin-v2<\/a><br \/>\n<em>Advertencia: El nuevo botiqu\u00edn que se indica en el formulario anterior es facilitado por la mutua ASEPEYO, incluye<span style=\"text-decoration: underline\"> exclusivamente<\/span> el material b\u00e1sico de primeros auxilios determinado por el RD. 486\/97. Si se desean completar\u00a0con algun \u00a0medicamento\u00a0(1) u otro material (ej . bolsa de fr\u00edo instant\u00e1neo) deberan\u00a0 de ser adquiridos por la Unidad interesada y a su cargo.<\/em><\/p>\n<p><em><\/em><\/p>\n<p><em>(1) No deben de inluirse en un botiquin medicamentos para los que se precise para\u00a0 venta y dispensacion,\u00a0 receta m\u00e9dica, en todo caso la oportunidad o conveniencia de incluir alguna medicacion ( analg\u00e9sicos, pomadas para quemaduras o similar) puede consultarse mediante correo electr\u00f3nico, o llamada telefonica a este\u00a0servicio m\u00e9dico.<\/em><\/p>\n<p><\/p>","protected":false},"excerpt":{"rendered":"<p>Descargar y cumplimentar el formulario que sigue, y remitirlos por correo electr\u00f3nico al Servicio M\u00e9dico.<br \/>\n\u00a0solicitud-botiquin-v2<br \/>\nAdvertencia: El nuevo botiqu\u00edn que se indica en el formulario anterior es facilitado por la mutua ASEPEYO, incluye exclusivamente el material b\u00e1sico de primeros auxilios determinado por el RD. 486\/97. Si se desean completar\u00a0con algun \u00a0medicamento\u00a0(1) u otro material (ej . [&#8230;]<\/p>\n","protected":false},"author":139,"featured_media":0,"parent":1827,"menu_order":20,"comment_status":"closed","ping_status":"open","template":"","meta":{"_links_to":"","_links_to_target":""},"_links":{"self":[{"href":"https:\/\/prevencion.umh.es\/ca\/wp-json\/wp\/v2\/pages\/1830"}],"collection":[{"href":"https:\/\/prevencion.umh.es\/ca\/wp-json\/wp\/v2\/pages"}],"about":[{"href":"https:\/\/prevencion.umh.es\/ca\/wp-json\/wp\/v2\/types\/page"}],"author":[{"embeddable":true,"href":"https:\/\/prevencion.umh.es\/ca\/wp-json\/wp\/v2\/users\/139"}],"replies":[{"embeddable":true,"href":"https:\/\/prevencion.umh.es\/ca\/wp-json\/wp\/v2\/comments?post=1830"}],"version-history":[{"count":0,"href":"https:\/\/prevencion.umh.es\/ca\/wp-json\/wp\/v2\/pages\/1830\/revisions"}],"up":[{"embeddable":true,"href":"https:\/\/prevencion.umh.es\/ca\/wp-json\/wp\/v2\/pages\/1827"}],"wp:attachment":[{"href":"https:\/\/prevencion.umh.es\/ca\/wp-json\/wp\/v2\/media?parent=1830"}],"curies":[{"name":"wp","href":"https:\/\/api.w.org\/{rel}","templated":true}]}}