{"id":1834,"date":"2007-05-09T12:18:36","date_gmt":"2007-05-09T10:18:36","guid":{"rendered":"http:\/\/prevencion.zeus.umh.es\/2007\/05\/09\/10-peticion-de-reposicion-de-contenidos-de-un-botiquin\/"},"modified":"2023-06-08T13:17:00","modified_gmt":"2023-06-08T11:17:00","slug":"10-peticion-de-reposicion-de-contenidos-de-un-botiquin","status":"publish","type":"page","link":"https:\/\/prevencion.umh.es\/ca\/servicio-medico\/01-generalidades\/10-peticion-de-reposicion-de-contenidos-de-un-botiquin\/","title":{"rendered":"Petici\u00f3n de reposici\u00f3n de material b\u00e1sico de un Botiquin."},"content":{"rendered":"<p><\/p>\n<p><p>Descargar y cumplimentar el formulario que sigue, y remitirlo por correo electr\u00f3nico al Servicio M\u00e9dico..<\/p>\n<p><em><\/em><\/p>\n<p><em><img src=\"https:\/\/prevencion.umh.es\/files\/2008\/04\/word.gif\" alt=\"word.gif\" \/><a title=\"solicitud reposicion Botiquin ver 2.doc\" href=\"https:\/\/prevencion.umh.es\/files\/2007\/05\/solicitud reposicion Botiquin ver 2.doc\"> solicitud reposicion Botiquin ver 2<\/a><\/em><\/p>\n<p><em><br \/>\n<\/em><em><\/em><em><\/em><em><\/em><em><\/em><em><\/em><em><\/em><em>Advertencia:<\/em><em><\/em><em> utilizar este impreso<\/em><em><\/em><em><\/em><em><\/em><em><span style=\"text-decoration: underline\"> exclusivamente<\/span><\/em><em><\/em><em><span style=\"text-decoration: underline\"> para<\/span><\/em><em><\/em><em> el material b\u00e1sico<\/em><em><\/em><em> de primeros auxilios determinado por el RD. 486\/97 y que<\/em><em><\/em><em> facilita la mutua ASEPEYO.<\/em><em> <\/em><\/p>\n<\/p>\n<p><\/p>","protected":false},"excerpt":{"rendered":"<p>Descargar y cumplimentar el formulario que sigue, y remitirlo por correo electr\u00f3nico al Servicio M\u00e9dico..<\/p>\n<p> solicitud reposicion Botiquin ver 2<\/p>\n<p>Advertencia: utilizar este impreso exclusivamente para el material b\u00e1sico de primeros auxilios determinado por el RD. 486\/97 y que facilita la mutua ASEPEYO. <\/p>\n","protected":false},"author":139,"featured_media":0,"parent":1827,"menu_order":30,"comment_status":"closed","ping_status":"open","template":"","meta":{"_links_to":"","_links_to_target":""},"_links":{"self":[{"href":"https:\/\/prevencion.umh.es\/ca\/wp-json\/wp\/v2\/pages\/1834"}],"collection":[{"href":"https:\/\/prevencion.umh.es\/ca\/wp-json\/wp\/v2\/pages"}],"about":[{"href":"https:\/\/prevencion.umh.es\/ca\/wp-json\/wp\/v2\/types\/page"}],"author":[{"embeddable":true,"href":"https:\/\/prevencion.umh.es\/ca\/wp-json\/wp\/v2\/users\/139"}],"replies":[{"embeddable":true,"href":"https:\/\/prevencion.umh.es\/ca\/wp-json\/wp\/v2\/comments?post=1834"}],"version-history":[{"count":0,"href":"https:\/\/prevencion.umh.es\/ca\/wp-json\/wp\/v2\/pages\/1834\/revisions"}],"up":[{"embeddable":true,"href":"https:\/\/prevencion.umh.es\/ca\/wp-json\/wp\/v2\/pages\/1827"}],"wp:attachment":[{"href":"https:\/\/prevencion.umh.es\/ca\/wp-json\/wp\/v2\/media?parent=1834"}],"curies":[{"name":"wp","href":"https:\/\/api.w.org\/{rel}","templated":true}]}}