{"id":1843,"date":"2008-05-22T11:17:02","date_gmt":"2008-05-22T09:17:02","guid":{"rendered":"http:\/\/prevencion.zeus.umh.es\/2008\/05\/22\/10-consejos-de-seguridad-para-estudiantes-de-la-umh\/"},"modified":"2019-12-03T12:48:57","modified_gmt":"2019-12-03T11:48:57","slug":"10-consejos-de-seguridad-para-estudiantes-de-la-umh","status":"publish","type":"page","link":"https:\/\/prevencion.umh.es\/ca\/informacion-en-prl\/prl-para-alumnos\/10-consejos-de-seguridad-para-estudiantes-de-la-umh\/","title":{"rendered":"Consejos de seguridad para estudiantes de la UMH"},"content":{"rendered":"<p>Se incluye en el documento que se adjunta mas abajo, consejos de autoprotecci\u00f3n en las instalaciones de la UMH, actuaciones en caso de accidente e informaci\u00f3n sanitaria para los estudiantes de la Universidad, as\u00ed como las se\u00f1alizaciones que mas frecuentemente se pueden encontrar en los edificios, laboratorios y talleres.<\/p>\n<p>\u00a0 <a href=\"https:\/\/prevencion.umh.es\/files\/2011\/09\/bandera-espana.jpg\"><img loading=\"lazy\" class=\"alignnone size-thumbnail wp-image-2304\" src=\"https:\/\/prevencion.umh.es\/files\/2011\/09\/bandera-espana-150x150.jpg\" alt=\"\" width=\"20\" height=\"17\" \/><\/a>\u00a0\u00a0 En Espa\u00f1ol: \u00a0<\/p>\n<p><img src=\"https:\/\/prevencion.umh.es\/files\/2008\/04\/pdf.gif\" alt=\"pdf.gif\" \/>\u00a0<a href=\"https:\/\/prevencion.umh.es\/files\/2011\/06\/pdiptico-alumnos-v2.pdf\">pdiptico-alumnos-v2<\/a><\/p>\n<p>\u00a0<\/p>\n<p>En otros idiomas de la Comunidad Econ\u00f3mica Europea<\/p>\n<p>\u00a0\u00a0\u00a0<a href=\"https:\/\/prevencion.umh.es\/files\/2011\/09\/bandera-inglesa.jpg\"><img loading=\"lazy\" class=\"alignnone size-thumbnail wp-image-2305\" src=\"https:\/\/prevencion.umh.es\/files\/2011\/09\/bandera-inglesa-150x150.jpg\" alt=\"\" width=\"20\" height=\"19\" \/><\/a>\u00a0 En Ingl\u00e9s:<\/p>\n<p><img src=\"https:\/\/prevencion.umh.es\/files\/2008\/04\/pdf.gif\" alt=\"pdf.gif\" \/>\u00a0<a href=\"https:\/\/prevencion.umh.es\/files\/2011\/09\/diptico-alumnos-ingles1.pdf\">diptico-alumnos-ingles<\/a><\/p>\n<p>\u00a0\u00a0\u00a0<\/p>\n<p><a href=\"https:\/\/prevencion.umh.es\/files\/2011\/09\/images.jpg\"><img loading=\"lazy\" class=\"alignnone size-thumbnail wp-image-2308\" src=\"https:\/\/prevencion.umh.es\/files\/2011\/09\/images-150x150.jpg\" alt=\"\" width=\"20\" height=\"15\" \/><\/a>\u00a0\u00a0\u00a0En Franc\u00e9s:<\/p>\n<p><img src=\"https:\/\/prevencion.umh.es\/files\/2008\/04\/pdf.gif\" alt=\"pdf.gif\" \/>\u00a0 <a href=\"https:\/\/prevencion.umh.es\/files\/2011\/09\/diptico-alumnos-frances.pdf\">diptico-alumnos-frances<\/a><\/p>\n<p>\u00a0\u00a0\u00a0\u00a0\u00a0<\/p>\n<p>\u00a0\u00a0<a href=\"https:\/\/prevencion.umh.es\/files\/2011\/09\/bandera-alemana.jpg\"><img loading=\"lazy\" class=\"alignnone size-thumbnail wp-image-2307\" src=\"https:\/\/prevencion.umh.es\/files\/2011\/09\/bandera-alemana-150x150.jpg\" alt=\"\" width=\"20\" height=\"17\" \/><\/a>\u00a0 En Alem\u00e1n:<\/p>\n<p><img src=\"https:\/\/prevencion.umh.es\/files\/2008\/04\/pdf.gif\" alt=\"pdf.gif\" \/>\u00a0 <a href=\"https:\/\/prevencion.umh.es\/files\/2011\/09\/diptico-alumnos-aleman.pdf\">diptico-alumnos-aleman<\/a><\/p>","protected":false},"excerpt":{"rendered":"<p>Se incluye en el documento que se adjunta mas abajo, consejos de autoprotecci\u00f3n en las instalaciones de la UMH, actuaciones en caso de accidente e informaci\u00f3n sanitaria para los estudiantes de la Universidad, as\u00ed como las se\u00f1alizaciones que mas frecuentemente se pueden encontrar en los edificios, laboratorios y talleres.<br \/>\n\u00a0 \u00a0\u00a0 En Espa\u00f1ol: \u00a0<br \/>\n\u00a0pdiptico-alumnos-v2<br \/>\n\u00a0<br \/>\nEn otros idiomas [&#8230;]<\/p>\n","protected":false},"author":131,"featured_media":0,"parent":2195,"menu_order":10,"comment_status":"closed","ping_status":"open","template":"","meta":{"_links_to":"","_links_to_target":""},"_links":{"self":[{"href":"https:\/\/prevencion.umh.es\/ca\/wp-json\/wp\/v2\/pages\/1843"}],"collection":[{"href":"https:\/\/prevencion.umh.es\/ca\/wp-json\/wp\/v2\/pages"}],"about":[{"href":"https:\/\/prevencion.umh.es\/ca\/wp-json\/wp\/v2\/types\/page"}],"author":[{"embeddable":true,"href":"https:\/\/prevencion.umh.es\/ca\/wp-json\/wp\/v2\/users\/131"}],"replies":[{"embeddable":true,"href":"https:\/\/prevencion.umh.es\/ca\/wp-json\/wp\/v2\/comments?post=1843"}],"version-history":[{"count":0,"href":"https:\/\/prevencion.umh.es\/ca\/wp-json\/wp\/v2\/pages\/1843\/revisions"}],"up":[{"embeddable":true,"href":"https:\/\/prevencion.umh.es\/ca\/wp-json\/wp\/v2\/pages\/2195"}],"wp:attachment":[{"href":"https:\/\/prevencion.umh.es\/ca\/wp-json\/wp\/v2\/media?parent=1843"}],"curies":[{"name":"wp","href":"https:\/\/api.w.org\/{rel}","templated":true}]}}