{"id":2089,"date":"2004-06-04T10:24:24","date_gmt":"2004-06-04T08:24:24","guid":{"rendered":"http:\/\/prevencion.zeus.umh.es\/2004\/06\/04\/01-normas-une-en\/"},"modified":"2015-11-02T14:38:21","modified_gmt":"2015-11-02T13:38:21","slug":"01-normas-une-en","status":"publish","type":"page","link":"https:\/\/prevencion.umh.es\/ca\/informacion-en-prl\/01-normas-une-en\/","title":{"rendered":"Normas UNE   EN"},"content":{"rendered":"<p>Para efectuar evaluaciones de riesgos, as\u00ed como para poder emitir en alg\u00fan caso informes de asesoramiento, el Servicio de Prevenci\u00f3n R.L. viene adquiriendo distintas normas UNE, EN o UNE-EN.<\/p>\n<p>Adjuntamos en PDF, el listado de las existentes, por si alguna unidad desea consultarlas.<br \/>\n<img src=\"https:\/\/prevencion.umh.es\/files\/2008\/04\/pdf.gif\" alt=\"pdf.gif\" \/><a title=\"Norma une.pdf\" href=\"https:\/\/prevencion.umh.es\/files\/2011\/09\/normas-tecnicas-19-09-2011.pdf\"> Norma une<\/a><\/p>\n<p>Tabla actualizada a 19 de septiembre de 2011.<\/p>","protected":false},"excerpt":{"rendered":"<p>Para efectuar evaluaciones de riesgos, as\u00ed como para poder emitir en alg\u00fan caso informes de asesoramiento, el Servicio de Prevenci\u00f3n R.L. viene adquiriendo distintas normas UNE, EN o UNE-EN.<br \/>\nAdjuntamos en PDF, el listado de las existentes, por si alguna unidad desea consultarlas.<br \/>\n Norma une<br \/>\nTabla actualizada a 19 de septiembre de 2011.<\/p>\n","protected":false},"author":1,"featured_media":0,"parent":2204,"menu_order":50,"comment_status":"closed","ping_status":"open","template":"","meta":{"_links_to":"","_links_to_target":""},"_links":{"self":[{"href":"https:\/\/prevencion.umh.es\/ca\/wp-json\/wp\/v2\/pages\/2089"}],"collection":[{"href":"https:\/\/prevencion.umh.es\/ca\/wp-json\/wp\/v2\/pages"}],"about":[{"href":"https:\/\/prevencion.umh.es\/ca\/wp-json\/wp\/v2\/types\/page"}],"author":[{"embeddable":true,"href":"https:\/\/prevencion.umh.es\/ca\/wp-json\/wp\/v2\/users\/1"}],"replies":[{"embeddable":true,"href":"https:\/\/prevencion.umh.es\/ca\/wp-json\/wp\/v2\/comments?post=2089"}],"version-history":[{"count":0,"href":"https:\/\/prevencion.umh.es\/ca\/wp-json\/wp\/v2\/pages\/2089\/revisions"}],"up":[{"embeddable":true,"href":"https:\/\/prevencion.umh.es\/ca\/wp-json\/wp\/v2\/pages\/2204"}],"wp:attachment":[{"href":"https:\/\/prevencion.umh.es\/ca\/wp-json\/wp\/v2\/media?parent=2089"}],"curies":[{"name":"wp","href":"https:\/\/api.w.org\/{rel}","templated":true}]}}