{"id":2093,"date":"2011-01-12T15:13:18","date_gmt":"2011-01-12T13:13:18","guid":{"rendered":"http:\/\/prevencion.zeus.umh.es\/?page_id=2093"},"modified":"2025-10-13T09:18:01","modified_gmt":"2025-10-13T07:18:01","slug":"presentacion","status":"publish","type":"page","link":"https:\/\/prevencion.umh.es\/ca\/presentacion\/","title":{"rendered":"Presentaci\u00f3"},"content":{"rendered":"<p><a href=\"https:\/\/prevencion.umh.es\/files\/2021\/06\/Uso-Gel-Hidroalcoh-lico.-Recomendaciones-generales.pdf\">Uso-Gel-Hidroalcoh-lico.-Recomendaciones-generales<\/a>Benvinguts a la p\u00e0gina Web del Servei de Prevenci\u00f3 de Riscos Laborals de la Universitat Miguel Hernandez d\u2019Elx.<\/p>\n<p>En esta p\u00e0gina web, es recull la informaci\u00f3 general en mat\u00e8ria de prevenci\u00f3 de riscos laborals del Pla de Prevenci\u00f3 de la Universitat, desenvolupada\u00a0 en funci\u00f3 de l\u2019assessorament i recolzament que correspon a este Servici en aplicaci\u00f3 de l\u2019article 31.2 de la Llei 31\/95 de Prevenci\u00f3 de Riscos Laborals, assessorant i assistint al Rector o Rectora o persona amb la delegaci\u00f3 corresponent, als \u00d2rgans de Govern de la Universitat, als treballadors\u00a0 i els seus representants i als \u00f2rgans de representaci\u00f3 especialitzats.<\/p>\n<p><a href=\"https:\/\/prevencion.umh.es\/files\/2011\/01\/Rectorado.jpeg\"><img loading=\"lazy\" class=\"alignnone wp-image-3584\" src=\"https:\/\/prevencion.umh.es\/files\/2011\/01\/Rectorado.jpeg\" alt=\"Rectorado\" width=\"378\" height=\"284\" srcset=\"https:\/\/prevencion.umh.es\/files\/2011\/01\/Rectorado.jpeg 3264w, https:\/\/prevencion.umh.es\/files\/2011\/01\/Rectorado-300x225.jpeg 300w, https:\/\/prevencion.umh.es\/files\/2011\/01\/Rectorado-768x576.jpeg 768w, https:\/\/prevencion.umh.es\/files\/2011\/01\/Rectorado-1024x768.jpeg 1024w\" sizes=\"(max-width: 378px) 100vw, 378px\" \/>\u00a0 \u00a0 \u00a0 \u00a0 \u00a0 \u00a0 \u00a0 \u00a0 \u00a0 \u00a0 \u00a0 \u00a0 \u00a0 \u00a0 \u00a0 \u00a0 \u00a0 \u00a0 \u00a0 \u00a0 \u00a0 \u00a0 \u00a0 \u00a0 \u00a0 \u00a0 \u00a0 \u00a0 \u00a0 \u00a0 \u00a0 \u00a0 \u00a0 \u00a0 \u00a0 \u00a0 \u00a0 \u00a0 <\/a><a href=\"https:\/\/prevencion.umh.es\/files\/2011\/01\/FullSizeRender.jpg\"><img loading=\"lazy\" class=\"alignnone wp-image-3589\" src=\"https:\/\/prevencion.umh.es\/files\/2011\/01\/FullSizeRender.jpg\" alt=\"FullSizeRender\" width=\"389\" height=\"273\" srcset=\"https:\/\/prevencion.umh.es\/files\/2011\/01\/FullSizeRender.jpg 3103w, https:\/\/prevencion.umh.es\/files\/2011\/01\/FullSizeRender-300x210.jpg 300w, https:\/\/prevencion.umh.es\/files\/2011\/01\/FullSizeRender-768x538.jpg 768w, https:\/\/prevencion.umh.es\/files\/2011\/01\/FullSizeRender-1024x717.jpg 1024w\" sizes=\"(max-width: 389px) 100vw, 389px\" \/><\/a><\/p>\n<p>&nbsp;<\/p>\n<p><a href=\"https:\/\/prevencion.umh.es\/files\/2019\/07\/Ola-de-calor-2018-val-web.png\"><img loading=\"lazy\" class=\"size-full wp-image-4286 aligncenter\" src=\"https:\/\/prevencion.umh.es\/files\/2019\/07\/Ola-de-calor-2018-val-web.png\" alt=\"\" width=\"400\" height=\"560\" srcset=\"https:\/\/prevencion.umh.es\/files\/2019\/07\/Ola-de-calor-2018-val-web.png 400w, https:\/\/prevencion.umh.es\/files\/2019\/07\/Ola-de-calor-2018-val-web-214x300.png 214w\" sizes=\"(max-width: 400px) 100vw, 400px\" \/><\/a><\/p>\n<p>&nbsp;<\/p>\n<p>&nbsp;<a href=\"https:\/\/prevencion.umh.es\/files\/2021\/06\/Uso-Gel-Hidroalcoh-lico.-Recomendaciones-generales.pdf\">Uso-Gel-Hidroalcoh-lico.-Recomendaciones-generales<\/a><\/p>","protected":false},"excerpt":{"rendered":"<p>Uso-Gel-Hidroalcoh-lico.-Recomendaciones-generalesBenvinguts a la p\u00e0gina Web del Servei de Prevenci\u00f3 de Riscos Laborals de la Universitat Miguel Hernandez d\u2019Elx.<br \/>\nEn esta p\u00e0gina web, es recull la informaci\u00f3 general en mat\u00e8ria de prevenci\u00f3 de riscos laborals del Pla de Prevenci\u00f3 de la Universitat, desenvolupada\u00a0 en funci\u00f3 de l\u2019assessorament i recolzament que correspon a este Servici en aplicaci\u00f3 de [&#8230;]<\/p>\n","protected":false},"author":139,"featured_media":0,"parent":0,"menu_order":0,"comment_status":"closed","ping_status":"closed","template":"","meta":{"_links_to":"","_links_to_target":""},"_links":{"self":[{"href":"https:\/\/prevencion.umh.es\/ca\/wp-json\/wp\/v2\/pages\/2093"}],"collection":[{"href":"https:\/\/prevencion.umh.es\/ca\/wp-json\/wp\/v2\/pages"}],"about":[{"href":"https:\/\/prevencion.umh.es\/ca\/wp-json\/wp\/v2\/types\/page"}],"author":[{"embeddable":true,"href":"https:\/\/prevencion.umh.es\/ca\/wp-json\/wp\/v2\/users\/139"}],"replies":[{"embeddable":true,"href":"https:\/\/prevencion.umh.es\/ca\/wp-json\/wp\/v2\/comments?post=2093"}],"version-history":[{"count":0,"href":"https:\/\/prevencion.umh.es\/ca\/wp-json\/wp\/v2\/pages\/2093\/revisions"}],"wp:attachment":[{"href":"https:\/\/prevencion.umh.es\/ca\/wp-json\/wp\/v2\/media?parent=2093"}],"curies":[{"name":"wp","href":"https:\/\/api.w.org\/{rel}","templated":true}]}}