{"id":2102,"date":"2011-01-20T20:47:41","date_gmt":"2011-01-20T18:47:41","guid":{"rendered":"http:\/\/prevencion.zeus.umh.es\/?page_id=2102"},"modified":"2014-12-04T11:27:39","modified_gmt":"2014-12-04T10:27:39","slug":"plan-de-emergencia","status":"publish","type":"page","link":"https:\/\/prevencion.umh.es\/ca\/plan-de-emergencia\/","title":{"rendered":"Plan Emergencia"},"content":{"rendered":"<p>El pla d\u2019emerg\u00e8ncia que es descriu en este cap\u00edtol, amb diversos documents, correspon al desenvolupament efectuat d\u2019acord a l\u2019article 20 de la Llei de Prevenci\u00f3 de Riscos Laborals<\/p>\n<p>Textualment indica:<\/p>\n<p><b>Article 20. Mesures d&#8217;emerg\u00e8ncia<\/b><\/p>\n<p>L&#8217;empresari, tenint en compte les dimensions i l&#8217;activitat de l&#8217;empresa, com tamb\u00e9 la possible presencia de persones que en siguin alienes, ha d&#8217;analitzar les possibles situacions d&#8217;emerg\u00e8ncia i adoptar les mesures que cregui convenients en mat\u00e8ria de primers auxilis, lluita contra incendis i evacuaci\u00f3 dels treballadors; amb aquesta finalitat, ha de designar el personal encarregat de posar en pr\u00e0ctica aquestes mesures i ha de comprovar peri\u00f2dicament, si conv\u00e9, que funcionin correctament. Aquest personal ha de tenir la formaci\u00f3 necess\u00e0ria, ser suficient en nombre i disposar del material adequat, segons les circumst\u00e0ncies indicades m\u00e9s amunt.<\/p>\n<p>Per a l&#8217;aplicaci\u00f3 de les mesures adoptades, l&#8217;empresari ha d&#8217;organitzar les relacions que calgui amb serveis externs a l&#8217;empresa, particularment en mat\u00e8ria de primers auxilis, assist\u00e8ncia m\u00e8dica d&#8217;urg\u00e8ncia, salvament i lluita contra incendis, de manera que en quedin garantides la rapidesa i l&#8217;efic\u00e0cia.<\/p>\n<p>\u00a0<\/p>\n<p>L\u2019aplicaci\u00f3 del pl\u00e0 d\u2019 emerg\u00e8ncia\u00a0 desenvolupats, constitueix el Capitol 6 (procediment operatiu) del manual d\u2019 Autoprotecci\u00f3 segons el R.D. 393\/ 2007.<\/p>\n<p>Entrades.<\/p>\n<p>\u00a0<\/p>\n<div class=\"parrafo\">\n<div>&#8211; <a href=\"https:\/\/prevencion.umh.es\/plan-de-emergencia\/manual-de-autoproteccion\/\">Manual de autoprotecci\u00f3n.<\/a><\/div>\n<div>&#8211; <a href=\"https:\/\/prevencion.umh.es\/plan-de-emergencia\/manual-medidas-de-emergencia-procedimiento-operativo\/\">Manual medidas de emergencia.<\/a>\u00a0( procedimiento operativo).<\/div>\n<div>&#8211; <a href=\"https:\/\/prevencion.umh.es\/plan-de-emergencia\/04-telefonos-de-interes\/\">TEL\u00c9FONO DE EMERGENCIA <\/a>DE LA UNIVERSIDAD.<\/div>\n<div>&#8211;\u00a0<a href=\"https:\/\/prevencion.umh.es\/plan-de-emergencia\/03-equipos-de-emergencia-por-campus\/\">Equipos de emergencia por Campus<\/a>.<\/div>\n<div>&#8211; <a href=\"https:\/\/prevencion.umh.es\/plan-de-emergencia\/resumen-actuaciones-equipo-de-emergencia-plan-de-emergencia\/\">Resumen\u00a0actuaciones Plan de emergencia<\/a>.<\/div>\n<div>&#8211; <a href=\"https:\/\/prevencion.umh.es\/plan-de-emergencia\/procedimiento-de-actualizacion-del-plan-procedimiento-de-actualizacion-del-plan\/\">Procedimiento de actualizaci\u00f3n<\/a>.<\/div>\n<\/div>\n<p><\/p>","protected":false},"excerpt":{"rendered":"<p>El pla d\u2019emerg\u00e8ncia que es descriu en este cap\u00edtol, amb diversos documents, correspon al desenvolupament efectuat d\u2019acord a l\u2019article 20 de la Llei de Prevenci\u00f3 de Riscos Laborals<br \/>\nTextualment indica:<br \/>\nArticle 20. Mesures d&#8217;emerg\u00e8ncia<br \/>\nL&#8217;empresari, tenint en compte les dimensions i l&#8217;activitat de l&#8217;empresa, com tamb\u00e9 la possible presencia de persones que en siguin alienes, ha d&#8217;analitzar les [&#8230;]<\/p>\n","protected":false},"author":131,"featured_media":0,"parent":0,"menu_order":20,"comment_status":"closed","ping_status":"open","template":"","meta":{"_links_to":"","_links_to_target":""},"_links":{"self":[{"href":"https:\/\/prevencion.umh.es\/ca\/wp-json\/wp\/v2\/pages\/2102"}],"collection":[{"href":"https:\/\/prevencion.umh.es\/ca\/wp-json\/wp\/v2\/pages"}],"about":[{"href":"https:\/\/prevencion.umh.es\/ca\/wp-json\/wp\/v2\/types\/page"}],"author":[{"embeddable":true,"href":"https:\/\/prevencion.umh.es\/ca\/wp-json\/wp\/v2\/users\/131"}],"replies":[{"embeddable":true,"href":"https:\/\/prevencion.umh.es\/ca\/wp-json\/wp\/v2\/comments?post=2102"}],"version-history":[{"count":0,"href":"https:\/\/prevencion.umh.es\/ca\/wp-json\/wp\/v2\/pages\/2102\/revisions"}],"wp:attachment":[{"href":"https:\/\/prevencion.umh.es\/ca\/wp-json\/wp\/v2\/media?parent=2102"}],"curies":[{"name":"wp","href":"https:\/\/api.w.org\/{rel}","templated":true}]}}