{"id":2105,"date":"2011-01-20T20:47:16","date_gmt":"2011-01-20T18:47:16","guid":{"rendered":"http:\/\/prevencion.zeus.umh.es\/?page_id=2105"},"modified":"2024-07-15T21:00:45","modified_gmt":"2024-07-15T19:00:45","slug":"procedimientos","status":"publish","type":"page","link":"https:\/\/prevencion.umh.es\/ca\/procedimientos\/","title":{"rendered":"Procediments"},"content":{"rendered":"<p>Els documents seg\u00fcents, particularitzen per a la seua aplicaci\u00f3 en la Universitat, la legislaci\u00f3 vigent, amb requisits m\u00ednims de Seguretat i Salut.<\/p>\n<p>Tots el documents s\u2019han presentat al Comit\u00e8 de Seguretat i Salut i alguns d\u2019ells s\u2019han aprovat pel Consell de Govern de la Universitat.<\/p>\n<p>La seua aplicaci\u00f3 a la Universitat \u00e9s obligat\u00f2ria en les activitats o circumst\u00e0ncies reglades per aquestes lleis.<\/p>\n<p>\u00a0<\/p>\n<p>&#8211; <a href=\"https:\/\/prevencion.umh.es\/procedimientos\/entrega-y-uso-de-equipos-de-proteccion-individual-epi-procedimiento-de-entrega-y-uso-de-los-equipos-de-proteccion-individual\/\">Entrega y uso de equipos de protecci\u00f3n individual<\/a>.<\/p>\n<p>&#8211; <a href=\"https:\/\/prevencion.umh.es\/procedimientos\/requisitos-de-seguridad-de-maquinas-y-equipos-de-trabajo-requisitos-minimos-de-seguridad-de-maquinas-y-equipos-de-trabajo\/\">Requistos m\u00ednimos de seguridad en m\u00e1quinas y equipos de trabajo<\/a>.<\/p>\n<p>&#8211; <a href=\"https:\/\/prevencion.umh.es\/procedimientos\/compra-y-almacenamiento-de-productos-quimicos-compra-y-almacenamiento-de-productos-quimicos\/\">Compra y almacenamiento de productos qu\u00edmicos<\/a>.<\/p>\n<p>&#8211; <a href=\"https:\/\/prevencion.umh.es\/procedimientos\/riesgos-producidos-por-agentes-quimicos-en-actividades-de-docencia-e-investigacion-riesgos-producidos-por-agentes-quimicos-en-actividades-de-docencia-e-investigacion\/\">Riesgos producidos por Agentes Qu\u00edmicos en Docencia e Investigaci\u00f3n<\/a>.<\/p>\n<p>&#8211; <a href=\"https:\/\/prevencion.umh.es\/procedimientos\/riesgo-biologico-en-actividades-de-docencia-e-investigacion-riesgo-biologico-en-actividades-de-docencia-e-investigacion\/\">Riesgo Biol\u00f3gico en actividades de Docencia e Investigaci\u00f3n<\/a>.<\/p>\n<p>&#8211;\u00a0<a href=\"https:\/\/prevencion.umh.es\/procedimientos\/coordinacion-de-actividades-empresariales-en-prl-a24-lprl\/\">Coordinaci\u00f3n de actividades empresariales en PRL\u00a0 ( A.24 LPRL).<\/a><\/p>\n<p>&#8211; <a href=\"https:\/\/prevencion.umh.es\/procedimientos\/investigacion-de-accidentes-investigacion-de-accidentes-e-incidentes\/\">Investigaci\u00f3n de accidentes e incidentes.<\/a><\/p>\n<p>&#8211; <a href=\"https:\/\/prevencion.umh.es\/procedimientos\/gestion-de-la-proteccion-a-maternidad-lactancia-y-trabajadores-sensibles-gestion-de-la-proteccion-a-la-maternidad-lactancia-y-de-trabajadores-sensibles\/\">Gesti\u00f3n de la protecci\u00f3n a la maternidad, lactancia y trabajadores sensibles<\/a>.<\/p>\n<p>&#8211; <a href=\"https:\/\/prevencion.umh.es\/procedimientos\/comunicacion-de-riesgo-grave-e-inminente-comunicacion-de-riesgo-grave-e-inminente-rgi\/\">Comunicaci\u00f3n de riesgo grave e inminente (RGI).<\/a><\/p>\n<p>&#8211;\u00a0<a href=\"https:\/\/prevencion.umh.es\/procedimientos\/mantenimiento-de-equipos-bajo-gestion-centralizada-mantenimiento-de-equipos-bajo-gestion-centralizada\/\">Mantenimiento de equipos\u00a0bajo gesti\u00f3n centralizada.\u00a0<\/a><\/p>","protected":false},"excerpt":{"rendered":"<p>Els documents seg\u00fcents, particularitzen per a la seua aplicaci\u00f3 en la Universitat, la legislaci\u00f3 vigent, amb requisits m\u00ednims de Seguretat i Salut.<br \/>\nTots el documents s\u2019han presentat al Comit\u00e8 de Seguretat i Salut i alguns d\u2019ells s\u2019han aprovat pel Consell de Govern de la Universitat.<br \/>\nLa seua aplicaci\u00f3 a la Universitat \u00e9s obligat\u00f2ria en les activitats o [&#8230;]<\/p>\n","protected":false},"author":131,"featured_media":0,"parent":0,"menu_order":40,"comment_status":"closed","ping_status":"open","template":"","meta":{"_links_to":"","_links_to_target":""},"_links":{"self":[{"href":"https:\/\/prevencion.umh.es\/ca\/wp-json\/wp\/v2\/pages\/2105"}],"collection":[{"href":"https:\/\/prevencion.umh.es\/ca\/wp-json\/wp\/v2\/pages"}],"about":[{"href":"https:\/\/prevencion.umh.es\/ca\/wp-json\/wp\/v2\/types\/page"}],"author":[{"embeddable":true,"href":"https:\/\/prevencion.umh.es\/ca\/wp-json\/wp\/v2\/users\/131"}],"replies":[{"embeddable":true,"href":"https:\/\/prevencion.umh.es\/ca\/wp-json\/wp\/v2\/comments?post=2105"}],"version-history":[{"count":0,"href":"https:\/\/prevencion.umh.es\/ca\/wp-json\/wp\/v2\/pages\/2105\/revisions"}],"wp:attachment":[{"href":"https:\/\/prevencion.umh.es\/ca\/wp-json\/wp\/v2\/media?parent=2105"}],"curies":[{"name":"wp","href":"https:\/\/api.w.org\/{rel}","templated":true}]}}