{"id":2107,"date":"2011-01-20T20:46:06","date_gmt":"2011-01-20T18:46:06","guid":{"rendered":"http:\/\/prevencion.zeus.umh.es\/?page_id=2107"},"modified":"2023-01-23T15:18:14","modified_gmt":"2023-01-23T14:18:14","slug":"instrucciones","status":"publish","type":"page","link":"https:\/\/prevencion.umh.es\/ca\/instrucciones\/","title":{"rendered":"Instrucciones"},"content":{"rendered":"<p>Els documents que s\u2019inclouen en este apartat s\u00f3n instruccions de difusi\u00f3 de la prevenci\u00f3 de riscos laborals, de bones practiques en mat\u00e8ria preventiva, o de utilitzaci\u00f3 volunt\u00e0ria per a determinades activitats , sempre relacionades amb la prevenci\u00f3 del risc laboral.<\/p>\n<p>&#8211; <a href=\"https:\/\/prevencion.umh.es\/instrucciones\/seguridad-en-el-trabajo-de-oficinas-seguridad-y-salud-en-trabajos-de-oficina\/\">Seguridad y salud en el trabajo de Oficinas<\/a>.<\/p>\n<p>&#8211; <a href=\"https:\/\/prevencion.umh.es\/instrucciones\/recomendaciones-de-seguridad-en-trabajo-en-laboratorios-recomendaciones-de-seguridad-en-trabajo-en-laboratorios\/\">Seguridad y salud en el trabajo en laboratorios<\/a>.<\/p>\n<p>&#8211; <a href=\"https:\/\/prevencion.umh.es\/instrucciones\/recomendaciones-de-seguridad-en-trabajo-en-talleres-recomendaciones-de-seguridad-en-trabajo-en-talleres\/\">Seguridad y salud en el trabajo en Talleres<\/a>.<\/p>\n<p>&#8211; <a href=\"https:\/\/prevencion.umh.es\/instrucciones\/estandares-de-laboratorios-estandares-de-laboratorio\/\">Est\u00e1ndares de edificios con laboratorios.<\/a><\/p>\n<p>&#8211;<a href=\"https:\/\/prevencion.umh.es\/instrucciones\/compra-de-mobiliario-ergonomico-consultable-por-acceso-restringido-recomendaciones-a-seguir-en-la-compra-de-mobiliario\/\">Compra de mobiliario ergon\u00f3mico<\/a>.<\/p>","protected":false},"excerpt":{"rendered":"<p>Els documents que s\u2019inclouen en este apartat s\u00f3n instruccions de difusi\u00f3 de la prevenci\u00f3 de riscos laborals, de bones practiques en mat\u00e8ria preventiva, o de utilitzaci\u00f3 volunt\u00e0ria per a determinades activitats , sempre relacionades amb la prevenci\u00f3 del risc laboral.<br \/>\n&#8211; Seguridad y salud en el trabajo de Oficinas.<br \/>\n&#8211; Seguridad y salud en el trabajo en [&#8230;]<\/p>\n","protected":false},"author":131,"featured_media":0,"parent":0,"menu_order":30,"comment_status":"closed","ping_status":"open","template":"","meta":{"_links_to":"","_links_to_target":""},"_links":{"self":[{"href":"https:\/\/prevencion.umh.es\/ca\/wp-json\/wp\/v2\/pages\/2107"}],"collection":[{"href":"https:\/\/prevencion.umh.es\/ca\/wp-json\/wp\/v2\/pages"}],"about":[{"href":"https:\/\/prevencion.umh.es\/ca\/wp-json\/wp\/v2\/types\/page"}],"author":[{"embeddable":true,"href":"https:\/\/prevencion.umh.es\/ca\/wp-json\/wp\/v2\/users\/131"}],"replies":[{"embeddable":true,"href":"https:\/\/prevencion.umh.es\/ca\/wp-json\/wp\/v2\/comments?post=2107"}],"version-history":[{"count":0,"href":"https:\/\/prevencion.umh.es\/ca\/wp-json\/wp\/v2\/pages\/2107\/revisions"}],"wp:attachment":[{"href":"https:\/\/prevencion.umh.es\/ca\/wp-json\/wp\/v2\/media?parent=2107"}],"curies":[{"name":"wp","href":"https:\/\/api.w.org\/{rel}","templated":true}]}}