{"id":2135,"date":"2011-05-16T10:00:21","date_gmt":"2011-05-16T08:00:21","guid":{"rendered":"http:\/\/prevencion.zeus.umh.es\/?page_id=2135"},"modified":"2019-12-03T13:08:35","modified_gmt":"2019-12-03T12:08:35","slug":"adhesion-de-la-universidad-miguel-hernandez-a-la-declaracion-de-politica-preventiva-de-la-crue","status":"publish","type":"page","link":"https:\/\/prevencion.umh.es\/ca\/plan-de-prevencion\/adhesion-de-la-universidad-miguel-hernandez-a-la-declaracion-de-politica-preventiva-de-la-crue\/","title":{"rendered":"Adhesi\u00f3 UMH a declaraci\u00f3 pol\u00edtica preventiva de la CRUE"},"content":{"rendered":"<p>El seg\u00fcent document recull l\u2019acord en cultura preventiva de riscos laborals, aprovat per l\u2019 Assemblea General de la CRUE celebrada en Madrid el 3 d\u2019 Abril de 2006. Es divideix en dos apartats:<br \/>\n\u2013 Descripci\u00f3 de pol\u00edtica preventiva de la CRUE.<br \/>\n\u2013 Dec\u00e0leg de Principis i Compromisos en Pol\u00edtica de Seguretat i Salut.<\/p>\n<p><span style=\"font-size: large\">\u00a0<\/span><a href=\"https:\/\/prevencion.umh.es\/files\/2011\/05\/cultura-preventiva03042006.pdf\">cultura-preventiva03042006<\/a><\/p>\n<div><span style=\"font-family: Arial;font-size: large\"><span style=\"font-family: Arial;font-size: large\">La Universitat Miguel Hern\u00e1ndez d\u2019 Elx va formalitzar l\u2019 adhesi\u00f3 a l\u2019acord amb <strong>l\u2019Aprovaci\u00f3 pel Consell de Govern, el 5 de novembre de 2008, com a<\/strong> <strong>Dec\u00e0leg de principis i compromisos de Pol\u00edtica de Seguretat i Salut<\/strong>, document que s\u2019 inclou a continuaci\u00f3.<br \/>\n<\/span><\/span><\/div>\n<div><span style=\"font-family: Arial;font-size: large\"><span style=\"font-family: Arial;font-size: large\">\u00a0<\/span><\/span><\/div>\n<div><span style=\"font-family: Arial;font-size: large\"><span style=\"font-family: Arial;font-size: large\">\u00a0<\/span><\/span><a href=\"https:\/\/prevencion.umh.es\/files\/2011\/05\/decalogo-de-principios-y-compromisos-en-materia-de.pdf\">decalogo-de-principios-y-compromisos-en-materia-de<\/a><\/div>\n<p><\/p>","protected":false},"excerpt":{"rendered":"<p>El seg\u00fcent document recull l\u2019acord en cultura preventiva de riscos laborals, aprovat per l\u2019 Assemblea General de la CRUE celebrada en Madrid el 3 d\u2019 Abril de 2006. Es divideix en dos apartats:<br \/>\n\u2013 Descripci\u00f3 de pol\u00edtica preventiva de la CRUE.<br \/>\n\u2013 Dec\u00e0leg de Principis i Compromisos en Pol\u00edtica de Seguretat i Salut.<br \/>\n\u00a0cultura-preventiva03042006<br \/>\nLa Universitat Miguel Hern\u00e1ndez d\u2019 [&#8230;]<\/p>\n","protected":false},"author":131,"featured_media":0,"parent":2131,"menu_order":30,"comment_status":"closed","ping_status":"open","template":"","meta":{"_links_to":"","_links_to_target":""},"_links":{"self":[{"href":"https:\/\/prevencion.umh.es\/ca\/wp-json\/wp\/v2\/pages\/2135"}],"collection":[{"href":"https:\/\/prevencion.umh.es\/ca\/wp-json\/wp\/v2\/pages"}],"about":[{"href":"https:\/\/prevencion.umh.es\/ca\/wp-json\/wp\/v2\/types\/page"}],"author":[{"embeddable":true,"href":"https:\/\/prevencion.umh.es\/ca\/wp-json\/wp\/v2\/users\/131"}],"replies":[{"embeddable":true,"href":"https:\/\/prevencion.umh.es\/ca\/wp-json\/wp\/v2\/comments?post=2135"}],"version-history":[{"count":0,"href":"https:\/\/prevencion.umh.es\/ca\/wp-json\/wp\/v2\/pages\/2135\/revisions"}],"up":[{"embeddable":true,"href":"https:\/\/prevencion.umh.es\/ca\/wp-json\/wp\/v2\/pages\/2131"}],"wp:attachment":[{"href":"https:\/\/prevencion.umh.es\/ca\/wp-json\/wp\/v2\/media?parent=2135"}],"curies":[{"name":"wp","href":"https:\/\/api.w.org\/{rel}","templated":true}]}}