{"id":2139,"date":"2011-05-16T10:03:45","date_gmt":"2011-05-16T08:03:45","guid":{"rendered":"http:\/\/prevencion.zeus.umh.es\/?page_id=2139"},"modified":"2016-06-14T11:55:11","modified_gmt":"2016-06-14T09:55:11","slug":"documentacion","status":"publish","type":"page","link":"https:\/\/prevencion.umh.es\/ca\/plan-de-prevencion\/documentacion\/","title":{"rendered":"Documentaci\u00f3"},"content":{"rendered":"<p><\/p>\n<div><\/div>\n<p>Les activitats de prevenci\u00f3 pr\u00f2pies de cada unitat es desenvoluparan o organitzaran mitjan\u00e7ant diversos documents de treball, els quals tindran en compte la legislaci\u00f3 que els aplica:<\/p>\n<p>Procediments (1).<\/p>\n<p>Manuals d&#8217;instruccions (1).<\/p>\n<p>Processos.<\/p>\n<p>Protocols.<\/p>\n<p>Registres.<\/p>\n<p>Registres d&#8217;inscripcions (inventari de registres).<\/p>\n<p>Avaluacions inicials, revisions (2).<\/p>\n<p>Planificaci\u00f3 (3), l&#8217;activitat preventiva, autoavaluaci\u00f3 de programes d&#8217;integraci\u00f3.<\/p>\n<p>Auditories (2).<\/p>\n<p>\u2026.<\/p>\n<p>(1) La Universitat pot tindre documents generals d&#8217;aquest tipus com ara les instruccions i els procediments d&#8217;aquesta Web. Tanmateix, les unitats en poden desenvolupar els seus documents per afavorir la gesti\u00f3 interna de la PRL.<\/p>\n<p>(2) Documents generats pel Servei de Prevenci\u00f3 de Riscos Laborals o entitats externes.<\/p>\n<p>(3) Com a m\u00ednim hi haur\u00e0 la planificaci\u00f3 inicial per a la implantaci\u00f3 de la prevenci\u00f3 a partir de l&#8217;avaluaci\u00f3 de riscos inicial.<\/p>\n<p>Ateses les exig\u00e8ncies normatives de prevenci\u00f3 de riscos laborals, m\u00e9s les proves necess\u00e0ries per a qualsevol sistema basat en la millora cont\u00ednua, s\u2019ha de mantindre una documentaci\u00f3 composta per registres i\/o inventaris, que recullen les proves que indiquen qu\u00e8 s&#8217;utilitza i qu\u00e8 s\u2019est\u00e0 fent.<\/p>\n<p>Els processos o protocols; comunament utilitzats en doc\u00e8ncia, recerca i treball administratiu: han d\u2019integrar les activitats de prevenci\u00f3 necess\u00e0ries. A m\u00e9s, res no impedeix -per tal d&#8217;afavorir la integraci\u00f3 de la gesti\u00f3 de la prevenci\u00f3 de riscos laborals- que en la gesti\u00f3 regular els Estatuts, els reglaments i\/o les normes organitzatives dels instituts, centres i departaments, proporcionen regles o indicacions sobre prevenci\u00f3 de riscos laborals.<\/p>\n<p>Aquests documents tenen com a objectiu permetre el manteniment del sistema de gesti\u00f3 preventiva i la millora de les condicions de treball en la Unitat. Tamb\u00e9 \u00e9s important la documentaci\u00f3 de les activitats de prevenci\u00f3, les quals faciliten la revisi\u00f3 de les accions, les auditories i fins i tot les possibles inspeccions de treball i seguretat social.<\/p>\n<p>A partir de la implantaci\u00f3 del Pla de Prevenci\u00f3 a la Universitat, despr\u00e9s de cada avaluaci\u00f3 de riscos s\u2019han adjuntat models i exemples de documentaci\u00f3 que cal mantenir; tamb\u00e9 s\u2019ha aportat: l&#8217;organitzaci\u00f3 general de documentaci\u00f3, suggeriments per desenvolupar els plans de l&#8217;activitat preventiva , els plans d&#8217;emerg\u00e8ncia per a laboratori, etc.<\/p>\n<p>Aquests documents van ser previstos en l&#8217;etapa de disseny en els manuals de prevenci\u00f3 d&#8217;unitats (com ara l&#8217;elaboraci\u00f3 de plans verticals), i es van presentar i aprovar pel Comit\u00e8 de Seguretat i Salut.<\/p>\n<p>L&#8217;experi\u00e8ncia en la implantaci\u00f3 de les pol\u00edtiques de prevenci\u00f3 de riscos ens permet editar els seg\u00fcents documents amb recomanacions d&#8217;\u00fas i consulta, i exemples de refer\u00e8ncia.<\/p>","protected":false},"excerpt":{"rendered":"<p>Les activitats de prevenci\u00f3 pr\u00f2pies de cada unitat es desenvoluparan o organitzaran mitjan\u00e7ant diversos documents de treball, els quals tindran en compte la legislaci\u00f3 que els aplica:<br \/>\nProcediments (1).<br \/>\nManuals d&#8217;instruccions (1).<br \/>\nProcessos.<br \/>\nProtocols.<br \/>\nRegistres.<br \/>\nRegistres d&#8217;inscripcions (inventari de registres).<br \/>\nAvaluacions inicials, revisions (2).<br \/>\nPlanificaci\u00f3 (3), l&#8217;activitat preventiva, autoavaluaci\u00f3 de programes d&#8217;integraci\u00f3.<br \/>\nAuditories (2).<br \/>\n\u2026.<br \/>\n(1) La Universitat pot tindre documents generals d&#8217;aquest tipus com ara [&#8230;]<\/p>\n","protected":false},"author":131,"featured_media":0,"parent":2131,"menu_order":40,"comment_status":"closed","ping_status":"open","template":"","meta":{"_links_to":"","_links_to_target":""},"_links":{"self":[{"href":"https:\/\/prevencion.umh.es\/ca\/wp-json\/wp\/v2\/pages\/2139"}],"collection":[{"href":"https:\/\/prevencion.umh.es\/ca\/wp-json\/wp\/v2\/pages"}],"about":[{"href":"https:\/\/prevencion.umh.es\/ca\/wp-json\/wp\/v2\/types\/page"}],"author":[{"embeddable":true,"href":"https:\/\/prevencion.umh.es\/ca\/wp-json\/wp\/v2\/users\/131"}],"replies":[{"embeddable":true,"href":"https:\/\/prevencion.umh.es\/ca\/wp-json\/wp\/v2\/comments?post=2139"}],"version-history":[{"count":0,"href":"https:\/\/prevencion.umh.es\/ca\/wp-json\/wp\/v2\/pages\/2139\/revisions"}],"up":[{"embeddable":true,"href":"https:\/\/prevencion.umh.es\/ca\/wp-json\/wp\/v2\/pages\/2131"}],"wp:attachment":[{"href":"https:\/\/prevencion.umh.es\/ca\/wp-json\/wp\/v2\/media?parent=2139"}],"curies":[{"name":"wp","href":"https:\/\/api.w.org\/{rel}","templated":true}]}}