{"id":2142,"date":"2011-05-16T10:10:19","date_gmt":"2011-05-16T08:10:19","guid":{"rendered":"http:\/\/prevencion.zeus.umh.es\/?page_id=2142"},"modified":"2016-06-14T12:13:43","modified_gmt":"2016-06-14T10:13:43","slug":"servicios-administrativos","status":"publish","type":"page","link":"https:\/\/prevencion.umh.es\/ca\/plan-de-prevencion\/documentacion\/servicios-administrativos\/","title":{"rendered":"Serveis administratius"},"content":{"rendered":"<p><\/p>\n<div><span style=\"font-size: medium\">Un servei o unitat hauria de tenir la informaci\u00f3 seg\u00fcent:<\/span><\/div>\n<div><\/div>\n<ul>\n<li>Avaluacions de riscos inicials, revisions.<\/li>\n<li>Planificacions.<\/li>\n<li>Autoavaluacions d&#8217;integraci\u00f3 (autoavaluaci\u00f3 en l&#8217;apartat &#8220;multim\u00e8dia prevenci\u00f3&#8221; d&#8217;aquesta web).<\/li>\n<\/ul>\n<p>Registre de coneixement del manual d&#8217;autoprotecci\u00f3, tel\u00e8fon d&#8217;emerg\u00e8ncia de la Universitat i la manera de donar l\u2019alarma per a l\u2019evacuaci\u00f3 de l&#8217;edifici on es trobe. Vegeu-ne formats en l&#8217;apartat &#8220;pla d&#8217;emerg\u00e8ncia&#8221; d\u2019aquesta web.<\/p>\n<p>Relaci\u00f3 dels equips de treball (dels que tingen qualsevol complexitat). Instruccions del equips a disposici\u00f3 del personal (vegeu el procediment en aquesta p\u00e0gina web).<\/p>\n<p>Si fora el cas cal tindre un registre de lectura i informaci\u00f3 del manual de seguretat en el treball en oficines (vegeu l\u2019apartat de les instruccions en aquesta web).<\/p>\n<p>Si fora el cas, s&#8217;ha de tindre el registre d\u2019accidents i incidents amb els seus formularis de recerca emplenats (a m\u00e9s dels informes addicionals que es puguen requerir), vegeu procediment en aquesta p\u00e0gina web.<\/p>\n<p>Programa de l&#8217;activitat preventiva actualitzat, s&#8217;adjunta exemple:<\/p>\n<p><a href=\"https:\/\/ssl.translatoruser.net\/bv.aspx?from=es&amp;to=ca&amp;a=http%3A%2F%2Fprevencion.umh.es%2Ffiles%2F2011%2F05%2Fejemplo-de-programa-de-actividades-preventivas-oficina.doc\">ejemplo-de-Programa-de-Actividades-preventivas-Oficina<\/a><\/p>\n<p>Els serveis que requereixen, per a la seua activitat riscosa, equips de protecci\u00f3 individual (EPI), necessiten una relaci\u00f3 d&#8217;equips i els formularis de lliurament (vegeu procediment en aquesta p\u00e0gina web).<\/p>\n<p>Aquells serveis que tingen externalitzaci\u00f3 d&#8217;activitats o personal d\u2019altres empreses d&#8217;empreses treballant en el servei: <em>per a cada centre de treball <\/em>(campus i seu) s&#8217;haur\u00e0 de disposar de (vegeu el procediment de coordinaci\u00f3 d&#8217;activitats empresarials en mat\u00e8ria de prevenci\u00f3 en la secci\u00f3 procediments d\u2019esta web):<\/p>\n<p>-Contracte o acord inicial.<\/p>\n<p>&#8211; Documents d\u2019intercanvi: a) C\u00f2pia &#8220;amb rebut&#8221; o similar de la informaci\u00f3 de riscos facilitada. (b) informaci\u00f3 dels riscos rebuda: riscos per als nostres treballadors, certificat de realitzaci\u00f3 de l&#8217;avaluaci\u00f3 de riscos sobre els nostres locals, certificats d&#8217;informaci\u00f3 i formaci\u00f3 dels treballadors (en la seua pr\u00f2pia activitat i en els riscos comunicats per la Universitat). (c) Les actes de les reunions realitzades on s&#8217;aborden temes de prevenci\u00f3. d) Si \u00e9s el cas, fitxes, comunicacions o instruccions realitzades que inclouen elements de P.R.L e) Tamb\u00e9 les comunicacions o peticions rebudes de l&#8217;empresa externa i les respostes donades.<\/p>\n<p>Si \u00e9s el cas, procediments o instruccions internes de la Unitat en mat\u00e8ria de prevenci\u00f3 i les proves de la seua realitzaci\u00f3.<\/p>","protected":false},"excerpt":{"rendered":"<p>Un servei o unitat hauria de tenir la informaci\u00f3 seg\u00fcent:<\/p>\n<p>Avaluacions de riscos inicials, revisions.<br \/>\nPlanificacions.<br \/>\nAutoavaluacions d&#8217;integraci\u00f3 (autoavaluaci\u00f3 en l&#8217;apartat &#8220;multim\u00e8dia prevenci\u00f3&#8221; d&#8217;aquesta web).<\/p>\n<p>Registre de coneixement del manual d&#8217;autoprotecci\u00f3, tel\u00e8fon d&#8217;emerg\u00e8ncia de la Universitat i la manera de donar l\u2019alarma per a l\u2019evacuaci\u00f3 de l&#8217;edifici on es trobe. Vegeu-ne formats en l&#8217;apartat &#8220;pla d&#8217;emerg\u00e8ncia&#8221; d\u2019aquesta web.<br \/>\nRelaci\u00f3 dels [&#8230;]<\/p>\n","protected":false},"author":131,"featured_media":0,"parent":2139,"menu_order":10,"comment_status":"closed","ping_status":"open","template":"","meta":{"_links_to":"","_links_to_target":""},"_links":{"self":[{"href":"https:\/\/prevencion.umh.es\/ca\/wp-json\/wp\/v2\/pages\/2142"}],"collection":[{"href":"https:\/\/prevencion.umh.es\/ca\/wp-json\/wp\/v2\/pages"}],"about":[{"href":"https:\/\/prevencion.umh.es\/ca\/wp-json\/wp\/v2\/types\/page"}],"author":[{"embeddable":true,"href":"https:\/\/prevencion.umh.es\/ca\/wp-json\/wp\/v2\/users\/131"}],"replies":[{"embeddable":true,"href":"https:\/\/prevencion.umh.es\/ca\/wp-json\/wp\/v2\/comments?post=2142"}],"version-history":[{"count":0,"href":"https:\/\/prevencion.umh.es\/ca\/wp-json\/wp\/v2\/pages\/2142\/revisions"}],"up":[{"embeddable":true,"href":"https:\/\/prevencion.umh.es\/ca\/wp-json\/wp\/v2\/pages\/2139"}],"wp:attachment":[{"href":"https:\/\/prevencion.umh.es\/ca\/wp-json\/wp\/v2\/media?parent=2142"}],"curies":[{"name":"wp","href":"https:\/\/api.w.org\/{rel}","templated":true}]}}