{"id":2151,"date":"2011-05-16T12:54:33","date_gmt":"2011-05-16T10:54:33","guid":{"rendered":"http:\/\/prevencion.zeus.umh.es\/?page_id=2151"},"modified":"2016-06-14T13:00:38","modified_gmt":"2016-06-14T11:00:38","slug":"criterios-generales-de-organizacion-de-la-documentacion","status":"publish","type":"page","link":"https:\/\/prevencion.umh.es\/ca\/plan-de-prevencion\/documentacion\/institutos-de-investigacion\/criterios-generales-de-organizacion-de-la-documentacion\/","title":{"rendered":"Criteris generals d&#8217;organitzaci\u00f3 de la documentaci\u00f3"},"content":{"rendered":"<p>Si ens basem en l&#8217;organitzaci\u00f3 habitual dels Instituts d&#8217;Investigaci\u00f3, en els equips de recerca i\/o els serveis comuns, en distingim 4 nivells:<\/p>\n<ul>\n<li>Nivell d\u2019Institut.<\/li>\n<li>Nivell d&#8217;equip de recerca.<\/li>\n<li>Nivell de laboratori (o taller).<\/li>\n<li>Nivell de serveis administratius.<\/li>\n<\/ul>\n<p>El que segueix reflecteix d&#8217;una manera orientativa la documentaci\u00f3 necess\u00e0ria sense voler ser exhaustiva ni exacta, com un conjunt d&#8217;especificacions. Tal documentaci\u00f3 pot ser alterada o combinada per millorar la seguretat i la salut de tots els implicats en el proc\u00e9s d&#8217;investigaci\u00f3 per complir amb els requisits exigits per la legislaci\u00f3 actual.<\/p>\n<p>En aquest apartat, estan indicats com l&#8217;\u00faltim punt, els \u00edndex de les carpetes que recullen tot aix\u00f2 que tot seguit s\u2019explica.<\/p>\n<p><strong>(A) <u>Nivell d&#8217;Institut <\/u><\/strong><\/p>\n<p>L&#8217;avaluaci\u00f3 inicial de riscos, actualitzacions, revisions i informes complementaris de riscos.<\/p>\n<p>Planificaci\u00f3 de la implantaci\u00f3.<\/p>\n<p>Un programa de recepci\u00f3 general dels investigadors.<\/p>\n<p>Inventari dels registres existents:<\/p>\n<ol>\n<li>Per equip, amb detalls sobre les compet\u00e8ncies de cadasc\u00fa als laboratoris de recerca.<\/li>\n<li>A les sales comuns relacionant el personal que les utilitza.<\/li>\n<li>Registre de personal d&#8217;altres empreses indicant l\u2019equip de recerca en qu\u00e8 es troben.<\/li>\n<\/ol>\n<p>Registres d&#8217;equips o accions que es consideren adequats gestionar de manera centralitzada (per exemple, revisions de cabines de seguretat biol\u00f2gica o armaris de fums, \u00eddem per a les dutxes de seguretat&#8230;).<\/p>\n<p>Actes de reunions on es tracten q\u00fcestions de P. R. L.<\/p>\n<p>Comunicacions (entrades i sortides), en prevenci\u00f3 amb:<\/p>\n<ul>\n<li>diversos grups de recerca<\/li>\n<li>rector<\/li>\n<li>l&#8217;\u00f2rgan que t\u00e9 la delegaci\u00f3 del Rector en l&#8217;\u00e0rea de prevenci\u00f3 de riscos laborals.<\/li>\n<\/ul>\n<p>Actes de coordinaci\u00f3 en l&#8217;\u00e0mbit d\u2019Institut amb altres empreses (per exemple coordinaci\u00f3 del CSIC en centres mixtos).<\/p>\n<p>Registre de coneixement dels \u00f2rgans de govern del centre sobre el coneixement del pla d&#8217;emerg\u00e8ncia de la Universitat a m\u00e9s de les actuacions que calen fer en cas d\u2019emerg\u00e8ncia a les seues instal\u00b7lacions.<\/p>\n<p>Registre de comunicaci\u00f3 a contractes i concessions administratives. Aquestes comunicacions s\u00f3n enviades a qui exerceix la coordinaci\u00f3 d&#8217;aquests contractes (Servei d&#8217;Infraestructura). Per exemple, l\u00edmits i condicions de neteja, accions en cas d\u2019un vessament accidental pel personal de neteja, advert\u00e8ncies sobre l&#8217;acc\u00e9s del personal femen\u00ed a determinades instal\u00b7lacions (protecci\u00f3 de la maternitat i la lact\u00e0ncia).<\/p>\n<p>\u2026.<\/p>\n<p><strong><u>(B) y (C) Documentaci\u00f3 en equips de recerca i laboratoris<\/u><\/strong><\/p>\n<p>Cada equip de recerca assumeix la responsabilitat sobre els llocs de treball, els equips de treball, les subst\u00e0ncies i elements utilitzats i sobre com es fan els experiments.<\/p>\n<p>Pot haver-hi documentaci\u00f3 comuna o pr\u00f2pia de l\u2019equip, tamb\u00e9 pot aconseguir aix\u00f2 com l&#8217;agregaci\u00f3 de la documentaci\u00f3 existent de diversos laboratoris on es realitzen activitats o de forma mixta, per aix\u00f2 es detalla la documentaci\u00f3 per equip\/laboratori.<\/p>\n<p><strong>\u00a0<\/strong><\/p>\n<p><strong>1.1 Criteris generals.<\/strong><\/p>\n<p>Tant per als laboratoris docents com per als instituts de recerca, pel que fa a l&#8217;alta mobilitat de professors, becaris i investigadors entre diferents laboratoris, es recomana l\u2019elaboraci\u00f3 de manuals de laboratori de diferents colors.<\/p>\n<p><u>Verd<\/u>: amb instruccions o documents que s\u00f3n merament informatius (1).<\/p>\n<p><u>Blau<\/u>: amb els procediments, normes, processos, protocols o qualsevol document que implica que cal complir la norma.<\/p>\n<p><u>Roig:<\/u> La documentaci\u00f3 relacionada amb l&#8217;emerg\u00e8ncia.<\/p>\n<p>En els diferents apartats cal incloure quan siga necessari o es considere adequat, els registres d&#8217;informaci\u00f3 de coneixement que siguen oportuns.<\/p>\n<p>(1) \u00c9s totalment compatible amb l&#8217;exist\u00e8ncia d&#8217;instruccions redu\u00efdes situades a la paret o panells adjunts.<\/p>\n<p><strong>1.2 Registres. <\/strong><\/p>\n<p>(a) <u>Equips de treball.<\/u><br \/>\nCal registrar nom\u00e9s els equips d\u2019una certa complexitat: m\u00e0quines o equips de laboratori, assenyalant que \u00e9s obligatori registrar els mitjans de protecci\u00f3 col\u00b7lectiva (armaris de fums, cabines de seguretat biol\u00f2gica, dutxes, &#8230;) al laboratori.<\/p>\n<p>S\u2019ha de recollir per a cada equip les evid\u00e8ncies de comprovaci\u00f3 de la conformitat en l&#8217;adquisici\u00f3 i les verificacions peri\u00f2diques (legal o de seguretat volunt\u00e0ries) i qui les ha fet. <em>Vegeu el <a href=\"https:\/\/ssl.translatoruser.net\/bv.aspx?from=es&amp;to=ca&amp;a=http%3A%2F%2Fprevencion.umh.es%2Fprocedimientos%2Frequisitos-de-seguridad-de-maquinas-y-equipos-de-trabajo-requisitos-minimos-de-seguridad-de-maquinas-y-equipos-de-trabajo%2F\">procediment <\/a>actual a la WEB.<\/em> Les instruccions originals proporcionades pel fabricant tamb\u00e9 han de ser disponibles als usuaris.<\/p>\n<p>(b) <u>Equip de protecci\u00f3 individual.<\/u><\/p>\n<p>Per als equips personals de protecci\u00f3 proporcionada per la Universitat, cal tindre registres, i tamb\u00e9 la documentaci\u00f3 de lliurament a l&#8217;usuari que els utilitzar\u00e0, llevat que siguen d&#8217;un sol \u00fas (per exemple el de cas caixes de guants).<\/p>\n<ul>\n<li>Assegureu-vos que s\u00f3n equips de protecci\u00f3 adequats per usar dins la Uni\u00f3 Europea (marcatge CE&#8230;). <em>Vegeu <a href=\"https:\/\/ssl.translatoruser.net\/bv.aspx?from=es&amp;to=ca&amp;a=http%3A%2F%2Fprevencion.umh.es%2Fprocedimientos%2Frequisitos-de-seguridad-de-maquinas-y-equipos-de-trabajo-requisitos-minimos-de-seguridad-de-maquinas-y-equipos-de-trabajo%2F\">procediment <\/a>a la Web.<\/em><\/li>\n<\/ul>\n<p>(c) <u>Emmagatzematge de productes qu\u00edmics.<\/u><\/p>\n<p>Registre de subst\u00e0ncies i productes, per lloc de treball.<\/p>\n<p>Localitzaci\u00f3 de fitxes de seguretat.<\/p>\n<p><em>En aquest lloc web, en l&#8217;apartat &#8220;tr\u00e0mits&#8221;, hi ha: 1r <a href=\"https:\/\/ssl.translatoruser.net\/bv.aspx?from=es&amp;to=ca&amp;a=http%3A%2F%2Fprevencion.umh.es%2Fprocedimientos%2Friesgos-producidos-por-agentes-quimicos-en-actividades-de-docencia-e-investigacion-riesgos-producidos-por-agentes-quimicos-en-actividades-de-docencia-e-investigacion%2F\">Riscos causats per subst\u00e0ncies qu\u00edmiques en la doc\u00e8ncia i activitats de recerca<\/a>. 2n <a href=\"https:\/\/ssl.translatoruser.net\/bv.aspx?from=es&amp;to=ca&amp;a=http%3A%2F%2Fprevencion.umh.es%2Fprocedimientos%2Fcompra-y-almacenamiento-de-productos-quimicos-compra-y-almacenamiento-de-productos-quimicos%2F\">Compra i emmagatzematge de productes qu\u00edmics.<\/a><\/em><\/p>\n<p><em><u>Nota important<\/u><\/em> <em>: <\/em>Envieu a intervals regulars (com a m\u00ednim una vegada per any), a la direcci\u00f3 d&#8217;emerg\u00e8ncia del Campus, el registre de les subst\u00e0ncies qu\u00edmiques existents a cada laboratori, per ficar-lo al Manual d&#8217;Emerg\u00e8ncia de l\u2019Edifici que es troba a disposici\u00f3 dels equips d&#8217;intervenci\u00f3 propis o externs.<\/p>\n<p>(d) <u>Registre d&#8217;accidents i incidents (si n&#8217;existeixen<\/u>). <em>En aquest lloc web, en l&#8217;apartat &#8220;tr\u00e0mits&#8221; hi ha el procediment &#8220;<a href=\"https:\/\/ssl.translatoruser.net\/bv.aspx?from=es&amp;to=ca&amp;a=http%3A%2F%2Fprevencion.umh.es%2Fprocedimientos%2Finvestigacion-de-accidentes-investigacion-de-accidentes-e-incidentes%2F\">investigaci\u00f3 d&#8217;accidents&#8221;.<\/a> <\/em>A cada laboratori cal obrir, amb el primer accident produ\u00eft (amb o sense les lesions), el registre amb la investigaci\u00f3 pertinent, a m\u00e9s de les evid\u00e8ncies de les accions realitzades per evitar la repetici\u00f3 de l\u2019accident.<\/p>\n<p>(e) <u>Documentaci\u00f3 dels processos: <\/u>La legislaci\u00f3 de riscos laborals indica que quan hi ha certes operacions amb riscos, les instruccions de treball han de ser per escrit obligat\u00f2riament. <em>No es t\u00e9 cap intenci\u00f3 de crear nova documentaci\u00f3<\/em> <em>sin\u00f3 de incloure en els protocols existents els advertiments i requeriments necessaris per tal que l&#8217;activitat siga segura<\/em> (exemple: guants que cal utilitzar, utilitzaci\u00f3 de l\u2019amari de fums&#8230;). En alguns equips de recerca s\u2019ha observat que els protocols passen directament dels doctors als nous becaris que s\u2019acaben d\u2019incorporar. Cal que aquests protocols o qualsevol documentaci\u00f3 sobre com realitzar processos, siga supervisada per l&#8217;investigador principal o la persona en qui delegui (amb l&#8217;evid\u00e8ncia de l&#8217;acci\u00f3) i que siguen registrats formalment.<\/p>\n<p>(f) <u>Registre del coneixement manual d&#8217;autoprotecci\u00f3 i plans d&#8217;emerg\u00e8ncia per al laboratori.<\/u><\/p>\n<p>(g) <u>Registre d&#8217;instruccions o procediments espec\u00edfics si est\u00e0 desenvolupant a la unitat o al laboratori.<\/u><\/p>\n<p>(h) <u>Si fora el cas, registre de personal autoritzat per accedir i treballar al laboratori.<\/u><\/p>\n<p><strong>\u00a0<\/strong><\/p>\n<ol start=\"2\">\n<li><strong> Altres documents que cal tindre relacionats amb els riscos laborals, al laboratori i\/o a l&#8217;equip de recerca: <\/strong><\/li>\n<\/ol>\n<p>-Tothom ha de con\u00e8ixer la ubicaci\u00f3 del document d\u2019avaluaci\u00f3 inicial de riscos i planificaci\u00f3 preventiva (la distribuci\u00f3 d&#8217;aquest document \u00e9s determinat per la direcci\u00f3 de l\u2019Institut).<\/p>\n<p>-\u00cddem del programa d\u2019activitats preventives de l\u2019equip de recerca o del laboratori.<\/p>\n<p>-Proc\u00e9s de recepci\u00f3 i formaci\u00f3 del personal al laboratori o a l&#8217;equip de recerca.<\/p>\n<p>-Si en teniu: evid\u00e8ncia del lliurament de les instruccions a contractistes a trav\u00e9s del Servei d\u2019Infraestructures (condicions de neteja del laboratori: no toqueu res i cal avisar en cas de vessament accidental; precaucions d&#8217;acc\u00e9s per Manteniment correctiu&#8230;).<\/p>\n<p>-Si en teniu: proves de coordinaci\u00f3 d&#8217;activitats preventives si n&#8217;hi ha investigadors externs a la universitat al laboratori o equip d&#8217;investigaci\u00f3.<\/p>\n<p>-Si hi ha un nivell de risc biol\u00f2gic 2 o superior: documentaci\u00f3 de classificaci\u00f3 del laboratori, notificaci\u00f3 a la Autoritat Laboral, els informes d&#8217;aptitud (vegeu el procediment de <a href=\"https:\/\/ssl.translatoruser.net\/bv.aspx?from=es&amp;to=ca&amp;a=http%3A%2F%2Fprevencion.umh.es%2Fprocedimientos%2Friesgo-biologico-en-actividades-de-docencia-e-investigacion-riesgo-biologico-en-actividades-de-docencia-e-investigacion%2F\">risc biol\u00f2gic<\/a>)<\/p>\n<p>\u2013 \u2026<\/p>\n<p><u> Cal que la unitat administrativa de l&#8217;Institut es documente com s&#8217;hi indica per a qualsevol unitat d&#8217;aquest tipus de serveis centrals. <\/u><\/p>\n<p><strong>Les instal.lacions comuns d&#8217;un Institut de recerca<\/strong> (sales de centr\u00edfugues,&#8230;) estan documentades com si es tract\u00e9s d&#8217;un equip de recerca, amb depend\u00e8ncia directa d&#8217;un \u00f2rgan de govern de l&#8217;Institut, o b\u00e9 establint una organitzaci\u00f3 amb un director t\u00e8cnic equivalent que coordine i dirigisca els t\u00e8cnics que la utilitzen.<\/p>","protected":false},"excerpt":{"rendered":"<p>Si ens basem en l&#8217;organitzaci\u00f3 habitual dels Instituts d&#8217;Investigaci\u00f3, en els equips de recerca i\/o els serveis comuns, en distingim 4 nivells:<\/p>\n<p>Nivell d\u2019Institut.<br \/>\nNivell d&#8217;equip de recerca.<br \/>\nNivell de laboratori (o taller).<br \/>\nNivell de serveis administratius.<\/p>\n<p>El que segueix reflecteix d&#8217;una manera orientativa la documentaci\u00f3 necess\u00e0ria sense voler ser exhaustiva ni exacta, com un conjunt d&#8217;especificacions. Tal documentaci\u00f3 pot [&#8230;]<\/p>\n","protected":false},"author":131,"featured_media":0,"parent":2146,"menu_order":5,"comment_status":"closed","ping_status":"open","template":"","meta":{"_links_to":"","_links_to_target":""},"_links":{"self":[{"href":"https:\/\/prevencion.umh.es\/ca\/wp-json\/wp\/v2\/pages\/2151"}],"collection":[{"href":"https:\/\/prevencion.umh.es\/ca\/wp-json\/wp\/v2\/pages"}],"about":[{"href":"https:\/\/prevencion.umh.es\/ca\/wp-json\/wp\/v2\/types\/page"}],"author":[{"embeddable":true,"href":"https:\/\/prevencion.umh.es\/ca\/wp-json\/wp\/v2\/users\/131"}],"replies":[{"embeddable":true,"href":"https:\/\/prevencion.umh.es\/ca\/wp-json\/wp\/v2\/comments?post=2151"}],"version-history":[{"count":0,"href":"https:\/\/prevencion.umh.es\/ca\/wp-json\/wp\/v2\/pages\/2151\/revisions"}],"up":[{"embeddable":true,"href":"https:\/\/prevencion.umh.es\/ca\/wp-json\/wp\/v2\/pages\/2146"}],"wp:attachment":[{"href":"https:\/\/prevencion.umh.es\/ca\/wp-json\/wp\/v2\/media?parent=2151"}],"curies":[{"name":"wp","href":"https:\/\/api.w.org\/{rel}","templated":true}]}}