{"id":2195,"date":"2011-05-18T14:11:37","date_gmt":"2011-05-18T12:11:37","guid":{"rendered":"http:\/\/prevencion.zeus.umh.es\/?page_id=2195"},"modified":"2023-01-23T14:16:32","modified_gmt":"2023-01-23T13:16:32","slug":"prl-para-alumnos","status":"publish","type":"page","link":"https:\/\/prevencion.umh.es\/ca\/informacion-en-prl\/prl-para-alumnos\/","title":{"rendered":"PRL para Estudiantes."},"content":{"rendered":"<p>Se incluye en este apartado diversa documentaci\u00f3n generada por el SPRL para colaborar en la difusi\u00f3n trasversal de la Cultura preventiva de riesgos laborales en la Universidad.<\/p>\n<p>&#8211; El primer documento es general,\u00a0 orientado\u00a0a dar informaci\u00f3n b\u00e1sica y general que debe concocer cualquier alumno\/a de la UMH con idependencia de la titulaci\u00f3n en que se encuentre matriculado.<\/p>\n<p>\u00a0* <a href=\"https:\/\/prevencion.umh.es\/informacion-en-prl\/prl-para-alumnos\/10-consejos-de-seguridad-para-estudiantes-de-la-umh\/\">Consejos de Seguridad y Salud para estudiantes.<\/a><\/p>\n<p>Para prevenir los riesgos existentes en laboratorios y talleres se han editado dos tr\u00edpticos, cuyo formato electr\u00f3nico sigue a continuaci\u00f3n:<\/p>\n<p>* <a href=\"https:\/\/prevencion.umh.es\/informacion-en-prl\/prl-para-alumnos\/20-seguridad-y-salud-en-los-laboratorios-y-talleres-de-la-umh\/\">Normas de Seguridad y Salud en laboratorios y talleres de la UMH.<\/a><\/p>","protected":false},"excerpt":{"rendered":"<p>Se incluye en este apartado diversa documentaci\u00f3n generada por el SPRL para colaborar en la difusi\u00f3n trasversal de la Cultura preventiva de riesgos laborales en la Universidad.<br \/>\n&#8211; El primer documento es general,\u00a0 orientado\u00a0a dar informaci\u00f3n b\u00e1sica y general que debe concocer cualquier alumno\/a de la UMH con idependencia de la titulaci\u00f3n en que se encuentre [&#8230;]<\/p>\n","protected":false},"author":131,"featured_media":0,"parent":2204,"menu_order":20,"comment_status":"closed","ping_status":"open","template":"","meta":{"_links_to":"","_links_to_target":""},"_links":{"self":[{"href":"https:\/\/prevencion.umh.es\/ca\/wp-json\/wp\/v2\/pages\/2195"}],"collection":[{"href":"https:\/\/prevencion.umh.es\/ca\/wp-json\/wp\/v2\/pages"}],"about":[{"href":"https:\/\/prevencion.umh.es\/ca\/wp-json\/wp\/v2\/types\/page"}],"author":[{"embeddable":true,"href":"https:\/\/prevencion.umh.es\/ca\/wp-json\/wp\/v2\/users\/131"}],"replies":[{"embeddable":true,"href":"https:\/\/prevencion.umh.es\/ca\/wp-json\/wp\/v2\/comments?post=2195"}],"version-history":[{"count":0,"href":"https:\/\/prevencion.umh.es\/ca\/wp-json\/wp\/v2\/pages\/2195\/revisions"}],"up":[{"embeddable":true,"href":"https:\/\/prevencion.umh.es\/ca\/wp-json\/wp\/v2\/pages\/2204"}],"wp:attachment":[{"href":"https:\/\/prevencion.umh.es\/ca\/wp-json\/wp\/v2\/media?parent=2195"}],"curies":[{"name":"wp","href":"https:\/\/api.w.org\/{rel}","templated":true}]}}