{"id":2204,"date":"2011-06-13T11:10:40","date_gmt":"2011-06-13T09:10:40","guid":{"rendered":"http:\/\/prevencion.zeus.umh.es\/?page_id=2204"},"modified":"2023-01-23T14:20:05","modified_gmt":"2023-01-23T13:20:05","slug":"informacion-en-prl","status":"publish","type":"page","link":"https:\/\/prevencion.umh.es\/ca\/informacion-en-prl\/","title":{"rendered":"Informaci\u00f3n PRL"},"content":{"rendered":"<p>Informaci\u00f3 PRL<\/p>\n<p>S\u2019inclouen a continuaci\u00f3 enlla\u00e7os de la xarxa de noticies espanyola en mat\u00e8ria de seguretat i salut, noticies seleccionades de diferents publicacions, dissenys de cartells editats pel SPRL, altres materials relacionats amb la PRL que tenim al nostre Servici i pot ser interesant la seua consulta pel Col\u00b7lectiu Universitari.<\/p>\n<p>&#8211; <a href=\"https:\/\/prevencion.umh.es\/informacion-en-prl\/01-boletin-de-noticias-de-la-red-espanola-de-seguridad-y-salud-en-el-trabajo\/\">Boletin de noticias de la Red Espa\u00f1ola de Seguridad y Salud.<\/a><\/p>\n<p>&#8211; <a href=\"https:\/\/prevencion.umh.es\/informacion-en-prl\/noticias-de-diversas-fuentes\/\">Noticias\u00a0 de diversas fuentes<\/a>.<\/p>\n<p>&#8211; <a href=\"https:\/\/prevencion.umh.es\/informacion-en-prl\/10-edicion-de-carteles-y-tripticos-para-la-difusion-de-la-prevencion\/\">Carteles editados por el SPRL.<\/a><\/p>\n<p>&#8211; <a href=\"http:\/\/https:\/\/prevencion.umh.es\/informacion-en-prl\/01-normas-une-en\/\">Normas UNE-EN disponibles en el Servicio<\/a>.<\/p>\n<p>&#8211; <a href=\"https:\/\/prevencion.umh.es\/informacion-en-prl\/prl-para-alumnos\/\">Prevenci\u00f3n para estudiantes.<\/a><\/p>","protected":false},"excerpt":{"rendered":"<p>Informaci\u00f3 PRL<br \/>\nS\u2019inclouen a continuaci\u00f3 enlla\u00e7os de la xarxa de noticies espanyola en mat\u00e8ria de seguretat i salut, noticies seleccionades de diferents publicacions, dissenys de cartells editats pel SPRL, altres materials relacionats amb la PRL que tenim al nostre Servici i pot ser interesant la seua consulta pel Col\u00b7lectiu Universitari.<br \/>\n&#8211; Boletin de noticias de la Red [&#8230;]<\/p>\n","protected":false},"author":131,"featured_media":0,"parent":0,"menu_order":90,"comment_status":"closed","ping_status":"open","template":"","meta":{"_links_to":"","_links_to_target":""},"_links":{"self":[{"href":"https:\/\/prevencion.umh.es\/ca\/wp-json\/wp\/v2\/pages\/2204"}],"collection":[{"href":"https:\/\/prevencion.umh.es\/ca\/wp-json\/wp\/v2\/pages"}],"about":[{"href":"https:\/\/prevencion.umh.es\/ca\/wp-json\/wp\/v2\/types\/page"}],"author":[{"embeddable":true,"href":"https:\/\/prevencion.umh.es\/ca\/wp-json\/wp\/v2\/users\/131"}],"replies":[{"embeddable":true,"href":"https:\/\/prevencion.umh.es\/ca\/wp-json\/wp\/v2\/comments?post=2204"}],"version-history":[{"count":0,"href":"https:\/\/prevencion.umh.es\/ca\/wp-json\/wp\/v2\/pages\/2204\/revisions"}],"wp:attachment":[{"href":"https:\/\/prevencion.umh.es\/ca\/wp-json\/wp\/v2\/media?parent=2204"}],"curies":[{"name":"wp","href":"https:\/\/api.w.org\/{rel}","templated":true}]}}