{"id":2206,"date":"2011-06-13T11:26:48","date_gmt":"2011-06-13T09:26:48","guid":{"rendered":"http:\/\/prevencion.zeus.umh.es\/?page_id=2206"},"modified":"2017-01-19T16:42:17","modified_gmt":"2017-01-19T15:42:17","slug":"ano-2011-noticias-y-novedades-de-distintas-fuentes","status":"publish","type":"page","link":"https:\/\/prevencion.umh.es\/ca\/informacion-en-prl\/noticias-de-diversas-fuentes\/ano-2011-noticias-y-novedades-de-distintas-fuentes\/","title":{"rendered":"A\u00f1o 2011 Noticias y novedades de distintas fuentes."},"content":{"rendered":"<p><strong><span style=\"font-family: Arial;font-size: medium\">Portal\u00a0 Prevention World <\/span><\/strong><\/p>\n<p>\u00a0<strong><span style=\"color: #800000\">La OMS reclasifica la emisi\u00f3n de los m\u00f3viles como posible carcinog\u00e9nico<\/span><\/strong><\/p>\n<p>\u00a0<span style=\"font-family: Arial;color: #000000;font-size: x-small\"><img src=\"http:\/\/www.umh.es\/images\/iconos\/programas\/word_16.gif\" alt=\"\" \/> <a href=\"http:\/\/exmailer.umh.es\/Public\/UMH\/Servicios%20Centrales\/Prevenci%C3%B3n\/99-Noticias,%20y%20otros\/01-Noticias%20de%20Prevenci%C3%B3n%20de%20Riesgos%20Laborales\/45-A%C3%B1o%202011%20Noticias%20y%20novedades%20de%20distintas%20fuentes.-526430076.EML\/m%C3%B3viles%20posible%20carcinog%C3%A9nicos.doc\"><strong><span style=\"color: #3366ff\">m\u00f3viles posible carcinog\u00e9nicos.doc<\/span><\/strong><\/a><span style=\"color: #3366ff\"> <\/span><\/span><\/p>\n<p>\u00a0<\/p>\n<p><strong><span style=\"color: #800000\">La emisi\u00f3n de radiaci\u00f3n de los m\u00f3viles es mucho menor que hace diez a\u00f1os<\/span><\/strong><\/p>\n<p><span style=\"font-family: Arial;color: #000000;font-size: x-small\"><img src=\"http:\/\/www.umh.es\/images\/iconos\/programas\/word_16.gif\" alt=\"\" \/> <a href=\"http:\/\/exmailer.umh.es\/Public\/UMH\/Servicios%20Centrales\/Prevenci%C3%B3n\/99-Noticias,%20y%20otros\/01-Noticias%20de%20Prevenci%C3%B3n%20de%20Riesgos%20Laborales\/45-A%C3%B1o%202011%20Noticias%20y%20novedades%20de%20distintas%20fuentes.-526430076.EML\/radiaci%C3%B3n%20%20m%C3%B3viles.doc\"><strong><span style=\"color: #3366ff\">radiaci\u00f3n m\u00f3viles.doc<\/span><\/strong><\/a><span style=\"color: #3366ff\"> <\/span><\/span><\/p>\n<p><span style=\"color: #800000\"><strong>El 54% de los espa\u00f1oles cree que aumentar\u00eda su productividad si disminuyera el ruido en el trabajo<\/strong><\/span><\/p>\n<p><span style=\"font-family: Arial;color: #000000;font-size: x-small\"><img src=\"http:\/\/www.umh.es\/images\/iconos\/programas\/word_16.gif\" alt=\"\" \/> <a href=\"http:\/\/exmailer.umh.es\/Public\/UMH\/Servicios%20Centrales\/Prevenci%C3%B3n\/99-Noticias,%20y%20otros\/01-Noticias%20de%20Prevenci%C3%B3n%20de%20Riesgos%20Laborales\/45-A%C3%B1o%202011%20Noticias%20y%20novedades%20de%20distintas%20fuentes.-526430076.EML\/ruido%20en%20el%20trabajo.doc\"><strong><span style=\"color: #3366ff\">ruido en el trabajo.doc<\/span><\/strong><\/a><span style=\"color: #3366ff\"> <\/span><\/span><\/p>\n<p><strong><\/strong><\/p>\n<p><strong><span style=\"font-family: Arial;font-size: medium\">Noticias de ASEPEYO<\/span><\/strong><\/p>\n<p><span style=\"font-family: Verdana;color: #800000\"><strong>Tel\u00e9fonos m\u00f3viles clasificados como posiblemente cancer\u00edgenos por IARC<\/strong><\/span><\/p>\n<p><strong><span style=\"font-family: Arial;color: #000000;font-size: x-small\"><img src=\"http:\/\/www.umh.es\/images\/iconos\/programas\/word_16.gif\" alt=\"\" \/> <a href=\"http:\/\/exmailer.umh.es\/Public\/UMH\/Servicios%20Centrales\/Prevenci%C3%B3n\/99-Noticias,%20y%20otros\/01-Noticias%20de%20Prevenci%C3%B3n%20de%20Riesgos%20Laborales\/45-A%C3%B1o%202011%20Noticias%20y%20novedades%20de%20distintas%20fuentes.-526430076.EML\/M%C3%B3viles%20posiblemente%20cancer%C3%ADgenos%20por%20IARC.doc\"><span style=\"color: #3366ff\">M\u00f3viles posiblemente cancer\u00edgenos por IARC.doc<\/span><\/a><span style=\"color: #3366ff\"> <\/span><\/span><\/strong><\/p>\n<p><strong><span style=\"font-family: Arial;font-size: medium\">\u00a0<\/span><em><\/em><em> <span style=\"font-family: Arial;color: #800000\">Tambien ASEPEYO relacionada con la noticia anterior nos facilita los documentos siguientes:<\/span><\/em><\/strong><\/p>\n<p><em><span style=\"font-family: Arial;color: #000000;font-size: x-small\"><img src=\"http:\/\/www.umh.es\/images\/iconos\/programas\/pdf_16.gif\" alt=\"\" \/> <a href=\"http:\/\/exmailer.umh.es\/Public\/UMH\/Servicios%20Centrales\/Prevenci%C3%B3n\/99-Noticias,%20y%20otros\/01-Noticias%20de%20Prevenci%C3%B3n%20de%20Riesgos%20Laborales\/45-A%C3%B1o%202011%20Noticias%20y%20novedades%20de%20distintas%20fuentes.-526430076.EML\/Moviles%20Preguntas%20frecuentes_RI.pdf\"><strong><span style=\"color: #3366ff\">Moviles Preguntas frecuentes_RI.pdf<\/span><\/strong><\/a> <\/span><span style=\"font-family: Arial;color: #000000;font-size: x-small\"><img src=\"http:\/\/www.umh.es\/images\/iconos\/programas\/pdf_16.gif\" alt=\"\" \/> <a href=\"http:\/\/exmailer.umh.es\/Public\/UMH\/Servicios%20Centrales\/Prevenci%C3%B3n\/99-Noticias,%20y%20otros\/01-Noticias%20de%20Prevenci%C3%B3n%20de%20Riesgos%20Laborales\/45-A%C3%B1o%202011%20Noticias%20y%20novedades%20de%20distintas%20fuentes.-526430076.EML\/moviles%20Recomendaciones_RI.pdf\"><strong><span style=\"color: #3366ff\">moviles Recomendaciones_RI.pdf<\/span><\/strong><\/a><span style=\"color: #3366ff\"> <\/span><\/span><\/em><\/p>\n<p><em><\/em><\/p>\n<p><em><\/em><\/p>\n<p><img src=\"http:\/\/www.umh.es\/images\/iconos\/programas\/word_16.gif\" alt=\"\" \/><strong>\u00a0<\/strong><a href=\"https:\/\/prevencion.umh.es\/files\/2011\/09\/informe-anual-eu.doc\"><strong><span style=\"color: #3366ff\">informe-anual-eu<\/span><\/strong><\/a><\/p>\n<p>\u00a0<\/p>\n<p style=\"text-align: justify;margin: auto 0cm\"><span><strong><span style=\"color: #800000\">Prevenci\u00f3n de lesiones producidas por instrumentos cortantes y punzantes en el puesto de trabajo en el \u00e1mbito sanitario<\/span><\/strong><\/span><\/p>\n<p><img src=\"http:\/\/www.umh.es\/images\/iconos\/programas\/word_16.gif\" alt=\"\" \/>\u00a0<a href=\"https:\/\/prevencion.umh.es\/files\/2011\/09\/prevencion-de-lesiones-instrumentos-cortantes-punzantes-ambito-sanitario-trabajo.doc\"><span style=\"color: #3366ff\"><strong>prevencion-de-lesiones-instrumentos-cortantes-punzantes-ambito-sanitario-trabajo<\/strong><\/span><\/a><\/p>\n<p>\u00a0<\/p>\n<h2>Revista Prevenci\u00f3n<\/h2>\n<h3>meses enero-marzo<\/h3>\n<p>\u00a0<\/p>\n<p><span style=\"color: #800000\"><strong>Introducci\u00f3n al riesgo psicosocial o derivado de la organizaci\u00f3n del trabajo (I)<\/strong><\/span><\/p>\n<p><img src=\"http:\/\/www.umh.es\/images\/iconos\/programas\/pdf_16.gif\" alt=\"\" \/>\u00a0 <strong><span style=\"text-decoration: underline\"><span style=\"color: #3366ff\">I<\/span><\/span><\/strong><a href=\"https:\/\/prevencion.umh.es\/files\/2011\/09\/introduccion-al-riesgo-psicosocial-o-derivado-de-la-organizacion-del-trabajo.pdf\"><span style=\"color: #3366ff\"><strong>ntroduccion-al-riesgo-psicosocial-o-derivado-de-la-organizacion-del-trabajo<\/strong><\/span><\/a><\/p>\n<p><span style=\"color: #800000\"><strong>Nanotecnolog\u00eda un nuevo reto para la higiene industrial<\/strong><\/span><\/p>\n<p><img src=\"http:\/\/www.umh.es\/images\/iconos\/programas\/pdf_16.gif\" alt=\"\" \/> <span style=\"color: #800000\"><strong>\u00a0 <span style=\"text-decoration: underline\"><span style=\"color: #3366ff\">N<\/span><\/span><\/strong><\/span><a href=\"https:\/\/prevencion.umh.es\/files\/2011\/09\/nanotecnologia-un-nuevo-reto-para-la-higiene-industrial.pdf\"><span style=\"color: #3366ff\"><strong>anotecnologia-un-nuevo-reto-para-la-higiene-industrial<\/strong><\/span><\/a><\/p>\n<p>\u00a0<\/p>\n<h3>meses abril-junio<\/h3>\n<p>\u00a0<\/p>\n<p><strong><span style=\"color: #800000\">Aplicaci\u00f3n pr\u00e1ctica de metodolog\u00eda cualitativa<\/span><\/strong><\/p>\n<p>\u00a0<img src=\"http:\/\/www.umh.es\/images\/iconos\/programas\/pdf_16.gif\" alt=\"\" \/> <a href=\"https:\/\/prevencion.umh.es\/files\/2011\/11\/aplicacion-practica-de-metodologia-cualitativa.pdf\"><span style=\"color: #3366ff\"><strong>aplicacion-practica-de-metodologia-cualitativa<\/strong><\/span><\/a><\/p>\n<p><span style=\"color: #800000\"><strong>Introducci\u00f3n al riesgo psicosocial o derivado de la organizaci\u00f3n del trabajo (II)<\/strong><\/span><\/p>\n<p><img src=\"http:\/\/www.umh.es\/images\/iconos\/programas\/pdf_16.gif\" alt=\"\" \/>\u00a0<a href=\"https:\/\/prevencion.umh.es\/files\/2011\/11\/introduccion-al-riesgo-psicosocial-o-derivado-de-la-organizacion-del-trabajo2.pdf\"><span style=\"color: #3366ff\"><strong>introduccion-al-riesgo-psicosocial-o-derivado-de-la-organizacion-del-trabajo2<\/strong><\/span><\/a><\/p>\n<h3>Prevenci\u00f3n express<\/h3>\n<p><span style=\"color: #800000\"><strong>La gen\u00e9tica en el lugar de trabajo\u00a0<\/strong><\/span><\/p>\n<p><img src=\"http:\/\/www.umh.es\/images\/iconos\/programas\/pdf_16.gif\" alt=\"\" \/>\u00a0<a href=\"https:\/\/prevencion.umh.es\/files\/2011\/09\/la-genetica-en-el-lugar-de-trabajo.pdf\"><span style=\"color: #3366ff\"><strong>la-genetica-en-el-lugar-de-trabajo<\/strong><\/span><\/a><\/p>\n<p><strong><span style=\"color: #800000\">Limpieza y descontaminaci\u00f3n del berilio<\/span><\/strong><\/p>\n<p><img src=\"http:\/\/www.umh.es\/images\/iconos\/programas\/pdf_16.gif\" alt=\"\" \/> <a href=\"https:\/\/prevencion.umh.es\/files\/2011\/09\/limpieza-y-descontaminacion-de-berilio.pdf\"><span style=\"color: #3366ff\"><strong>limpieza-y-descontaminacion-de-berilio<\/strong><\/span><\/a><\/p>\n<p><strong><span style=\"color: #800000\">Practicar ejercicio una cuesti\u00f3n de salud<\/span><\/strong><\/p>\n<p><span style=\"color: #800000\"><strong><img src=\"http:\/\/www.umh.es\/images\/iconos\/programas\/pdf_16.gif\" alt=\"\" \/> <\/strong><\/span><a href=\"https:\/\/prevencion.umh.es\/files\/2011\/09\/practicar-ejercicio-una-cuestion-de-salud.pdf\"><span style=\"color: #3366ff\"><strong>practicar-ejercicio-una-cuestion-de-salud<\/strong><\/span><\/a><\/p>\n<p><span style=\"color: #800000\"><strong>\u00a0Los recipientes de pl\u00e1stico para l\u00edquidos inflamables<\/strong><\/span><\/p>\n<p><img src=\"http:\/\/www.umh.es\/images\/iconos\/programas\/pdf_16.gif\" alt=\"\" \/> <a href=\"https:\/\/prevencion.umh.es\/files\/2011\/09\/los-recipientes-de-plastico-para-liquidos-inflamables.pdf\"><strong><span style=\"color: #3366ff\">los-recipientes-de-plastico-para-liquidos-inflamables<\/span><\/strong><\/a><\/p>\n<p><strong><span style=\"color: #800000\">Calidad del aire en los aparcamientos cubiertos<\/span><\/strong><\/p>\n<p><strong><span style=\"color: #800000\"><img src=\"http:\/\/www.umh.es\/images\/iconos\/programas\/pdf_16.gif\" alt=\"\" \/> <\/span><\/strong><a href=\"https:\/\/prevencion.umh.es\/files\/2011\/09\/calidad-del-aire-en-los-aparcamientos-cubiertos.pdf\"><strong><span style=\"color: #3366ff\">calidad-del-aire-en-los-aparcamientos-cubiertos<\/span><\/strong><\/a><\/p>\n<p><span style=\"color: #800000\"><strong>El amianto continua en el mercado<\/strong><\/span><\/p>\n<p><img src=\"http:\/\/www.umh.es\/images\/iconos\/programas\/pdf_16.gif\" alt=\"\" \/><strong><span style=\"color: #800000\"> <\/span><\/strong><a href=\"https:\/\/prevencion.umh.es\/files\/2011\/09\/el-amianto-continua-en-el-mercado.pdf\"><strong><span style=\"color: #3366ff\">el-amianto-continua-en-el-mercado<\/span><\/strong><\/a><\/p>\n<p><span style=\"color: #800000\"><strong>Revisi\u00f3n de la carcinogenicidad del tricloroetileno<\/strong><\/span><\/p>\n<p><strong><span style=\"color: #800000\"><span style=\"text-decoration: underline\"><img src=\"http:\/\/www.umh.es\/images\/iconos\/programas\/pdf_16.gif\" alt=\"\" \/><\/span>\u00a0<\/span><\/strong><a href=\"https:\/\/prevencion.umh.es\/files\/2011\/09\/revision-de-la-carcinogenicidad-del-tricloroetileno.pdf\"><strong><span style=\"color: #3366ff\">revision-de-la-carcinogenicidad-del-tricloroetileno<\/span><\/strong><\/a><\/p>\n<p><strong><span style=\"color: #800000\">\u00a0Trabajar desde casa<\/span><\/strong><\/p>\n<p><img src=\"http:\/\/www.umh.es\/images\/iconos\/programas\/pdf_16.gif\" alt=\"\" \/> <a href=\"https:\/\/prevencion.umh.es\/files\/2011\/09\/trabajar-desde-casa.pdf\"><span style=\"color: #3366ff\"><strong>trabajar-desde-casa<\/strong><\/span><\/a><\/p>\n<p><span style=\"color: #800000\"><strong>\u00a0Mantenimiento seguro<\/strong><\/span><\/p>\n<p><span style=\"color: #800000\"><strong><img src=\"http:\/\/www.umh.es\/images\/iconos\/programas\/pdf_16.gif\" alt=\"\" \/> <\/strong><\/span><a href=\"https:\/\/prevencion.umh.es\/files\/2011\/09\/mantenimiento-seguro.pdf\"><span style=\"color: #3366ff\"><strong>mantenimiento-seguro<\/strong><\/span><\/a><\/p>\n<p>\u00a0<span style=\"color: #800000\"><strong>Prevenci\u00f3n y vigilancia m\u00e9dica en los soldadores<\/strong><\/span><\/p>\n<p><img src=\"http:\/\/www.umh.es\/images\/iconos\/programas\/pdf_16.gif\" alt=\"\" \/> <a href=\"https:\/\/prevencion.umh.es\/files\/2011\/09\/prevencion-y-vigilancia-medica-de-los-soldadores.pdf\"><span style=\"color: #3366ff\"><strong>prevencion-y-vigilancia-medica-de-los-soldadores<\/strong><\/span><\/a><\/p>\n<p>\u00a0<span style=\"color: #800000\"><strong>Elaboraci\u00f3n del mapa del cuerpo humano<\/strong><\/span><\/p>\n<p><img src=\"http:\/\/www.umh.es\/images\/iconos\/programas\/pdf_16.gif\" alt=\"\" \/> <a href=\"https:\/\/prevencion.umh.es\/files\/2011\/09\/elaboracion-del-mapa-del-cuerpo-humano.pdf\"><strong><span style=\"color: #3366ff\">elaboracion-del-mapa-del-cuerpo-humano<\/span><\/strong><\/a><\/p>\n<p><strong>\u00a0<span style=\"color: #800000\">Pantalones vaqueros un peligroso objeto de culto<\/span><\/strong><\/p>\n<p><strong><img src=\"http:\/\/www.umh.es\/images\/iconos\/programas\/pdf_16.gif\" alt=\"\" \/> <\/strong><a href=\"https:\/\/prevencion.umh.es\/files\/2011\/09\/pantalones-vaqueros-un-peligroso-objeto-de-culto.pdf\"><strong><span style=\"color: #3366ff\">pantalones-vaqueros-un-peligroso-objeto-de-culto<\/span><\/strong><\/a><\/p>\n<p><span style=\"color: #800000\"><strong>\u00a0Riesgo de accidente cuidado con el lunes<\/strong><\/span><\/p>\n<p><img src=\"http:\/\/www.umh.es\/images\/iconos\/programas\/pdf_16.gif\" alt=\"\" \/> <a href=\"https:\/\/prevencion.umh.es\/files\/2011\/09\/riesgo-de-accidente-cuidado-con-el-lunes.pdf\"><span style=\"color: #3366ff\"><strong>riesgo-de-accidente-cuidado-con-el-lunes<\/strong><\/span><\/a><\/p>\n<p><span style=\"color: #000000\">\u00a0<strong><span style=\"color: #800000\">Aplicar el sentido com\u00fan a la seguridad<\/span><\/strong><\/span><\/p>\n<p><img src=\"http:\/\/www.umh.es\/images\/iconos\/programas\/pdf_16.gif\" alt=\"\" \/> <a href=\"https:\/\/prevencion.umh.es\/files\/2011\/09\/aplicar-el-sentido-comun-a-la-seguridad.pdf\"><span style=\"color: #3366ff\"><strong>aplicar-el-sentido-comun-a-la-seguridad<\/strong><\/span><\/a><\/p>\n<p>\u00a0<span style=\"color: #800000\"><strong>Carga de trabajo en el sector de servicios<\/strong><\/span><\/p>\n<p><img src=\"http:\/\/www.umh.es\/images\/iconos\/programas\/pdf_16.gif\" alt=\"\" \/> <a href=\"https:\/\/prevencion.umh.es\/files\/2011\/09\/carga-de-trabajo-en-el-sector-de-servicios.pdf\"><span style=\"color: #3366ff\"><strong>carga-de-trabajo-en-el-sector-de-servicios<\/strong><\/span><\/a><\/p>\n<p>\u00a0<span style=\"color: #800000\"><strong>La iniciativa worklife<\/strong><\/span><\/p>\n<p><img src=\"http:\/\/www.umh.es\/images\/iconos\/programas\/pdf_16.gif\" alt=\"\" \/> <a href=\"https:\/\/prevencion.umh.es\/files\/2011\/09\/la-iniciativa-worklife.pdf\"><span style=\"color: #3366ff\"><strong>la-iniciativa-worklife<\/strong><\/span><\/a><\/p>\n<p>\u00a0<strong><span style=\"color: #800000\">Seguridad en la utilizaci\u00f3n de detectores de gases<\/span><\/strong><\/p>\n<p><img src=\"http:\/\/www.umh.es\/images\/iconos\/programas\/pdf_16.gif\" alt=\"\" \/> <a href=\"https:\/\/prevencion.umh.es\/files\/2011\/09\/seguridad-en-la-utilizacion-de-detectores-de-gases.pdf\"><span style=\"color: #3366ff\"><strong>seguridad-en-la-utilizacion-de-detectores-de-gases<\/strong><\/span><\/a><\/p>\n<p>\u00a0<\/p>\n<h2>Revista Seguridad y Salud en el Trabajo<\/h2>\n<p><span style=\"color: #800000\"><strong>\u00a0Recomendaciones prevenctivas generales en el uso de equipos de RM de alto campo<\/strong><\/span><\/p>\n<p><img src=\"http:\/\/www.umh.es\/images\/iconos\/programas\/pdf_16.gif\" alt=\"\" \/>\u00a0<span style=\"text-decoration: underline\"><span style=\"color: #3366ff\"><strong>R<\/strong><\/span><\/span><a href=\"https:\/\/prevencion.umh.es\/files\/2011\/09\/recomendaciones-preventivas-generales-en-el-uso-de-equipos-de-rm-de-alto-campo.pdf\"><span style=\"color: #3366ff\"><strong>ecomendaciones-preventivas-generales-en-el-uso-de-equipos-de-rm-de-alto-campo<\/strong><\/span><\/a><\/p>\n<p>\u00a0<\/p>\n<h3><span style=\"color: #000000\">Erga On line septiembre<\/span><\/h3>\n<p>\u00a0<\/p>\n<p>\u00a0<img src=\"http:\/\/www.umh.es\/images\/iconos\/programas\/pdf_16.gif\" alt=\"\" \/>\u00a0<a href=\"https:\/\/prevencion.umh.es\/files\/2011\/11\/condena-ejecutivos.pdf\">condena-ejecutivos<\/a><\/p>\n","protected":false},"excerpt":{"rendered":"<p>Portal\u00a0 Prevention World<br \/>\n\u00a0La OMS reclasifica la emisi\u00f3n de los m\u00f3viles como posible carcinog\u00e9nico<br \/>\n\u00a0 m\u00f3viles posible carcinog\u00e9nicos.doc<br \/>\n\u00a0<br \/>\nLa emisi\u00f3n de radiaci\u00f3n de los m\u00f3viles es mucho menor que hace diez a\u00f1os<br \/>\n radiaci\u00f3n m\u00f3viles.doc<br \/>\nEl 54% de los espa\u00f1oles cree que aumentar\u00eda su productividad si disminuyera el ruido en el trabajo<br \/>\n ruido en el trabajo.doc <\/p>\n<p>Noticias [&#8230;]<\/p>\n","protected":false},"author":131,"featured_media":0,"parent":2205,"menu_order":86,"comment_status":"closed","ping_status":"open","template":"","meta":{"_links_to":"","_links_to_target":""},"_links":{"self":[{"href":"https:\/\/prevencion.umh.es\/ca\/wp-json\/wp\/v2\/pages\/2206"}],"collection":[{"href":"https:\/\/prevencion.umh.es\/ca\/wp-json\/wp\/v2\/pages"}],"about":[{"href":"https:\/\/prevencion.umh.es\/ca\/wp-json\/wp\/v2\/types\/page"}],"author":[{"embeddable":true,"href":"https:\/\/prevencion.umh.es\/ca\/wp-json\/wp\/v2\/users\/131"}],"replies":[{"embeddable":true,"href":"https:\/\/prevencion.umh.es\/ca\/wp-json\/wp\/v2\/comments?post=2206"}],"version-history":[{"count":0,"href":"https:\/\/prevencion.umh.es\/ca\/wp-json\/wp\/v2\/pages\/2206\/revisions"}],"up":[{"embeddable":true,"href":"https:\/\/prevencion.umh.es\/ca\/wp-json\/wp\/v2\/pages\/2205"}],"wp:attachment":[{"href":"https:\/\/prevencion.umh.es\/ca\/wp-json\/wp\/v2\/media?parent=2206"}],"curies":[{"name":"wp","href":"https:\/\/api.w.org\/{rel}","templated":true}]}}