{"id":2211,"date":"2011-06-28T11:33:10","date_gmt":"2011-06-28T09:33:10","guid":{"rendered":"http:\/\/prevencion.zeus.umh.es\/?p=2211"},"modified":"2019-03-14T12:45:55","modified_gmt":"2019-03-14T11:45:55","slug":"historial-y-situacion-del-plan","status":"publish","type":"page","link":"https:\/\/prevencion.umh.es\/ca\/plan-de-prevencion\/historial-y-situacion-del-plan\/","title":{"rendered":"Hist\u00f2ria i situaci\u00f3 del pla"},"content":{"rendered":"<p>A) La Universitat va realitzar la primera avaluaci\u00f3 de riscs completa el 1998.<br \/>\nB) L\u2019any 2000, coincidint amb l\u2019aposta ferma per la qualitat en la doc\u00e8ncia e investigaci\u00f3, la Universitat va decidir adoptar la norma experimental 81900 Ex, per a implantar un sistema de Gesti\u00f3 de la Prevenci\u00f3 de Riscos Laborals basada en els principis de qualitat total, integrat en el sistema de gesti\u00f3, i compatible amb els de qualitat i medi ambient.<br \/>\nC) Amb esta finalitat, l\u2019any 2000 s\u2019aprov\u00e0:<\/p>\n<ul>\n<li>El 19-09-2000, per la aleshores Comissi\u00f3 Gestora de la Universitat el document \u201c Sistema de gesti\u00f3 preventiva de riscos laborals i millora de les condicions de treball del personal de la UMH\u201d i el seu projecte de implantaci\u00f3 PMCT (Pla de Millora de les Condicions de Treball).<\/li>\n<li>El 20 de febrer de 2002, el Comit\u00e8 de Seguretat i Salut, va aprovar el <strong>Manual de Prevenci\u00f3 per a les Unitats<\/strong>, que contenia les metes a aconseguir, les compet\u00e8ncies en mat\u00e8ria de prevenci\u00f3 i els models de documents (en aquells moments suggerits) com el manual de refer\u00e8ncia per a la implantaci\u00f3 del sistema de gesti\u00f3.<\/li>\n<li>Posteriorment, aquest manual va ser presentat per la Ger\u00e8ncia de la Universitat als \u00d2rgans de Govern dels Centres, Departaments i Instituts d\u2019Investigaci\u00f3.<\/li>\n<\/ul>\n<p>D) La Universitat tenia ja un pla de prevenci\u00f3 abans de la modificaci\u00f3 54\/2003 de la llei de prevenci\u00f3 de riscos laborals, que assenyalava la integraci\u00f3 de l\u2019activitat preventiva en qualsevol activitat, i la necessitat d\u2019establir un Pla de Prevenci\u00f3 de Riscos Laborals.<br \/>\nE) En l\u2019apartat d\u2019aquest Pla, de la nostra WEB, s\u2019 inclou el document inicial, la situaci\u00f3 actual del Projecte PMCT (pla de millora de condicions de Treball, l\u2019Adhesi\u00f3 de la Universitat a la Pol\u00edtica Preventiva acordada per la CRUE, i un apartat complet dedicat a la documentaci\u00f3 del Sistema de Gesti\u00f3. En altres apartats de esta web, com el d\u2019Instruccions el de Procediments, es reflecteixen els desenvolupats a l\u2019empara d\u2019aquest pla, de la mateixa manera que el Pla d\u2019Emerg\u00e8ncia, Formaci\u00f3&#8230; etc<\/p>\n<p>F) El 26 de septembre de 2018, es va aprovar definitivament pel Conseil de Govern\u00a0de la UMH el Pla de Prevenci\u00f3 de la UMH, document que ja havia sigut\u00a0aprovat en desembre de 2013 pel Comit\u00e9 de Seguretat y Salut i que tras la seua su adaptaci\u00f3 en aspectes formals va tornar\u00a0 a aprovar-se pel CSS\u00a0al maig de 2018. S&#8217;adjunta enlla\u00e7 al document:<\/p>\n<p><img src=\"https:\/\/prevencion.umh.es\/files\/2008\/04\/pdf.gif\" alt=\"pdf.gif\" \/><a title=\"Pla de Prevenci\u00f3 de PRL\" href=\"https:\/\/prevencion.umh.es\/files\/2019\/03\/Plan-de-prevencion.pdf\"> Pla de Prevenci\u00f3 de PRL<\/a><\/p>","protected":false},"excerpt":{"rendered":"<p>A) La Universitat va realitzar la primera avaluaci\u00f3 de riscs completa el 1998.<br \/>\nB) L\u2019any 2000, coincidint amb l\u2019aposta ferma per la qualitat en la doc\u00e8ncia e investigaci\u00f3, la Universitat va decidir adoptar la norma experimental 81900 Ex, per a implantar un sistema de Gesti\u00f3 de la Prevenci\u00f3 de Riscos Laborals basada en els principis de [&#8230;]<\/p>\n","protected":false},"author":131,"featured_media":0,"parent":2131,"menu_order":5,"comment_status":"closed","ping_status":"open","template":"","meta":{"_links_to":"","_links_to_target":""},"_links":{"self":[{"href":"https:\/\/prevencion.umh.es\/ca\/wp-json\/wp\/v2\/pages\/2211"}],"collection":[{"href":"https:\/\/prevencion.umh.es\/ca\/wp-json\/wp\/v2\/pages"}],"about":[{"href":"https:\/\/prevencion.umh.es\/ca\/wp-json\/wp\/v2\/types\/page"}],"author":[{"embeddable":true,"href":"https:\/\/prevencion.umh.es\/ca\/wp-json\/wp\/v2\/users\/131"}],"replies":[{"embeddable":true,"href":"https:\/\/prevencion.umh.es\/ca\/wp-json\/wp\/v2\/comments?post=2211"}],"version-history":[{"count":0,"href":"https:\/\/prevencion.umh.es\/ca\/wp-json\/wp\/v2\/pages\/2211\/revisions"}],"up":[{"embeddable":true,"href":"https:\/\/prevencion.umh.es\/ca\/wp-json\/wp\/v2\/pages\/2131"}],"wp:attachment":[{"href":"https:\/\/prevencion.umh.es\/ca\/wp-json\/wp\/v2\/media?parent=2211"}],"curies":[{"name":"wp","href":"https:\/\/api.w.org\/{rel}","templated":true}]}}