{"id":2615,"date":"2012-02-24T14:02:47","date_gmt":"2012-02-24T12:02:47","guid":{"rendered":"http:\/\/prevencion.zeus.umh.es\/?page_id=2615"},"modified":"2017-01-19T16:43:24","modified_gmt":"2017-01-19T15:43:24","slug":"ano-2012-noticias-y-novedades-de-distintas-fuentes","status":"publish","type":"page","link":"https:\/\/prevencion.umh.es\/ca\/informacion-en-prl\/noticias-de-diversas-fuentes\/ano-2012-noticias-y-novedades-de-distintas-fuentes\/","title":{"rendered":"A\u00f1o 2012. Noticias y novedades de distintas fuentes."},"content":{"rendered":"<p><\/p>\n<p><strong><span style=\"font-size: medium;font-family: Arial\">\u00a0Revista electr\u00f3nica Nature <\/span><\/strong><\/p>\n<p><strong><span style=\"color: #800000\">A death in the lab<\/span><\/strong><\/p>\n<p><span style=\"font-size: x-small;color: #000000;font-family: Arial\"><span style=\"font-size: x-small;color: #000000;font-family: Arial\"><a href=\"http:\/\/www.nature.com\/news\/2011\/110418\/full\/472270a.html\">At\u00edculo sobre accidentes en el laboratorio trabajando en solit\u00e1rio<\/a><\/span><\/span><\/p>\n<h3>Revista Fundaci\u00f3n Mapfre. Gerencia de los Riesgos y Seguros (3\u00ba cuatrimestre 2011)<\/h3>\n<p><span style=\"color: #800000\"><strong>Risk management Resilencia, todav\u00eda m\u00e1s y m\u00e1s<\/strong><\/span><\/p>\n<p><a href=\"https:\/\/prevencion.umh.es\/files\/2012\/03\/resiliencia-en-el-risk-management.pdf\">resiliencia-en-el-risk-management<\/a><\/p>\n<h3>Publicaci\u00f3n electr\u00f3nica prevention word<\/h3>\n<p class=\"title\"><a href=\"http:\/\/www.prevention-world.com\/es\/actualidad\/noticias\/seguridad-nanoparticulas-lugar-trabajo.html\">Seguridad de las nanopart\u00edculas en el lugar de trabajo<\/a><\/p>\n<p><a href=\"http:\/\/www.prevention-world.com\/es\/informacion-tecnica\/reportajes-entrevistas\/como-ir-al-trabajo-y-no-morir-intento.html\">C\u00f3mo ir al trabajo y no morir en el intento<\/a><\/p>\n<h3>Revista Seguridad y Salud en el Trabajo marzo n\u00ba61<\/h3>\n<p><span style=\"color: #800000\"><strong>Problem\u00e1tica en el establecimiento de valores l\u00edmite: el caso de las nanopart\u00edculas<\/strong><\/span><\/p>\n<p><a href=\"https:\/\/prevencion.umh.es\/files\/2012\/03\/problematica-en-el-establecimiento-de-valores-limite-nanoparticulas.pdf\">problematica-en-el-establecimiento-de-valores-limite-nanoparticulas<\/a><\/p>\n<h3>ERGA ON-LINE marzo 2012<\/h3>\n<p><span style=\"color: #800000\"><strong>Exposici\u00f3n a humos quir\u00fargicos<\/strong><\/span><\/p>\n<p><a href=\"https:\/\/prevencion.umh.es\/files\/2012\/04\/2-surgical_smoke.pdf\">Exposici\u00f3n a humos quir\u00fargicos<\/a><\/p>\n<h3>PORTAL PREVENTION WORLD Abril 2012<\/h3>\n<p><span style=\"color: #800000\"><strong>Un 89% de los trabajadores espa\u00f1oles que utilizan ordenadores ha sufrido dolencias derivadas de su uso.<\/strong><\/span><\/p>\n<div><span style=\"color: #800000\"><strong><a href=\"https:\/\/prevencion.umh.es\/files\/2012\/04\/dolencias-ergonomia-oficina.doc\">dolencias-ergonomia-oficina<\/a><\/strong><\/span><\/div>\n<div><strong><\/strong><\/div>\n<div><span style=\"color: #800000\"><\/p>\n<h1 style=\"margin: 3.75pt 0cm\"><span style=\"font-size: 12pt;color: #ff0000;font-family: Arial\">Art\u00edculo 316 y ss del C\u00f3digo Penal: delito contra la seguridad de los trabajadores<\/span><\/h1>\n<h1 style=\"margin: 3.75pt 0cm\"><span style=\"font-size: 12pt;color: #ff0000;font-family: Arial\"><\/p>\n<p class=\"MsoNormal\" style=\"margin: 0cm 0cm 0pt\">\u00a0<span style=\"color: #000000;font-family: Times New Roman\">\u00a0<a href=\"https:\/\/prevencion.umh.es\/files\/2012\/04\/articulo-316-y-ss-del-codigo-penal.doc\">articulo-316-y-ss-del-codigo-penal<\/a><\/span><\/p>\n<p class=\"MsoNormal\" style=\"margin: 0cm 0cm 0pt\"><span style=\"font-size: small;color: #000000;font-family: Times New Roman\">\u00a0<\/span><\/p>\n<p>\u00a0<\/p>\n<p><\/span><\/h1>\n<p><\/span><\/div>\n<\/p>\n<p><\/p>","protected":false},"excerpt":{"rendered":"<p>\u00a0Revista electr\u00f3nica Nature<br \/>\nA death in the lab<br \/>\nAt\u00edculo sobre accidentes en el laboratorio trabajando en solit\u00e1rio<br \/>\nRevista Fundaci\u00f3n Mapfre. Gerencia de los Riesgos y Seguros (3\u00ba cuatrimestre 2011)<br \/>\nRisk management Resilencia, todav\u00eda m\u00e1s y m\u00e1s<br \/>\nresiliencia-en-el-risk-management<br \/>\nPublicaci\u00f3n electr\u00f3nica prevention word<br \/>\nSeguridad de las nanopart\u00edculas en el lugar de trabajo<br \/>\nC\u00f3mo ir al trabajo y no morir en el intento<br \/>\nRevista Seguridad y [&#8230;]<\/p>\n","protected":false},"author":134,"featured_media":0,"parent":2205,"menu_order":84,"comment_status":"closed","ping_status":"closed","template":"","meta":{"_links_to":"","_links_to_target":""},"_links":{"self":[{"href":"https:\/\/prevencion.umh.es\/ca\/wp-json\/wp\/v2\/pages\/2615"}],"collection":[{"href":"https:\/\/prevencion.umh.es\/ca\/wp-json\/wp\/v2\/pages"}],"about":[{"href":"https:\/\/prevencion.umh.es\/ca\/wp-json\/wp\/v2\/types\/page"}],"author":[{"embeddable":true,"href":"https:\/\/prevencion.umh.es\/ca\/wp-json\/wp\/v2\/users\/134"}],"replies":[{"embeddable":true,"href":"https:\/\/prevencion.umh.es\/ca\/wp-json\/wp\/v2\/comments?post=2615"}],"version-history":[{"count":0,"href":"https:\/\/prevencion.umh.es\/ca\/wp-json\/wp\/v2\/pages\/2615\/revisions"}],"up":[{"embeddable":true,"href":"https:\/\/prevencion.umh.es\/ca\/wp-json\/wp\/v2\/pages\/2205"}],"wp:attachment":[{"href":"https:\/\/prevencion.umh.es\/ca\/wp-json\/wp\/v2\/media?parent=2615"}],"curies":[{"name":"wp","href":"https:\/\/api.w.org\/{rel}","templated":true}]}}