{"id":2687,"date":"2012-10-15T13:05:48","date_gmt":"2012-10-15T13:05:48","guid":{"rendered":"http:\/\/prevencion.umh.es\/informacion-en-prl\/prevencion-de-accidentes-de-trafico-mobilidad-segura\/"},"modified":"2022-12-19T17:04:19","modified_gmt":"2022-12-19T16:04:19","slug":"prevencion-de-accidentes-de-trafico-mobilidad-segura","status":"publish","type":"page","link":"https:\/\/prevencion.umh.es\/ca\/informacion-en-prl\/prevencion-de-accidentes-de-trafico-mobilidad-segura\/","title":{"rendered":"<span lang=\"es\">(Espa\u00f1ol) Prevenci\u00f3n de accidentes de tr\u00e1fico. Movilidad Segura.<\/span>"},"content":{"rendered":"<p><\/p>\n<\/p>\n<p><\/p>","protected":false},"excerpt":{"rendered":"","protected":false},"author":134,"featured_media":0,"parent":2204,"menu_order":30,"comment_status":"closed","ping_status":"closed","template":"","meta":{"_links_to":"","_links_to_target":""},"_links":{"self":[{"href":"https:\/\/prevencion.umh.es\/ca\/wp-json\/wp\/v2\/pages\/2687"}],"collection":[{"href":"https:\/\/prevencion.umh.es\/ca\/wp-json\/wp\/v2\/pages"}],"about":[{"href":"https:\/\/prevencion.umh.es\/ca\/wp-json\/wp\/v2\/types\/page"}],"author":[{"embeddable":true,"href":"https:\/\/prevencion.umh.es\/ca\/wp-json\/wp\/v2\/users\/134"}],"replies":[{"embeddable":true,"href":"https:\/\/prevencion.umh.es\/ca\/wp-json\/wp\/v2\/comments?post=2687"}],"version-history":[{"count":0,"href":"https:\/\/prevencion.umh.es\/ca\/wp-json\/wp\/v2\/pages\/2687\/revisions"}],"up":[{"embeddable":true,"href":"https:\/\/prevencion.umh.es\/ca\/wp-json\/wp\/v2\/pages\/2204"}],"wp:attachment":[{"href":"https:\/\/prevencion.umh.es\/ca\/wp-json\/wp\/v2\/media?parent=2687"}],"curies":[{"name":"wp","href":"https:\/\/api.w.org\/{rel}","templated":true}]}}