{"id":2709,"date":"2012-12-18T13:56:43","date_gmt":"2012-12-18T12:56:43","guid":{"rendered":"http:\/\/prevencion.umh.es\/instrucciones\/guia-en-materia-de-seguridad-y-salud-en-la-elaboracion-de-reglamentos-para-centros-docentes\/"},"modified":"2015-11-11T17:13:35","modified_gmt":"2015-11-11T16:13:35","slug":"guia-en-materia-de-seguridad-y-salud-en-la-elaboracion-de-reglamentos-para-centros-docentes","status":"publish","type":"page","link":"https:\/\/prevencion.umh.es\/ca\/instrucciones\/guia-en-materia-de-seguridad-y-salud-en-la-elaboracion-de-reglamentos-para-centros-docentes\/","title":{"rendered":"<span lang=\"es\">(Espa\u00f1ol) IT-10. Gu\u00eda en Materia de Seguridad y Salud en la Elaboraci\u00f3n de Reglamentos para Centros Docentes.<\/span>"},"content":{"rendered":"<p class=\"qtranxs-available-languages-message qtranxs-available-languages-message-ca\">Ho sentim, aquesta entrada es troba disponible \u00fanicament en <a href=\"https:\/\/prevencion.umh.es\/es\/wp-json\/wp\/v2\/pages\/2709\" class=\"qtranxs-available-language-link qtranxs-available-language-link-es\" title=\"Espa\u00f1ol\">Espanyol Europeu<\/a>.<\/p>","protected":false},"excerpt":{"rendered":"<p>Ho sentim, aquesta entrada es troba disponible \u00fanicament en Espanyol Europeu.<\/p>\n","protected":false},"author":134,"featured_media":0,"parent":2107,"menu_order":95,"comment_status":"closed","ping_status":"open","template":"","meta":{"_links_to":"","_links_to_target":""},"_links":{"self":[{"href":"https:\/\/prevencion.umh.es\/ca\/wp-json\/wp\/v2\/pages\/2709"}],"collection":[{"href":"https:\/\/prevencion.umh.es\/ca\/wp-json\/wp\/v2\/pages"}],"about":[{"href":"https:\/\/prevencion.umh.es\/ca\/wp-json\/wp\/v2\/types\/page"}],"author":[{"embeddable":true,"href":"https:\/\/prevencion.umh.es\/ca\/wp-json\/wp\/v2\/users\/134"}],"replies":[{"embeddable":true,"href":"https:\/\/prevencion.umh.es\/ca\/wp-json\/wp\/v2\/comments?post=2709"}],"version-history":[{"count":0,"href":"https:\/\/prevencion.umh.es\/ca\/wp-json\/wp\/v2\/pages\/2709\/revisions"}],"up":[{"embeddable":true,"href":"https:\/\/prevencion.umh.es\/ca\/wp-json\/wp\/v2\/pages\/2107"}],"wp:attachment":[{"href":"https:\/\/prevencion.umh.es\/ca\/wp-json\/wp\/v2\/media?parent=2709"}],"curies":[{"name":"wp","href":"https:\/\/api.w.org\/{rel}","templated":true}]}}