{"id":2797,"date":"2013-05-07T11:01:11","date_gmt":"2013-05-07T09:01:11","guid":{"rendered":"http:\/\/prevencion.umh.es\/procedimientos\/colaboracion-del-sprl-en-la-atencion-a-estudiantes-discapacitados\/"},"modified":"2024-01-16T11:00:31","modified_gmt":"2024-01-16T10:00:31","slug":"colaboracion-del-sprl-en-la-atencion-a-estudiantes-discapacitados","status":"publish","type":"page","link":"https:\/\/prevencion.umh.es\/ca\/procedimientos\/colaboracion-del-sprl-en-la-atencion-a-estudiantes-discapacitados\/","title":{"rendered":"Colaboraci\u00f3n de la SPRL en la atenci\u00f3n al estudiantado con discapacidad"},"content":{"rendered":"<p class=\"qtranxs-available-languages-message qtranxs-available-languages-message-ca\">Ho sentim, aquesta entrada es troba disponible \u00fanicament en <a href=\"https:\/\/prevencion.umh.es\/es\/wp-json\/wp\/v2\/pages\/2797\" class=\"qtranxs-available-language-link qtranxs-available-language-link-es\" title=\"Espa\u00f1ol\">Espanyol Europeu<\/a> i <a href=\"https:\/\/prevencion.umh.es\/en\/wp-json\/wp\/v2\/pages\/2797\" class=\"qtranxs-available-language-link qtranxs-available-language-link-en\" title=\"English\">Angl\u00e8s Americ\u00e0<\/a>.<\/p>","protected":false},"excerpt":{"rendered":"<p>Ho sentim, aquesta entrada es troba disponible \u00fanicament en Espanyol Europeu i Angl\u00e8s Americ\u00e0.<\/p>\n","protected":false},"author":139,"featured_media":0,"parent":2105,"menu_order":90,"comment_status":"closed","ping_status":"open","template":"","meta":{"_links_to":"","_links_to_target":""},"_links":{"self":[{"href":"https:\/\/prevencion.umh.es\/ca\/wp-json\/wp\/v2\/pages\/2797"}],"collection":[{"href":"https:\/\/prevencion.umh.es\/ca\/wp-json\/wp\/v2\/pages"}],"about":[{"href":"https:\/\/prevencion.umh.es\/ca\/wp-json\/wp\/v2\/types\/page"}],"author":[{"embeddable":true,"href":"https:\/\/prevencion.umh.es\/ca\/wp-json\/wp\/v2\/users\/139"}],"replies":[{"embeddable":true,"href":"https:\/\/prevencion.umh.es\/ca\/wp-json\/wp\/v2\/comments?post=2797"}],"version-history":[{"count":0,"href":"https:\/\/prevencion.umh.es\/ca\/wp-json\/wp\/v2\/pages\/2797\/revisions"}],"up":[{"embeddable":true,"href":"https:\/\/prevencion.umh.es\/ca\/wp-json\/wp\/v2\/pages\/2105"}],"wp:attachment":[{"href":"https:\/\/prevencion.umh.es\/ca\/wp-json\/wp\/v2\/media?parent=2797"}],"curies":[{"name":"wp","href":"https:\/\/api.w.org\/{rel}","templated":true}]}}