{"id":3248,"date":"2015-09-07T12:24:19","date_gmt":"2015-09-07T10:24:19","guid":{"rendered":"http:\/\/prevencion.umh.es\/?page_id=3248"},"modified":"2023-12-07T12:30:01","modified_gmt":"2023-12-07T11:30:01","slug":"evacuacion-de-personas-con-discapacidad","status":"publish","type":"page","link":"https:\/\/prevencion.umh.es\/ca\/plan-de-emergencia\/evacuacion-de-personas-con-discapacidad\/","title":{"rendered":"Evacuaci\u00f3 de persones amb diversitat funcional."},"content":{"rendered":"<p>La Secci\u00f3 de Prevenci\u00f3 ha desenvolupat unes recomanacions per l\u2019evacuaci\u00f3 de les persones amb diversitat funcional. Aquesta guia no pret\u00e9n determinar el procediment exacte d\u2019evacuaci\u00f3 per a cada situaci\u00f3. El procediment d\u2019evacuaci\u00f3 pot variar en funci\u00f3 de les necessitats de la persona amb diversitat funcional, la seua ubicaci\u00f3 en l\u2019edifici i les caracter\u00edstiques estructurals del edifici.<\/p>\n<p><img src=\"https:\/\/prevencion.umh.es\/files\/2008\/04\/pdf.gif\" alt=\"pdf.gif\" \/><a href=\"https:\/\/prevencion.umh.es\/files\/2015\/09\/Recomendaciones-de-evacuaci\u00f3n-de-personas-con-diversidad-funcional-VAL.pdf\">Recomanacions d&#8217;evacuaci\u00f3n de persones amb diversitat funcional<\/a><\/p>","protected":false},"excerpt":{"rendered":"<p>La Secci\u00f3 de Prevenci\u00f3 ha desenvolupat unes recomanacions per l\u2019evacuaci\u00f3 de les persones amb diversitat funcional. Aquesta guia no pret\u00e9n determinar el procediment exacte d\u2019evacuaci\u00f3 per a cada situaci\u00f3. El procediment d\u2019evacuaci\u00f3 pot variar en funci\u00f3 de les necessitats de la persona amb diversitat funcional, la seua ubicaci\u00f3 en l\u2019edifici i les caracter\u00edstiques estructurals del [&#8230;]<\/p>\n","protected":false},"author":139,"featured_media":0,"parent":2102,"menu_order":35,"comment_status":"closed","ping_status":"open","template":"","meta":{"_links_to":"","_links_to_target":""},"_links":{"self":[{"href":"https:\/\/prevencion.umh.es\/ca\/wp-json\/wp\/v2\/pages\/3248"}],"collection":[{"href":"https:\/\/prevencion.umh.es\/ca\/wp-json\/wp\/v2\/pages"}],"about":[{"href":"https:\/\/prevencion.umh.es\/ca\/wp-json\/wp\/v2\/types\/page"}],"author":[{"embeddable":true,"href":"https:\/\/prevencion.umh.es\/ca\/wp-json\/wp\/v2\/users\/139"}],"replies":[{"embeddable":true,"href":"https:\/\/prevencion.umh.es\/ca\/wp-json\/wp\/v2\/comments?post=3248"}],"version-history":[{"count":0,"href":"https:\/\/prevencion.umh.es\/ca\/wp-json\/wp\/v2\/pages\/3248\/revisions"}],"up":[{"embeddable":true,"href":"https:\/\/prevencion.umh.es\/ca\/wp-json\/wp\/v2\/pages\/2102"}],"wp:attachment":[{"href":"https:\/\/prevencion.umh.es\/ca\/wp-json\/wp\/v2\/media?parent=3248"}],"curies":[{"name":"wp","href":"https:\/\/api.w.org\/{rel}","templated":true}]}}