{"id":3297,"date":"2015-10-02T13:40:29","date_gmt":"2015-10-02T11:40:29","guid":{"rendered":"http:\/\/prevencion.umh.es\/?page_id=3297"},"modified":"2019-11-08T10:18:03","modified_gmt":"2019-11-08T09:18:03","slug":"it-11-instruccion-sobre-la-substitucion-de-productos-quimicos-peligrosos-en-docencia-e-investigacion-pendiente-de-aprobacion-por-el-comite-de-seguridad-y-salud","status":"publish","type":"page","link":"https:\/\/prevencion.umh.es\/ca\/instrucciones\/it-11-instruccion-sobre-la-substitucion-de-productos-quimicos-peligrosos-en-docencia-e-investigacion-pendiente-de-aprobacion-por-el-comite-de-seguridad-y-salud\/","title":{"rendered":"<span lang=\"es\">(Espa\u00f1ol) IT-11. Instrucci\u00f3n sobre la Substituci\u00f3n de Productos Qu\u00edmicos Peligrosos en Docencia e Investigaci\u00f3n<\/span>"},"content":{"rendered":"<p class=\"qtranxs-available-languages-message qtranxs-available-languages-message-ca\">Ho sentim, aquesta entrada es troba disponible \u00fanicament en <a href=\"https:\/\/prevencion.umh.es\/es\/wp-json\/wp\/v2\/pages\/3297\" class=\"qtranxs-available-language-link qtranxs-available-language-link-es\" title=\"Espa\u00f1ol\">Espanyol Europeu<\/a>.<\/p>","protected":false},"excerpt":{"rendered":"<p>Ho sentim, aquesta entrada es troba disponible \u00fanicament en Espanyol Europeu.<\/p>\n","protected":false},"author":134,"featured_media":0,"parent":2107,"menu_order":100,"comment_status":"closed","ping_status":"open","template":"","meta":{"_links_to":"","_links_to_target":""},"_links":{"self":[{"href":"https:\/\/prevencion.umh.es\/ca\/wp-json\/wp\/v2\/pages\/3297"}],"collection":[{"href":"https:\/\/prevencion.umh.es\/ca\/wp-json\/wp\/v2\/pages"}],"about":[{"href":"https:\/\/prevencion.umh.es\/ca\/wp-json\/wp\/v2\/types\/page"}],"author":[{"embeddable":true,"href":"https:\/\/prevencion.umh.es\/ca\/wp-json\/wp\/v2\/users\/134"}],"replies":[{"embeddable":true,"href":"https:\/\/prevencion.umh.es\/ca\/wp-json\/wp\/v2\/comments?post=3297"}],"version-history":[{"count":0,"href":"https:\/\/prevencion.umh.es\/ca\/wp-json\/wp\/v2\/pages\/3297\/revisions"}],"up":[{"embeddable":true,"href":"https:\/\/prevencion.umh.es\/ca\/wp-json\/wp\/v2\/pages\/2107"}],"wp:attachment":[{"href":"https:\/\/prevencion.umh.es\/ca\/wp-json\/wp\/v2\/media?parent=3297"}],"curies":[{"name":"wp","href":"https:\/\/api.w.org\/{rel}","templated":true}]}}