{"id":3441,"date":"2016-07-15T13:28:35","date_gmt":"2016-07-15T11:28:35","guid":{"rendered":"http:\/\/prevencion.umh.es\/?page_id=3441"},"modified":"2020-12-30T18:58:51","modified_gmt":"2020-12-30T17:58:51","slug":"aplicacion-informatica-para-generacion-de-etiquetas-de-productos-quimicos","status":"publish","type":"page","link":"https:\/\/prevencion.umh.es\/ca\/01-presentacion\/aplicaciones-multimedia-sobre-temas-de-higiene\/aplicacion-informatica-para-generacion-de-etiquetas-de-productos-quimicos\/","title":{"rendered":"<span lang=\"es\">(Espa\u00f1ol) Aplicaci\u00f3n informatica para generaci\u00f3n de etiquetas de productos qu\u00edmicos<\/span>"},"content":{"rendered":"<p class=\"qtranxs-available-languages-message qtranxs-available-languages-message-ca\">Ho sentim, aquesta entrada es troba disponible \u00fanicament en <a href=\"https:\/\/prevencion.umh.es\/es\/wp-json\/wp\/v2\/pages\/3441\" class=\"qtranxs-available-language-link qtranxs-available-language-link-es\" title=\"Espa\u00f1ol\">Espanyol Europeu<\/a>.<\/p>","protected":false},"excerpt":{"rendered":"<p>Ho sentim, aquesta entrada es troba disponible \u00fanicament en Espanyol Europeu.<\/p>\n","protected":false},"author":134,"featured_media":0,"parent":3543,"menu_order":25,"comment_status":"closed","ping_status":"open","template":"","meta":{"_links_to":"","_links_to_target":""},"_links":{"self":[{"href":"https:\/\/prevencion.umh.es\/ca\/wp-json\/wp\/v2\/pages\/3441"}],"collection":[{"href":"https:\/\/prevencion.umh.es\/ca\/wp-json\/wp\/v2\/pages"}],"about":[{"href":"https:\/\/prevencion.umh.es\/ca\/wp-json\/wp\/v2\/types\/page"}],"author":[{"embeddable":true,"href":"https:\/\/prevencion.umh.es\/ca\/wp-json\/wp\/v2\/users\/134"}],"replies":[{"embeddable":true,"href":"https:\/\/prevencion.umh.es\/ca\/wp-json\/wp\/v2\/comments?post=3441"}],"version-history":[{"count":0,"href":"https:\/\/prevencion.umh.es\/ca\/wp-json\/wp\/v2\/pages\/3441\/revisions"}],"up":[{"embeddable":true,"href":"https:\/\/prevencion.umh.es\/ca\/wp-json\/wp\/v2\/pages\/3543"}],"wp:attachment":[{"href":"https:\/\/prevencion.umh.es\/ca\/wp-json\/wp\/v2\/media?parent=3441"}],"curies":[{"name":"wp","href":"https:\/\/api.w.org\/{rel}","templated":true}]}}