{"id":3533,"date":"2016-10-25T14:00:41","date_gmt":"2016-10-25T12:00:41","guid":{"rendered":"http:\/\/prevencion.umh.es\/?page_id=3533"},"modified":"2017-06-08T09:25:26","modified_gmt":"2017-06-08T07:25:26","slug":"a-it-13-instruccion-para-la-redaccion-y-revision-de-los-planes-de-emergencia-de-los-laboratorios-y-talleres","status":"publish","type":"page","link":"https:\/\/prevencion.umh.es\/ca\/instrucciones\/a-it-13-instruccion-para-la-redaccion-y-revision-de-los-planes-de-emergencia-de-los-laboratorios-y-talleres\/","title":{"rendered":"<span lang=\"es\">(Espa\u00f1ol) IT 13. Instrucci\u00f3n para la redacci\u00f3n y revisi\u00f3n de los planes de emergencia de los laboratorios y talleres<\/span>"},"content":{"rendered":"<p class=\"qtranxs-available-languages-message qtranxs-available-languages-message-ca\">Ho sentim, aquesta entrada es troba disponible \u00fanicament en <a href=\"https:\/\/prevencion.umh.es\/es\/wp-json\/wp\/v2\/pages\/3533\" class=\"qtranxs-available-language-link qtranxs-available-language-link-es\" title=\"Espa\u00f1ol\">Espanyol Europeu<\/a>.<\/p>","protected":false},"excerpt":{"rendered":"<p>Ho sentim, aquesta entrada es troba disponible \u00fanicament en Espanyol Europeu.<\/p>\n","protected":false},"author":134,"featured_media":0,"parent":2107,"menu_order":120,"comment_status":"closed","ping_status":"closed","template":"","meta":{"_links_to":"","_links_to_target":""},"_links":{"self":[{"href":"https:\/\/prevencion.umh.es\/ca\/wp-json\/wp\/v2\/pages\/3533"}],"collection":[{"href":"https:\/\/prevencion.umh.es\/ca\/wp-json\/wp\/v2\/pages"}],"about":[{"href":"https:\/\/prevencion.umh.es\/ca\/wp-json\/wp\/v2\/types\/page"}],"author":[{"embeddable":true,"href":"https:\/\/prevencion.umh.es\/ca\/wp-json\/wp\/v2\/users\/134"}],"replies":[{"embeddable":true,"href":"https:\/\/prevencion.umh.es\/ca\/wp-json\/wp\/v2\/comments?post=3533"}],"version-history":[{"count":0,"href":"https:\/\/prevencion.umh.es\/ca\/wp-json\/wp\/v2\/pages\/3533\/revisions"}],"up":[{"embeddable":true,"href":"https:\/\/prevencion.umh.es\/ca\/wp-json\/wp\/v2\/pages\/2107"}],"wp:attachment":[{"href":"https:\/\/prevencion.umh.es\/ca\/wp-json\/wp\/v2\/media?parent=3533"}],"curies":[{"name":"wp","href":"https:\/\/api.w.org\/{rel}","templated":true}]}}